{"id":5,"date":"2018-12-13T09:54:05","date_gmt":"2018-12-13T07:54:05","guid":{"rendered":"https:\/\/blogit.utu.fi\/innokomp\/?page_id=2"},"modified":"2022-02-21T18:11:29","modified_gmt":"2022-02-21T16:11:29","slug":"sample-page","status":"publish","type":"page","link":"https:\/\/blogit.utu.fi\/innokomp\/","title":{"rendered":"Etusivu"},"content":{"rendered":"<h2 style=\"text-align: center\">Yhteiskehittely, digitaalinen mallintaminen ja monimateriaalisuus k\u00e4sity\u00f6nopetuksen uudistajina<\/h2>\n<p>&nbsp;<\/p>\n<p style=\"font-weight: 400;text-align: center\">T\u00e4lle sivustolle on koottu InnoKomp-hankkeen aikana tuotettua materiaalia. Hanke ajoittui vuosille 2017\u20132020 ja on nyt p\u00e4\u00e4ttynyt.\u00a0 Hanke edist\u00e4\u00e4 monimateriaaliseen k\u00e4sity\u00f6h\u00f6n kuuluvaa design- ja teknologia-ajattelua. Hankkeessa kehitet\u00e4\u00e4n my\u00f6s opettajien ammatillisen osaamisen p\u00e4ivitt\u00e4miseen sellaista t\u00e4ydennyskoulutusratkaisua, jossa opettajankouluttajat, opettajaopiskelijat ja kent\u00e4n opettajat kehitt\u00e4v\u00e4t monimateriaalista k\u00e4sity\u00f6nopetusta yhteisopettajuutta hy\u00f6dynt\u00e4en. Hankkeen tavoitteesta voit lukea lis\u00e4\u00e4 t\u00e4\u00e4lt\u00e4:<\/p>\n<p><a href=\"https:\/\/blogit.utu.fi\/innokomp\/sample-page\/tavoitteet\/\"><img loading=\"lazy\" decoding=\"async\" class=\"aligncenter wp-image-788\" src=\"https:\/\/blogit.utu.fi\/innokomp\/wp-content\/uploads\/sites\/263\/2019\/01\/tavoitteet-01-300x85.png\" alt=\"\" width=\"124\" height=\"35\" srcset=\"https:\/\/blogit.utu.fi\/innokomp\/wp-content\/uploads\/sites\/263\/2019\/01\/tavoitteet-01-300x85.png 300w, https:\/\/blogit.utu.fi\/innokomp\/wp-content\/uploads\/sites\/263\/2019\/01\/tavoitteet-01.png 625w\" sizes=\"auto, (max-width: 124px) 100vw, 124px\" \/><\/a><\/p>\n<hr \/>\n<p>&nbsp;<\/p>\n<p style=\"font-weight: 400;text-align: center\">Turun yliopiston opettajankoulutuslaitos koordinoi InnoKomp-hanketta, johon osallistuu partnereina Helsingin yliopiston, It\u00e4-Suomen yliopiston ja \u00c5bo Akademin k\u00e4sity\u00f6nopettakoulutukset. Kaikilla yliopistoilla on hankkeessa omat kumppanuuskoulut.<\/p>\n<p><img loading=\"lazy\" decoding=\"async\" class=\"aligncenter wp-image-779 size-large\" src=\"https:\/\/blogit.utu.fi\/innokomp\/wp-content\/uploads\/sites\/263\/2019\/01\/yliopistojen-tunnukset-01-1024x175.png\" alt=\"\" width=\"1024\" height=\"175\" srcset=\"https:\/\/blogit.utu.fi\/innokomp\/wp-content\/uploads\/sites\/263\/2019\/01\/yliopistojen-tunnukset-01-1024x175.png 1024w, https:\/\/blogit.utu.fi\/innokomp\/wp-content\/uploads\/sites\/263\/2019\/01\/yliopistojen-tunnukset-01-300x51.png 300w, https:\/\/blogit.utu.fi\/innokomp\/wp-content\/uploads\/sites\/263\/2019\/01\/yliopistojen-tunnukset-01-768x131.png 768w\" sizes=\"auto, (max-width: 1024px) 100vw, 1024px\" \/><\/p>\n<p><a href=\"https:\/\/blogit.utu.fi\/innokomp\/sample-page\/yhteystiedot\/\"><img loading=\"lazy\" decoding=\"async\" class=\"aligncenter wp-image-791\" src=\"https:\/\/blogit.utu.fi\/innokomp\/wp-content\/uploads\/sites\/263\/2019\/01\/Yhteystiedot-01-300x69.png\" alt=\"\" width=\"152\" height=\"35\" srcset=\"https:\/\/blogit.utu.fi\/innokomp\/wp-content\/uploads\/sites\/263\/2019\/01\/Yhteystiedot-01-300x69.png 300w, https:\/\/blogit.utu.fi\/innokomp\/wp-content\/uploads\/sites\/263\/2019\/01\/Yhteystiedot-01-768x177.png 768w, https:\/\/blogit.utu.fi\/innokomp\/wp-content\/uploads\/sites\/263\/2019\/01\/Yhteystiedot-01.png 771w\" sizes=\"auto, (max-width: 152px) 100vw, 152px\" \/><\/a><\/p>\n<hr \/>\n<p>&nbsp;<\/p>\n<p style=\"text-align: center\">T\u00e4h\u00e4n hankkeeseen olemme saaneet avustusta Opetus-ja kulttuuriministeri\u00f6lt\u00e4.<br \/>\n<img loading=\"lazy\" decoding=\"async\" class=\"aligncenter wp-image-800 \" src=\"https:\/\/blogit.utu.fi\/innokomp\/wp-content\/uploads\/sites\/263\/2019\/01\/OKM-suomi-01-1024x660.png\" alt=\"\" width=\"484\" height=\"311\" srcset=\"https:\/\/blogit.utu.fi\/innokomp\/wp-content\/uploads\/sites\/263\/2019\/01\/OKM-suomi-01-1024x660.png 1024w, https:\/\/blogit.utu.fi\/innokomp\/wp-content\/uploads\/sites\/263\/2019\/01\/OKM-suomi-01-300x194.png 300w, https:\/\/blogit.utu.fi\/innokomp\/wp-content\/uploads\/sites\/263\/2019\/01\/OKM-suomi-01-768x495.png 768w, https:\/\/blogit.utu.fi\/innokomp\/wp-content\/uploads\/sites\/263\/2019\/01\/OKM-suomi-01.png 1293w\" sizes=\"auto, (max-width: 484px) 100vw, 484px\" \/><\/p>\n","protected":false},"excerpt":{"rendered":"<p>Yhteiskehittely, digitaalinen mallintaminen ja monimateriaalisuus k\u00e4sity\u00f6nopetuksen uudistajina &nbsp; T\u00e4lle sivustolle on koottu InnoKomp-hankkeen aikana tuotettua materiaalia. Hanke ajoittui vuosille 2017\u20132020 ja on nyt p\u00e4\u00e4ttynyt.\u00a0 Hanke edist\u00e4\u00e4 monimateriaaliseen k\u00e4sity\u00f6h\u00f6n kuuluvaa design- ja teknologia-ajattelua. Hankkeessa kehitet\u00e4\u00e4n my\u00f6s opettajien ammatillisen osaamisen p\u00e4ivitt\u00e4miseen sellaista t\u00e4ydennyskoulutusratkaisua, jossa opettajankouluttajat, opettajaopiskelijat ja kent\u00e4n opettajat kehitt\u00e4v\u00e4t monimateriaalista k\u00e4sity\u00f6nopetusta yhteisopettajuutta hy\u00f6dynt\u00e4en. Hankkeen tavoitteesta voit [&hellip;]<\/p>\n","protected":false},"author":11237,"featured_media":0,"parent":0,"menu_order":1,"comment_status":"closed","ping_status":"closed","template":"","meta":{"footnotes":""},"class_list":["post-5","page","type-page","status-publish","czr-hentry"],"_links":{"self":[{"href":"https:\/\/blogit.utu.fi\/innokomp\/wp-json\/wp\/v2\/pages\/5","targetHints":{"allow":["GET"]}}],"collection":[{"href":"https:\/\/blogit.utu.fi\/innokomp\/wp-json\/wp\/v2\/pages"}],"about":[{"href":"https:\/\/blogit.utu.fi\/innokomp\/wp-json\/wp\/v2\/types\/page"}],"author":[{"embeddable":true,"href":"https:\/\/blogit.utu.fi\/innokomp\/wp-json\/wp\/v2\/users\/11237"}],"replies":[{"embeddable":true,"href":"https:\/\/blogit.utu.fi\/innokomp\/wp-json\/wp\/v2\/comments?post=5"}],"version-history":[{"count":10,"href":"https:\/\/blogit.utu.fi\/innokomp\/wp-json\/wp\/v2\/pages\/5\/revisions"}],"predecessor-version":[{"id":3826,"href":"https:\/\/blogit.utu.fi\/innokomp\/wp-json\/wp\/v2\/pages\/5\/revisions\/3826"}],"wp:attachment":[{"href":"https:\/\/blogit.utu.fi\/innokomp\/wp-json\/wp\/v2\/media?parent=5"}],"curies":[{"name":"wp","href":"https:\/\/api.w.org\/{rel}","templated":true}]}}