{"id":530,"date":"2019-01-24T08:27:51","date_gmt":"2019-01-24T06:27:51","guid":{"rendered":"https:\/\/blogit.utu.fi\/innokomp\/?page_id=530"},"modified":"2019-03-06T14:38:48","modified_gmt":"2019-03-06T12:38:48","slug":"malsattningar","status":"publish","type":"page","link":"https:\/\/blogit.utu.fi\/innokomp\/sv\/malsattningar\/","title":{"rendered":"M\u00e5ls\u00e4ttningar"},"content":{"rendered":"<div class=\"utu-title\" style=\"text-align: left\">Sl\u00f6jdundervisningen f\u00f6rnyas<\/div>\n<div><\/div>\n<div><div class=\"ead-preview\"><div class=\"ead-document\" style=\"position: relative;\"><div class=\"ead-iframe-wrapper\"><iframe src=\"\/\/docs.google.com\/viewer?url=https%3A%2F%2Fblogit.utu.fi%2Finnokomp%2Fwp-content%2Fuploads%2Fsites%2F263%2F2019%2F03%2FINNOKOMP-projektpresentation.pdf&amp;embedded=true&amp;hl=en\" title=\"Embedded Document\" class=\"ead-iframe\" style=\"width: 800px;height: 450px;border: none;visibility: hidden;\"><\/iframe><\/div>\t\t\t<div class=\"ead-document-loading\" style=\"width:100%;height:100%;position:absolute;left:0;top:0;z-index:10;\">\n\t\t\t\t<div class=\"ead-loading-wrap\">\n\t\t\t\t\t<div class=\"ead-loading-main\">\n\t\t\t\t\t\t<div class=\"ead-loading\">\n\t\t\t\t\t\t\t<img loading=\"lazy\" decoding=\"async\" src=\"https:\/\/blogit.utu.fi\/innokomp\/wp-content\/plugins\/embed-any-document\/images\/loading.svg\" width=\"55\" height=\"55\" alt=\"Loader\">\n\t\t\t\t\t\t\t<span>Loading...<\/span>\n\t\t\t\t\t\t<\/div>\n\t\t\t\t\t<\/div>\n\t\t\t\t\t<div class=\"ead-loading-foot\">\n\t\t\t\t\t\t<div class=\"ead-loading-foot-title\">\n\t\t\t\t\t\t\t<img loading=\"lazy\" decoding=\"async\" src=\"https:\/\/blogit.utu.fi\/innokomp\/wp-content\/plugins\/embed-any-document\/images\/EAD-logo.svg\" alt=\"EAD Logo\" width=\"36\" height=\"23\"\/>\n\t\t\t\t\t\t\t<span>Taking too long?<\/span>\n\t\t\t\t\t\t<\/div>\n\t\t\t\t\t\t<p>\n\t\t\t\t\t\t\t<div class=\"ead-document-btn ead-reload-btn\" role=\"button\">\n\t\t\t\t\t\t\t\t<img loading=\"lazy\" decoding=\"async\" src=\"https:\/\/blogit.utu.fi\/innokomp\/wp-content\/plugins\/embed-any-document\/images\/reload.svg\" alt=\"Reload\" width=\"12\" height=\"12\"\/> Reload document\t\t\t\t\t\t\t<\/div>\n\t\t\t\t\t\t\t<span>|<\/span>\n\t\t\t\t\t\t\t<a href=\"https:\/\/blogit.utu.fi\/innokomp\/wp-content\/uploads\/sites\/263\/2019\/03\/INNOKOMP-projektpresentation.pdf\" class=\"ead-document-btn\" target=\"_blank\">\n\t\t\t\t\t\t\t\t<img loading=\"lazy\" decoding=\"async\" src=\"https:\/\/blogit.utu.fi\/innokomp\/wp-content\/plugins\/embed-any-document\/images\/open.svg\" alt=\"Open\" width=\"12\" height=\"12\"\/> Open in new tab\t\t\t\t\t\t\t<\/a>\n\t\t\t\t\t<\/div>\n\t\t\t\t<\/div>\n\t\t\t<\/div>\n\t\t<\/div><\/div><\/div>\n<div><\/div>\n<div><\/div>\n<div class=\"utu-title\" style=\"text-align: left\">Projektets m\u00e5l \u00e4r att ge yrkesverksamma l\u00e4rare redskap som kan anv\u00e4ndas d\u00e5 l\u00e4raren vill f\u00f6rnya sin undervisning i sl\u00f6jd. I fokus st\u00e5r den grundl\u00e4ggande utbildningens och l\u00e4rarutbildningens undervisning. Ett av projektets m\u00e5ls\u00e4ttningar \u00e4r att utveckla saml\u00e4rarskap vilket erbjuder sl\u00f6jdundervisningen nya infallsvinklar, professionellt st\u00f6d samt ett vidgat perspektiv och praxis kring elevutv\u00e4rderingen. L\u00e4rmilj\u00f6er, expertn\u00e4tverk och externa akt\u00f6rer anv\u00e4nds som st\u00f6d f\u00f6r l\u00e4rarutbildningen och grundl\u00e4ggande utbildningen i skapandet och utvecklandet av en delandekultur.<\/div>\n<div><\/div>\n<div class=\"utu-title\">F\u00f6r att finna fenomenbaserade och l\u00e4ro\u00e4mnes\u00f6vergripande samverkansmodeller grundar sig projektets verksamhet p\u00e5 pilotisering vid universitetens partnerskolor. L\u00e4rare och elever samt l\u00e4rarutbildare och -studerande skapar tillsammans verksamhetsmodeller som utvecklar elevernas innovationskompetens och f\u00f6rm\u00e5ga att anv\u00e4nda digitala redskap i vardagen genom en m\u00e5ngmateriell och j\u00e4mlikhetsfr\u00e4mjande sl\u00f6jdundersvisning.\u00a0Nya verksmhetsmodeller testas i skolorna under tv\u00e5 utvecklingscykler med start v\u00e5ren 2018.<span style=\"color: black;font-family: 'Arial',sans-serif\"><span style=\"font-size: medium\">\u00a0<\/span><\/span><\/div>\n<div><\/div>\n","protected":false},"excerpt":{"rendered":"<p>Sl\u00f6jdundervisningen f\u00f6rnyas Projektets m\u00e5l \u00e4r att ge yrkesverksamma l\u00e4rare redskap som kan anv\u00e4ndas d\u00e5 l\u00e4raren vill f\u00f6rnya sin undervisning i sl\u00f6jd. I fokus st\u00e5r den grundl\u00e4ggande utbildningens och l\u00e4rarutbildningens undervisning. Ett av projektets m\u00e5ls\u00e4ttningar \u00e4r att utveckla saml\u00e4rarskap vilket erbjuder sl\u00f6jdundervisningen nya infallsvinklar, professionellt st\u00f6d samt ett vidgat perspektiv och praxis kring elevutv\u00e4rderingen. L\u00e4rmilj\u00f6er, expertn\u00e4tverk [&hellip;]<\/p>\n","protected":false},"author":11237,"featured_media":0,"parent":0,"menu_order":2,"comment_status":"closed","ping_status":"closed","template":"","meta":{"footnotes":""},"class_list":["post-530","page","type-page","status-publish","czr-hentry"],"_links":{"self":[{"href":"https:\/\/blogit.utu.fi\/innokomp\/wp-json\/wp\/v2\/pages\/530","targetHints":{"allow":["GET"]}}],"collection":[{"href":"https:\/\/blogit.utu.fi\/innokomp\/wp-json\/wp\/v2\/pages"}],"about":[{"href":"https:\/\/blogit.utu.fi\/innokomp\/wp-json\/wp\/v2\/types\/page"}],"author":[{"embeddable":true,"href":"https:\/\/blogit.utu.fi\/innokomp\/wp-json\/wp\/v2\/users\/11237"}],"replies":[{"embeddable":true,"href":"https:\/\/blogit.utu.fi\/innokomp\/wp-json\/wp\/v2\/comments?post=530"}],"version-history":[{"count":11,"href":"https:\/\/blogit.utu.fi\/innokomp\/wp-json\/wp\/v2\/pages\/530\/revisions"}],"predecessor-version":[{"id":2300,"href":"https:\/\/blogit.utu.fi\/innokomp\/wp-json\/wp\/v2\/pages\/530\/revisions\/2300"}],"wp:attachment":[{"href":"https:\/\/blogit.utu.fi\/innokomp\/wp-json\/wp\/v2\/media?parent=530"}],"curies":[{"name":"wp","href":"https:\/\/api.w.org\/{rel}","templated":true}]}}