{"id":548,"date":"2019-01-24T08:34:18","date_gmt":"2019-01-24T06:34:18","guid":{"rendered":"https:\/\/blogit.utu.fi\/innokomp\/?page_id=548"},"modified":"2019-03-06T14:38:30","modified_gmt":"2019-03-06T12:38:30","slug":"material","status":"publish","type":"page","link":"https:\/\/blogit.utu.fi\/innokomp\/sv\/material\/","title":{"rendered":"Material"},"content":{"rendered":"<h2>Anv\u00e4nd materialet som st\u00f6d i sl\u00f6jdundervisningen och inl\u00e4rningen!<\/h2>\n<p>Projektet Innokomp har som ett av sina m\u00e5ls\u00e4ttningar att samla ihop en materialbank f\u00f6r sl\u00f6jdundervisningen. Materialbanken best\u00e5r av inneh\u00e5ll och l\u00e4nkar som producerats under projektets g\u00e5ng.<\/p>\n<hr \/>\n<p>Temaomr\u00e5den som behandlas \u00e4r:<\/p>\n<p>Saml\u00e4rarskap<br \/>\nM\u00e5ngmaterialitet<br \/>\nSl\u00f6jdprocessen som helhet<br \/>\nInnovationsf\u00f6rm\u00e5ga<br \/>\nFenomenbaserad sl\u00f6jd<br \/>\nsamt en samling av sl\u00f6jdens materialteknologier<\/p>\n<hr \/>\n<p>Materialbanken \u00e4r \u00f6ppen f\u00f6r alla att anv\u00e4nda men f\u00e5r ej anv\u00e4ndas till kommersiellt bruk.<br \/>\nIfall du utnyttjar material f\u00f6r skol- eller klubbverksamhet b\u00f6r upphovsmannens namn komma fram.<\/p>\n","protected":false},"excerpt":{"rendered":"<p>Anv\u00e4nd materialet som st\u00f6d i sl\u00f6jdundervisningen och inl\u00e4rningen! Projektet Innokomp har som ett av sina m\u00e5ls\u00e4ttningar att samla ihop en materialbank f\u00f6r sl\u00f6jdundervisningen. Materialbanken best\u00e5r av inneh\u00e5ll och l\u00e4nkar som producerats under projektets g\u00e5ng. Temaomr\u00e5den som behandlas \u00e4r: Saml\u00e4rarskap M\u00e5ngmaterialitet Sl\u00f6jdprocessen som helhet Innovationsf\u00f6rm\u00e5ga Fenomenbaserad sl\u00f6jd samt en samling av sl\u00f6jdens materialteknologier Materialbanken \u00e4r \u00f6ppen [&hellip;]<\/p>\n","protected":false},"author":11237,"featured_media":0,"parent":0,"menu_order":3,"comment_status":"closed","ping_status":"closed","template":"","meta":{"footnotes":""},"class_list":["post-548","page","type-page","status-publish","czr-hentry"],"_links":{"self":[{"href":"https:\/\/blogit.utu.fi\/innokomp\/wp-json\/wp\/v2\/pages\/548","targetHints":{"allow":["GET"]}}],"collection":[{"href":"https:\/\/blogit.utu.fi\/innokomp\/wp-json\/wp\/v2\/pages"}],"about":[{"href":"https:\/\/blogit.utu.fi\/innokomp\/wp-json\/wp\/v2\/types\/page"}],"author":[{"embeddable":true,"href":"https:\/\/blogit.utu.fi\/innokomp\/wp-json\/wp\/v2\/users\/11237"}],"replies":[{"embeddable":true,"href":"https:\/\/blogit.utu.fi\/innokomp\/wp-json\/wp\/v2\/comments?post=548"}],"version-history":[{"count":6,"href":"https:\/\/blogit.utu.fi\/innokomp\/wp-json\/wp\/v2\/pages\/548\/revisions"}],"predecessor-version":[{"id":2306,"href":"https:\/\/blogit.utu.fi\/innokomp\/wp-json\/wp\/v2\/pages\/548\/revisions\/2306"}],"wp:attachment":[{"href":"https:\/\/blogit.utu.fi\/innokomp\/wp-json\/wp\/v2\/media?parent=548"}],"curies":[{"name":"wp","href":"https:\/\/api.w.org\/{rel}","templated":true}]}}