{"id":65,"date":"2019-01-15T09:53:10","date_gmt":"2019-01-15T07:53:10","guid":{"rendered":"https:\/\/blogit.utu.fi\/innokomp\/?page_id=65"},"modified":"2022-02-21T20:19:09","modified_gmt":"2022-02-21T18:19:09","slug":"kokonainen-kasityo","status":"publish","type":"page","link":"https:\/\/blogit.utu.fi\/innokomp\/materiaalit\/kokonainen-kasityo\/","title":{"rendered":"Kokonainen k\u00e4sity\u00f6"},"content":{"rendered":"<p><span style=\"font-weight: 400\">Kokonaisella k\u00e4sity\u00f6ll\u00e4 tarkoitetaan prosessia, jossa oppilas suorittaa itse tai ryhm\u00e4ss\u00e4 kaikki prosessin nelj\u00e4 vaihetta: ideoinnin, suunnittelun, valmistamisen sek\u00e4 arvioinnin. Kokonainen k\u00e4sity\u00f6prosessi on syklinen prosessi, jossa voidaan palata tarvittaessa my\u00f6s prosessin aiempiin vaiheisiin. Jos jokin n\u00e4ist\u00e4 nelj\u00e4st\u00e4 vaiheesta j\u00e4\u00e4 puuttumaan, kyseess\u00e4 on ositettu k\u00e4sity\u00f6. <\/span><\/p>\n<p><span style=\"font-weight: 400\">K\u00e4sity\u00f6prosessin hallinta l\u00e4htee liikkeelle ideasta tai ongelmasta, johon oppilas etsii ratkaisun itse. Ideoinnin l\u00e4hteen\u00e4 voivat toimia esimerkiksi tarinat, kokemukset, rakennettu tai luonnonymp\u00e4rist\u00f6. Suunnitteluvaiheessa idea tehd\u00e4\u00e4n n\u00e4kyv\u00e4ksi suunnitelmassa, jossa kuvataan tuotteen toiminnallisia ja esteettisi\u00e4 ominaisuuksia. Valmistusvaiheessa suunnitelman pohjalta l\u00e4hdet\u00e4\u00e4n valmistamaan k\u00e4sity\u00f6tuotetta. T\u00e4ss\u00e4 vaiheessa tekij\u00e4 k\u00e4ytt\u00e4\u00e4 hyv\u00e4kseen aiemmin hankkimiaan ja harjaannuttamiaan taitojaan ja tietojaan. H\u00e4n tarkentaa tekem\u00e4\u00e4ns\u00e4 teknist\u00e4 ja visuaalista suunnitelmaa k\u00e4sity\u00f6teknologioiden m\u00e4\u00e4ritelless\u00e4 tuotteen ominaisuuksia. H\u00e4n tekee valmistuksen aikana p\u00e4\u00e4t\u00f6ksi\u00e4 sek\u00e4 reflektoi niit\u00e4 eri vaiheissa.<\/span> <span style=\"font-weight: 400\">\u00a0Arviointivaiheessa tekij\u00e4 tarkastelee l\u00e4pik\u00e4yty\u00e4 prosessia ja tekemi\u00e4\u00e4n valintoja esimerkiksi k\u00e4ytett\u00e4vyyden, toimivuuden, teknisen toteutuksen, esteettisyyden ja taloudellisuuden n\u00e4k\u00f6kulmista. H\u00e4n reflektoi l\u00e4pik\u00e4ym\u00e4\u00e4ns\u00e4 prosessia. Dokumentointi on osa jokaista kokonaisen k\u00e4sity\u00f6prosessin vaihetta. Siin\u00e4 oppimisprosessi ja tuotteen valmistuksen vaiheet tehd\u00e4\u00e4n n\u00e4kyv\u00e4ksi. Dokumentointi helpottaa my\u00f6s arviointien tekemist\u00e4, sill\u00e4 t\u00e4ll\u00f6in arvioinnin voi perustaa aineistoon, jota on ker\u00e4tty koko prosessin ajan. <\/span><\/p>\n<hr \/>\n<p><img loading=\"lazy\" decoding=\"async\" class=\"aligncenter wp-image-2504 size-full\" src=\"https:\/\/blogit.utu.fi\/innokomp\/wp-content\/uploads\/sites\/263\/2019\/04\/kokonainen-k\u00e4sity\u00f6.png\" alt=\"\" width=\"2384\" height=\"1684\" srcset=\"https:\/\/blogit.utu.fi\/innokomp\/wp-content\/uploads\/sites\/263\/2019\/04\/kokonainen-k\u00e4sity\u00f6.png 2384w, https:\/\/blogit.utu.fi\/innokomp\/wp-content\/uploads\/sites\/263\/2019\/04\/kokonainen-k\u00e4sity\u00f6-300x212.png 300w, https:\/\/blogit.utu.fi\/innokomp\/wp-content\/uploads\/sites\/263\/2019\/04\/kokonainen-k\u00e4sity\u00f6-768x542.png 768w, https:\/\/blogit.utu.fi\/innokomp\/wp-content\/uploads\/sites\/263\/2019\/04\/kokonainen-k\u00e4sity\u00f6-1024x723.png 1024w\" sizes=\"auto, (max-width: 2384px) 100vw, 2384px\" \/><\/p>\n<p>T\u00e4m\u00e4n julisteen voi laittaa vaikka luokan sein\u00e4lle. Lataa se t\u00e4st\u00e4:\u00a0<a href=\"https:\/\/blogit.utu.fi\/innokomp\/wp-content\/uploads\/sites\/263\/2019\/04\/kokonainen-k\u00e4sity\u00f6.pdf\">kokonainen-k\u00e4sity\u00f6<\/a><\/p>\n<hr \/>\n<p>Kurssilla\u00a0Innovatiivinen tuottamisprosessi k\u00e4sity\u00f6n oppimisessa pohdittiin onnistuneen k\u00e4sity\u00f6prosessin vaatimuksia. Juliste on kahden opiskelijan (Peltomaa &amp; Turkki) n\u00e4kemys onnistuneen k\u00e4sity\u00f6prosessin kulusta. P\u00e4\u00e4set tarkastelemaan julistetta paremmin lataamalla sen t\u00e4st\u00e4:\u00a0<a href=\"https:\/\/blogit.utu.fi\/innokomp\/wp-content\/uploads\/sites\/263\/2019\/09\/onnistunut_prosessi.pdf\">onnistunut_prosessi<\/a><\/p>\n<p><img loading=\"lazy\" decoding=\"async\" class=\"aligncenter wp-image-3113 size-large\" src=\"https:\/\/blogit.utu.fi\/innokomp\/wp-content\/uploads\/sites\/263\/2019\/09\/onnistunutprosessi-01-723x1024.png\" alt=\"\" width=\"723\" height=\"1024\" srcset=\"https:\/\/blogit.utu.fi\/innokomp\/wp-content\/uploads\/sites\/263\/2019\/09\/onnistunutprosessi-01-723x1024.png 723w, https:\/\/blogit.utu.fi\/innokomp\/wp-content\/uploads\/sites\/263\/2019\/09\/onnistunutprosessi-01-212x300.png 212w, https:\/\/blogit.utu.fi\/innokomp\/wp-content\/uploads\/sites\/263\/2019\/09\/onnistunutprosessi-01-768x1087.png 768w\" sizes=\"auto, (max-width: 723px) 100vw, 723px\" \/><\/p>\n<hr \/>\n<p>Olennaisena osana kokonaiseen k\u00e4sity\u00f6prosessiin kuuluu arviointi. Innokomp -hankkeessa on tehty juliste ja t\u00e4ydennett\u00e4v\u00e4 vihko oppilaille k\u00e4sity\u00f6prosessin itsearvioinnin tueksi.<\/p>\n<p><img loading=\"lazy\" decoding=\"async\" class=\"aligncenter wp-image-3119 size-large\" src=\"https:\/\/blogit.utu.fi\/innokomp\/wp-content\/uploads\/sites\/263\/2019\/09\/Oppilaan-itsearviointi-k\u00e4sity\u00f6prosessissa_juliste_jakoon-724x1024.png\" alt=\"\" width=\"724\" height=\"1024\" srcset=\"https:\/\/blogit.utu.fi\/innokomp\/wp-content\/uploads\/sites\/263\/2019\/09\/Oppilaan-itsearviointi-k\u00e4sity\u00f6prosessissa_juliste_jakoon-724x1024.png 724w, https:\/\/blogit.utu.fi\/innokomp\/wp-content\/uploads\/sites\/263\/2019\/09\/Oppilaan-itsearviointi-k\u00e4sity\u00f6prosessissa_juliste_jakoon-212x300.png 212w, https:\/\/blogit.utu.fi\/innokomp\/wp-content\/uploads\/sites\/263\/2019\/09\/Oppilaan-itsearviointi-k\u00e4sity\u00f6prosessissa_juliste_jakoon-768x1086.png 768w\" sizes=\"auto, (max-width: 724px) 100vw, 724px\" \/><\/p>\n<p>Voit ladata julisteen t\u00e4st\u00e4:\u00a0<a href=\"https:\/\/blogit.utu.fi\/innokomp\/wp-content\/uploads\/sites\/263\/2019\/09\/Oppilaan-itsearviointi-k\u00e4sity\u00f6prosessissa_juliste_jakoon.pdf\">Oppilaan itsearviointi k\u00e4sity\u00f6prosessissa_juliste<\/a><\/p>\n<p>Arviointivihon lataaminen:\u00a0<a href=\"https:\/\/blogit.utu.fi\/innokomp\/wp-content\/uploads\/sites\/263\/2019\/09\/Oppilaan-itsearviointi-k\u00e4sity\u00f6prosessissa_jakoon-1.docx\">Oppilaan itsearviointi k\u00e4sity\u00f6prosessissa_vihko<\/a><\/p>\n<p>&nbsp;<\/p>\n<hr \/>\n<h2>Artikkelit<\/h2>\n<blockquote class=\"wp-embedded-content\" data-secret=\"1H0C0Nwkix\"><p><a href=\"https:\/\/blogit.utu.fi\/innokomp\/artikkeli-dokumentation-i-slojdpraktiker\/\">Artikkeli: Dokumentation i sl\u00f6jdpraktiker: Redskap f\u00f6r att f\u00e5nga sl\u00f6jdprocessen och synligg\u00f6ra l\u00e4randet<\/a><\/p><\/blockquote>\n<p><iframe loading=\"lazy\" class=\"wp-embedded-content\" sandbox=\"allow-scripts\" security=\"restricted\" style=\"position: absolute; clip: rect(1px, 1px, 1px, 1px);\" title=\"&#8220;Artikkeli: Dokumentation i sl\u00f6jdpraktiker: Redskap f\u00f6r att f\u00e5nga sl\u00f6jdprocessen och synligg\u00f6ra l\u00e4randet&#8221; &#8212; INNOKOMP\" src=\"https:\/\/blogit.utu.fi\/innokomp\/artikkeli-dokumentation-i-slojdpraktiker\/embed\/#?secret=1H0C0Nwkix\" data-secret=\"1H0C0Nwkix\" width=\"600\" height=\"338\" frameborder=\"0\" marginwidth=\"0\" marginheight=\"0\" scrolling=\"no\"><\/iframe><\/p>\n","protected":false},"excerpt":{"rendered":"<p>Kokonaisella k\u00e4sity\u00f6ll\u00e4 tarkoitetaan prosessia, jossa oppilas suorittaa itse tai ryhm\u00e4ss\u00e4 kaikki prosessin nelj\u00e4 vaihetta: ideoinnin, suunnittelun, valmistamisen sek\u00e4 arvioinnin. Kokonainen k\u00e4sity\u00f6prosessi on syklinen prosessi, jossa voidaan palata tarvittaessa my\u00f6s prosessin aiempiin vaiheisiin. Jos jokin n\u00e4ist\u00e4 nelj\u00e4st\u00e4 vaiheesta j\u00e4\u00e4 puuttumaan, kyseess\u00e4 on ositettu k\u00e4sity\u00f6. K\u00e4sity\u00f6prosessin hallinta l\u00e4htee liikkeelle ideasta tai ongelmasta, johon oppilas etsii ratkaisun itse. [&hellip;]<\/p>\n","protected":false},"author":11237,"featured_media":0,"parent":41,"menu_order":5,"comment_status":"closed","ping_status":"closed","template":"","meta":{"footnotes":""},"class_list":["post-65","page","type-page","status-publish","czr-hentry"],"_links":{"self":[{"href":"https:\/\/blogit.utu.fi\/innokomp\/wp-json\/wp\/v2\/pages\/65","targetHints":{"allow":["GET"]}}],"collection":[{"href":"https:\/\/blogit.utu.fi\/innokomp\/wp-json\/wp\/v2\/pages"}],"about":[{"href":"https:\/\/blogit.utu.fi\/innokomp\/wp-json\/wp\/v2\/types\/page"}],"author":[{"embeddable":true,"href":"https:\/\/blogit.utu.fi\/innokomp\/wp-json\/wp\/v2\/users\/11237"}],"replies":[{"embeddable":true,"href":"https:\/\/blogit.utu.fi\/innokomp\/wp-json\/wp\/v2\/comments?post=65"}],"version-history":[{"count":15,"href":"https:\/\/blogit.utu.fi\/innokomp\/wp-json\/wp\/v2\/pages\/65\/revisions"}],"predecessor-version":[{"id":3894,"href":"https:\/\/blogit.utu.fi\/innokomp\/wp-json\/wp\/v2\/pages\/65\/revisions\/3894"}],"up":[{"embeddable":true,"href":"https:\/\/blogit.utu.fi\/innokomp\/wp-json\/wp\/v2\/pages\/41"}],"wp:attachment":[{"href":"https:\/\/blogit.utu.fi\/innokomp\/wp-json\/wp\/v2\/media?parent=65"}],"curies":[{"name":"wp","href":"https:\/\/api.w.org\/{rel}","templated":true}]}}