{"id":71,"date":"2019-01-15T09:53:24","date_gmt":"2019-01-15T07:53:24","guid":{"rendered":"https:\/\/blogit.utu.fi\/innokomp\/?page_id=71"},"modified":"2020-01-27T16:14:27","modified_gmt":"2020-01-27T14:14:27","slug":"innovointi","status":"publish","type":"page","link":"https:\/\/blogit.utu.fi\/innokomp\/materiaalit\/innovointi\/","title":{"rendered":"Innovointi"},"content":{"rendered":"<p><span style=\"font-weight: 400\">Innovointi on kyky synnytt\u00e4\u00e4 uusia tapoja totuttujen asioiden ja ilmi\u00f6iden tutkimiseen. Innovointitoiminnan tavoitteena on edist\u00e4\u00e4 ideoiden syntymist\u00e4 ja kehitt\u00e4mist\u00e4 k\u00e4yt\u00e4nn\u00f6ss\u00e4 testattaviksi tuotteiksi tai palveluksi. K\u00e4sity\u00f6ss\u00e4 se on toimintaa, jossa teht\u00e4v\u00e4nannon pohjalta l\u00e4hdet\u00e4\u00e4n pohtimaan luovasti ja etsim\u00e4\u00e4n kekseli\u00e4\u00e4sti ratkaisuja erilaisiin tuotesuunnitteluteht\u00e4viin.<\/span><\/p>\n<hr \/>\n<h3>Miten suunnitella innostavia ilmi\u00f6pohjaisia kouluprojekteja?<br \/>\nMiten yhdist\u00e4\u00e4 digitaalista ja perinteist\u00e4 teknologiaa yhteis\u00f6llisen keksimisen pedagogiikkaan?<\/h3>\n<p><a href=\"https:\/\/luovuusjainnovatiivisuus.wordpress.com\/2018\/11\/05\/kohti-keksimisen-pedagogiikkaa\/\">Kohti keksimisen pedagogiikkaa<\/a><\/p>\n<p><a href=\"https:\/\/luovuusjainnovatiivisuus.wordpress.com\/2018\/11\/29\/kohti-keksimisen-pedagogiikkaa-osa-2\/\">Kohti keksimisen pedagogiikkaa osa&nbsp;2<\/a><\/p>\n<hr \/>\n<h2>Innovaatioprosessi<\/h2>\n<p>Innokas! -hankkeen video innovaatioprosessin toteuttamisesta monialaisissa oppimiskokonaisuuksissa.<\/p>\n<figure class=\"wp-block-embed wp-block-embed-youtube is-type-video is-provider-youtube epyt-figure\"><div class=\"wp-block-embed__wrapper\"><div class=\"epyt-video-wrapper\"><iframe loading=\"lazy\"  style=\"display: block; margin: 0px auto;\"  id=\"_ytid_76938\"  width=\"524\" height=\"363\"  data-origwidth=\"524\" data-origheight=\"363\" src=\"https:\/\/www.youtube.com\/embed\/og78P6MxXdk?enablejsapi=1&autoplay=0&cc_load_policy=0&cc_lang_pref=&iv_load_policy=1&loop=0&rel=0&fs=1&playsinline=0&autohide=2&theme=dark&color=red&controls=1&disablekb=0&\" class=\"__youtube_prefs__  no-lazyload\" title=\"YouTube player\"  allow=\"fullscreen; accelerometer; autoplay; clipboard-write; encrypted-media; gyroscope; picture-in-picture; web-share\" referrerpolicy=\"strict-origin-when-cross-origin\" allowfullscreen data-no-lazy=\"1\" data-skipgform_ajax_framebjll=\"\"><\/iframe><\/div><\/div><\/figure>\n<hr \/>\n<h2>hackathon<\/h2>\n<div class=\"ead-preview\"><div class=\"ead-document\" style=\"position: relative;\"><div class=\"ead-iframe-wrapper\"><iframe src=\"\/\/docs.google.com\/viewer?url=https%3A%2F%2Fblogit.utu.fi%2Finnokomp%2Fwp-content%2Fuploads%2Fsites%2F263%2F2019%2F04%2FHackathon-opetuksessa-1.pdf&amp;embedded=true&amp;hl=en\" title=\"Embedded Document\" class=\"ead-iframe\" style=\"width: 800px;height: 450px;border: none;visibility: hidden;\"><\/iframe><\/div>\t\t\t<div class=\"ead-document-loading\" style=\"width:100%;height:100%;position:absolute;left:0;top:0;z-index:10;\">\n\t\t\t\t<div class=\"ead-loading-wrap\">\n\t\t\t\t\t<div class=\"ead-loading-main\">\n\t\t\t\t\t\t<div class=\"ead-loading\">\n\t\t\t\t\t\t\t<img loading=\"lazy\" decoding=\"async\" src=\"https:\/\/blogit.utu.fi\/innokomp\/wp-content\/plugins\/embed-any-document\/images\/loading.svg\" width=\"55\" height=\"55\" alt=\"Loader\">\n\t\t\t\t\t\t\t<span>Loading...<\/span>\n\t\t\t\t\t\t<\/div>\n\t\t\t\t\t<\/div>\n\t\t\t\t\t<div class=\"ead-loading-foot\">\n\t\t\t\t\t\t<div class=\"ead-loading-foot-title\">\n\t\t\t\t\t\t\t<img loading=\"lazy\" decoding=\"async\" src=\"https:\/\/blogit.utu.fi\/innokomp\/wp-content\/plugins\/embed-any-document\/images\/EAD-logo.svg\" alt=\"EAD Logo\" width=\"36\" height=\"23\"\/>\n\t\t\t\t\t\t\t<span>Taking too long?<\/span>\n\t\t\t\t\t\t<\/div>\n\t\t\t\t\t\t<p>\n\t\t\t\t\t\t\t<div class=\"ead-document-btn ead-reload-btn\" role=\"button\">\n\t\t\t\t\t\t\t\t<img loading=\"lazy\" decoding=\"async\" src=\"https:\/\/blogit.utu.fi\/innokomp\/wp-content\/plugins\/embed-any-document\/images\/reload.svg\" alt=\"Reload\" width=\"12\" height=\"12\"\/> Reload document\t\t\t\t\t\t\t<\/div>\n\t\t\t\t\t\t\t<span>|<\/span>\n\t\t\t\t\t\t\t<a href=\"https:\/\/blogit.utu.fi\/innokomp\/wp-content\/uploads\/sites\/263\/2019\/04\/Hackathon-opetuksessa-1.pdf\" class=\"ead-document-btn\" target=\"_blank\">\n\t\t\t\t\t\t\t\t<img loading=\"lazy\" decoding=\"async\" src=\"https:\/\/blogit.utu.fi\/innokomp\/wp-content\/plugins\/embed-any-document\/images\/open.svg\" alt=\"Open\" width=\"12\" height=\"12\"\/> Open in new tab\t\t\t\t\t\t\t<\/a>\n\t\t\t\t\t<\/div>\n\t\t\t\t<\/div>\n\t\t\t<\/div>\n\t\t<\/div><p class=\"embed_download\"><a href=\"https:\/\/blogit.utu.fi\/innokomp\/wp-content\/uploads\/sites\/263\/2019\/04\/Hackathon-opetuksessa-1.pdf\" download>Lataa pdf [2.13 MB] <\/a><\/p><\/div>\n<p>&nbsp;<\/p>\n<div class=\"ead-preview\"><div class=\"ead-document\" style=\"position: relative;\"><div class=\"ead-iframe-wrapper\"><iframe src=\"\/\/docs.google.com\/viewer?url=https%3A%2F%2Fblogit.utu.fi%2Finnokomp%2Fwp-content%2Fuploads%2Fsites%2F263%2F2019%2F04%2FMCH-ideat.pdf&amp;embedded=true&amp;hl=en\" title=\"Embedded Document\" class=\"ead-iframe\" style=\"width: 800px;height: 450px;border: none;visibility: hidden;\"><\/iframe><\/div>\t\t\t<div class=\"ead-document-loading\" style=\"width:100%;height:100%;position:absolute;left:0;top:0;z-index:10;\">\n\t\t\t\t<div class=\"ead-loading-wrap\">\n\t\t\t\t\t<div class=\"ead-loading-main\">\n\t\t\t\t\t\t<div class=\"ead-loading\">\n\t\t\t\t\t\t\t<img loading=\"lazy\" decoding=\"async\" src=\"https:\/\/blogit.utu.fi\/innokomp\/wp-content\/plugins\/embed-any-document\/images\/loading.svg\" width=\"55\" height=\"55\" alt=\"Loader\">\n\t\t\t\t\t\t\t<span>Loading...<\/span>\n\t\t\t\t\t\t<\/div>\n\t\t\t\t\t<\/div>\n\t\t\t\t\t<div class=\"ead-loading-foot\">\n\t\t\t\t\t\t<div class=\"ead-loading-foot-title\">\n\t\t\t\t\t\t\t<img loading=\"lazy\" decoding=\"async\" src=\"https:\/\/blogit.utu.fi\/innokomp\/wp-content\/plugins\/embed-any-document\/images\/EAD-logo.svg\" alt=\"EAD Logo\" width=\"36\" height=\"23\"\/>\n\t\t\t\t\t\t\t<span>Taking too long?<\/span>\n\t\t\t\t\t\t<\/div>\n\t\t\t\t\t\t<p>\n\t\t\t\t\t\t\t<div class=\"ead-document-btn ead-reload-btn\" role=\"button\">\n\t\t\t\t\t\t\t\t<img loading=\"lazy\" decoding=\"async\" src=\"https:\/\/blogit.utu.fi\/innokomp\/wp-content\/plugins\/embed-any-document\/images\/reload.svg\" alt=\"Reload\" width=\"12\" height=\"12\"\/> Reload document\t\t\t\t\t\t\t<\/div>\n\t\t\t\t\t\t\t<span>|<\/span>\n\t\t\t\t\t\t\t<a href=\"https:\/\/blogit.utu.fi\/innokomp\/wp-content\/uploads\/sites\/263\/2019\/04\/MCH-ideat.pdf\" class=\"ead-document-btn\" target=\"_blank\">\n\t\t\t\t\t\t\t\t<img loading=\"lazy\" decoding=\"async\" src=\"https:\/\/blogit.utu.fi\/innokomp\/wp-content\/plugins\/embed-any-document\/images\/open.svg\" alt=\"Open\" width=\"12\" height=\"12\"\/> Open in new tab\t\t\t\t\t\t\t<\/a>\n\t\t\t\t\t<\/div>\n\t\t\t\t<\/div>\n\t\t\t<\/div>\n\t\t<\/div><p class=\"embed_download\"><a href=\"https:\/\/blogit.utu.fi\/innokomp\/wp-content\/uploads\/sites\/263\/2019\/04\/MCH-ideat.pdf\" download>Lataa pdf [1.05 MB] <\/a><\/p><\/div>\n<p>&nbsp;<\/p>\n<h2>Pro gradu: Tavoiteorientaatiot<\/h2>\n<blockquote class=\"wp-embedded-content\" data-secret=\"RjLcLiSSyd\"><p><a href=\"https:\/\/blogit.utu.fi\/innokomp\/pro-gradu-tavoiteorientaatiot\/\">Pro gradu: Tavoiteorientaatiot<\/a><\/p><\/blockquote>\n<p><iframe loading=\"lazy\" title=\"&#8220;Pro gradu: Tavoiteorientaatiot&#8221; &#8212; INNOKOMP\" class=\"wp-embedded-content\" sandbox=\"allow-scripts\" security=\"restricted\" style=\"position: absolute; clip: rect(1px, 1px, 1px, 1px);\" src=\"https:\/\/blogit.utu.fi\/innokomp\/pro-gradu-tavoiteorientaatiot\/embed\/#?secret=RjLcLiSSyd\" data-secret=\"RjLcLiSSyd\" width=\"600\" height=\"338\" frameborder=\"0\" marginwidth=\"0\" marginheight=\"0\" scrolling=\"no\"><\/iframe><\/p>\n<p>Kuusisto, S. Lundberg, A. (2019). Tavoiteorientaatiot ja niiden muutos k\u00e4sity\u00f6llisen innovaatioprosessin aikana. K\u00e4sity\u00f6kasvatuksen pro gradu -tutkielma. Turun yliopisto. Kasvatustieteiden tiedekunta, opettajankoulutuslaitos, Rauman kampus.<\/p>\n","protected":false},"excerpt":{"rendered":"<p>Innovointi on kyky synnytt\u00e4\u00e4 uusia tapoja totuttujen asioiden ja ilmi\u00f6iden tutkimiseen. Innovointitoiminnan tavoitteena on edist\u00e4\u00e4 ideoiden syntymist\u00e4 ja kehitt\u00e4mist\u00e4 k\u00e4yt\u00e4nn\u00f6ss\u00e4 testattaviksi tuotteiksi tai palveluksi. K\u00e4sity\u00f6ss\u00e4 se on toimintaa, jossa teht\u00e4v\u00e4nannon pohjalta l\u00e4hdet\u00e4\u00e4n pohtimaan luovasti ja etsim\u00e4\u00e4n kekseli\u00e4\u00e4sti ratkaisuja erilaisiin tuotesuunnitteluteht\u00e4viin. Miten suunnitella innostavia ilmi\u00f6pohjaisia kouluprojekteja? Miten yhdist\u00e4\u00e4 digitaalista ja perinteist\u00e4 teknologiaa yhteis\u00f6llisen keksimisen pedagogiikkaan? Kohti [&hellip;]<\/p>\n","protected":false},"author":11237,"featured_media":0,"parent":41,"menu_order":1,"comment_status":"closed","ping_status":"closed","template":"","meta":{"footnotes":""},"class_list":["post-71","page","type-page","status-publish","czr-hentry"],"_links":{"self":[{"href":"https:\/\/blogit.utu.fi\/innokomp\/wp-json\/wp\/v2\/pages\/71","targetHints":{"allow":["GET"]}}],"collection":[{"href":"https:\/\/blogit.utu.fi\/innokomp\/wp-json\/wp\/v2\/pages"}],"about":[{"href":"https:\/\/blogit.utu.fi\/innokomp\/wp-json\/wp\/v2\/types\/page"}],"author":[{"embeddable":true,"href":"https:\/\/blogit.utu.fi\/innokomp\/wp-json\/wp\/v2\/users\/11237"}],"replies":[{"embeddable":true,"href":"https:\/\/blogit.utu.fi\/innokomp\/wp-json\/wp\/v2\/comments?post=71"}],"version-history":[{"count":17,"href":"https:\/\/blogit.utu.fi\/innokomp\/wp-json\/wp\/v2\/pages\/71\/revisions"}],"predecessor-version":[{"id":3558,"href":"https:\/\/blogit.utu.fi\/innokomp\/wp-json\/wp\/v2\/pages\/71\/revisions\/3558"}],"up":[{"embeddable":true,"href":"https:\/\/blogit.utu.fi\/innokomp\/wp-json\/wp\/v2\/pages\/41"}],"wp:attachment":[{"href":"https:\/\/blogit.utu.fi\/innokomp\/wp-json\/wp\/v2\/media?parent=71"}],"curies":[{"name":"wp","href":"https:\/\/api.w.org\/{rel}","templated":true}]}}