{"id":1122,"date":"2019-11-23T12:09:03","date_gmt":"2019-11-23T12:09:03","guid":{"rendered":"https:\/\/blogit.utu.fi\/innoplay\/?page_id=1122"},"modified":"2022-05-14T16:20:44","modified_gmt":"2022-05-14T16:20:44","slug":"contact","status":"publish","type":"page","link":"https:\/\/blogit.utu.fi\/innoplay\/en\/contact\/","title":{"rendered":"Contact"},"content":{"rendered":"<p><strong><a href=\"https:\/\/www.utu.fi\/en\">University of Turku<\/a><\/strong> (<a href=\"https:\/\/www.kasityokasvatus.utu.fi\/en\/\">Craft, Design and Technology (CDT) Teacher Education<\/a>)<\/p>\n<p>Dr. Eila Lindfors, project director, eila.lindfors(at)utu.fi<\/p>\n<p>Saija Tanhuanp\u00e4\u00e4, project manager<\/p>\n<p>Dr. Marja-Leena R\u00f6nkk\u00f6, project assessor<\/p>\n<p>Jyri Lehtonen, p<span lang=\"en\">roject researcher<\/span><\/p>\n<p>Juha Raitinp\u00e4\u00e4, p<span lang=\"en\">roject researcher<\/span><\/p>\n<p>Riina Turkki, project assistant<\/p>\n<p>Leena Kiviranta, p<span lang=\"en\">roject researcher<\/span><\/p>\n<p>Anna Lundberg, p<span lang=\"en\">roject researcher<\/span><\/p>\n<p>Satu Gr\u00f6nman, project specialist<\/p>\n<p>Jesse Jeskanen, project assistant<\/p>\n<p>Arttu Korkeaniemi, research assistant<\/p>\n<p>Sara Wendelius, p<span lang=\"en\">roject researcher<\/span><\/p>\n<p>&nbsp;<\/p>\n<p><strong><a href=\"https:\/\/www.helsinki.fi\/en\">University of Helsinki<\/a> <\/strong>(<a href=\"https:\/\/researchportal.helsinki.fi\/en\/projects\/innoplay-craft-design-and-technology-steam-in-early-childhood-edu\">IP-project page<\/a>, <a href=\"https:\/\/growingmind.fi\/\">Growing Mind<\/a>, <a href=\"https:\/\/www.innokas.fi\/en\/\" target=\"_blank\" rel=\"noopener noreferrer\">Innokas Network<\/a>, <a href=\"https:\/\/www2.helsinki.fi\/en\/networks\/pollo-akatemia\">P\u00f6ll\u00e4 Academy<\/a>)<\/p>\n<p>Dr. Pirita Seitamaa-Hakkarainen, project director<\/p>\n<p>Dr. Kaiju Kangas, project director<\/p>\n<p>Asta Ansolahti, project planner<\/p>\n<p>Dr. Kati Sormunen, postdoctoral researcher<\/p>\n<p>Sini Riikonen, doctoral student<\/p>\n<p>Mariam Aljabay, doctoral student<\/p>\n<p>Iina P\u00e4rssinen, research assistant<\/p>\n<p>Niina Niinim\u00e4ki, research assistant<\/p>\n<p>&nbsp;<\/p>\n<p><strong><a href=\"https:\/\/www.tuni.fi\/en\">University of Tampere<\/a> <\/strong>(<a href=\"https:\/\/projects.tuni.fi\/innoplay\/\">IP-project page<\/a>, <a href=\"https:\/\/sites.tuni.fi\/juniversity\/english\/\">Juniversity<\/a>, <a href=\"https:\/\/sites.tuni.fi\/vakakumppanuus\/in-english\/\">The Early Childhood Education and Care (ECEC) Network<\/a>)<\/p>\n<p>Dr. Kirsti Karila, project director<\/p>\n<p>Dr. Tuulikki Ukkonen-Mikkola, project director<\/p>\n<p>Miia Collanus, university teacher<\/p>\n<p>Kari Kouhia, university teacher<\/p>\n<p>Jan Varpanen, p<span lang=\"en\">roject researcher<\/span><\/p>\n<p>Sini Leikkola, project researcher<\/p>\n<p>&nbsp;<\/p>\n<p>See also: <a href=\"https:\/\/start.luma.fi\/en\/\">StarT<\/a><\/p>\n<p>&nbsp;<\/p>\n","protected":false},"excerpt":{"rendered":"<p>University of Turku (Craft, Design and Technology (CDT) Teacher Education) Dr. Eila Lindfors, project director, eila.lindfors(at)utu.fi Saija Tanhuanp\u00e4\u00e4, project manager Dr. Marja-Leena R\u00f6nkk\u00f6, project assessor Jyri Lehtonen, project researcher Juha Raitinp\u00e4\u00e4, project researcher Riina Turkki, project assistant Leena Kiviranta, project researcher Anna Lundberg, project researcher Satu Gr\u00f6nman, project specialist Jesse Jeskanen, project assistant Arttu Korkeaniemi, [&hellip;]<\/p>\n","protected":false},"author":11237,"featured_media":0,"parent":0,"menu_order":7,"comment_status":"closed","ping_status":"closed","template":"","meta":{"footnotes":""},"class_list":["post-1122","page","type-page","status-publish","czr-hentry"],"_links":{"self":[{"href":"https:\/\/blogit.utu.fi\/innoplay\/wp-json\/wp\/v2\/pages\/1122","targetHints":{"allow":["GET"]}}],"collection":[{"href":"https:\/\/blogit.utu.fi\/innoplay\/wp-json\/wp\/v2\/pages"}],"about":[{"href":"https:\/\/blogit.utu.fi\/innoplay\/wp-json\/wp\/v2\/types\/page"}],"author":[{"embeddable":true,"href":"https:\/\/blogit.utu.fi\/innoplay\/wp-json\/wp\/v2\/users\/11237"}],"replies":[{"embeddable":true,"href":"https:\/\/blogit.utu.fi\/innoplay\/wp-json\/wp\/v2\/comments?post=1122"}],"version-history":[{"count":34,"href":"https:\/\/blogit.utu.fi\/innoplay\/wp-json\/wp\/v2\/pages\/1122\/revisions"}],"predecessor-version":[{"id":4334,"href":"https:\/\/blogit.utu.fi\/innoplay\/wp-json\/wp\/v2\/pages\/1122\/revisions\/4334"}],"wp:attachment":[{"href":"https:\/\/blogit.utu.fi\/innoplay\/wp-json\/wp\/v2\/media?parent=1122"}],"curies":[{"name":"wp","href":"https:\/\/api.w.org\/{rel}","templated":true}]}}