{"id":14,"date":"2019-01-14T11:14:54","date_gmt":"2019-01-14T11:14:54","guid":{"rendered":"https:\/\/sites.utu.fi\/innoplay\/?page_id=14"},"modified":"2022-05-14T15:43:31","modified_gmt":"2022-05-14T15:43:31","slug":"kasityo-ja-teknologiaoppiminen-steam-varhaiskasvatuksessa","status":"publish","type":"page","link":"https:\/\/blogit.utu.fi\/innoplay\/","title":{"rendered":"K\u00e4sity\u00f6- ja teknologiaoppiminen (STEAM) varhaiskasvatuksessa"},"content":{"rendered":"<h1 style=\"text-align: center\"><a href=\"https:\/\/blogit.utu.fi\/innoplay\/uutiset\/\">MEILL\u00c4 ON SINULLE UUSIA IDEOITA<\/a><\/h1>\n<p style=\"text-align: center\">Kolmivuotinen InnoPlay 2018\u20132022 -hanke liittyy k\u00e4sity\u00f6- ja teknologiaoppimiseen (STEAM) varhaiskasvatuksessa, esiopetuksessa ja alkuopetuksessa. Hankkeen tavoitteena on kehitt\u00e4\u00e4 pedagogisia menetelmi\u00e4, joissa integroidaan k\u00e4sity\u00f6-, ymp\u00e4rist\u00f6- ja teknologiakasvatuksen sek\u00e4 matemaattisten taitojen oppimisalueita leikin, tutkimisen ja ilmaisun avulla. Lapsen kiinnostuksen kohteista nousevaa oppimista edistet\u00e4\u00e4n monialaisena K\u00c4SITY\u00d6\/STEAM -teemaisena teknologian oppimiskokonaisuutena. Hankkeelle on saatu rahoitusta opetus- ja kulttuuriministeri\u00f6lt\u00e4. Hanke alkoi elokuussa 2018.<\/p>\n<p style=\"text-align: center\">Turun yliopiston opettajankoulutuslaitos koordinoi InnoPlay 2018\u20132022 -hanketta, johon osallistuu partnereina Helsingin yliopiston k\u00e4sity\u00f6nopettajakoulutus ja Innokas-verkosto sek\u00e4 Tampereen yliopiston varhaiskasvatuksen koulutus. Yliopistoilla on omat kumppanuusp\u00e4iv\u00e4kodit ja -koulut.<\/p>\n<p>&nbsp;<\/p>\n<p style=\"text-align: center\">[fts_instagram instagram_id=17841422754569078 access_token=IGQVJWRWNZAcWxqaEk1S08tVmxEME9Fb3FTWEtpZAmFVWmloRnkzMHU4NlFuVjNHNWNreGtZAZAUdTakI0MWktQktrVUszcGlVT0k1a0dUbmk3MEpIc3hPQWxnVXZAnTXpCWkhsdzdLQTR3 pics_count=6 type=basic super_gallery=yes columns=3 force_columns=no space_between_photos=1px icon_size=65px hide_date_likes_comments=no]<\/p>\n<p>&nbsp;<\/p>\n<p style=\"text-align: center\">[fts_twitter twitter_name=vakainno tweets_count=3 cover_photo=no stats_bar=no show_retweets=no show_replies=no]<\/p>\n<p>&nbsp;<\/p>\n<p>&nbsp;<\/p>\n<p><img loading=\"lazy\" decoding=\"async\" class=\"wp-image-1203 alignleft\" src=\"https:\/\/blogit.utu.fi\/innoplay\/wp-content\/uploads\/sites\/462\/2019\/11\/kaikki2-01.png\" alt=\"\" width=\"836\" height=\"194\" srcset=\"https:\/\/blogit.utu.fi\/innoplay\/wp-content\/uploads\/sites\/462\/2019\/11\/kaikki2-01.png 1366w, https:\/\/blogit.utu.fi\/innoplay\/wp-content\/uploads\/sites\/462\/2019\/11\/kaikki2-01-300x70.png 300w, https:\/\/blogit.utu.fi\/innoplay\/wp-content\/uploads\/sites\/462\/2019\/11\/kaikki2-01-768x178.png 768w, https:\/\/blogit.utu.fi\/innoplay\/wp-content\/uploads\/sites\/462\/2019\/11\/kaikki2-01-1024x238.png 1024w\" sizes=\"auto, (max-width: 836px) 100vw, 836px\" \/><\/p>\n<p>&nbsp;<\/p>\n<p><img loading=\"lazy\" decoding=\"async\" class=\"wp-image-1206 alignleft\" src=\"https:\/\/blogit.utu.fi\/innoplay\/wp-content\/uploads\/sites\/462\/2019\/11\/innokaslogo__Vihre\u00e4-01-1024x307-300x90.png\" alt=\"\" width=\"189\" height=\"56\" srcset=\"https:\/\/blogit.utu.fi\/innoplay\/wp-content\/uploads\/sites\/462\/2019\/11\/innokaslogo__Vihre\u00e4-01-1024x307-300x90.png 300w, https:\/\/blogit.utu.fi\/innoplay\/wp-content\/uploads\/sites\/462\/2019\/11\/innokaslogo__Vihre\u00e4-01-1024x307-768x230.png 768w, https:\/\/blogit.utu.fi\/innoplay\/wp-content\/uploads\/sites\/462\/2019\/11\/innokaslogo__Vihre\u00e4-01-1024x307.png 1024w\" sizes=\"auto, (max-width: 189px) 100vw, 189px\" \/><\/p>\n<p>&nbsp;<\/p>\n<p>&nbsp;<\/p>\n<p><img loading=\"lazy\" decoding=\"async\" class=\"size-medium wp-image-2187 aligncenter\" src=\"https:\/\/blogit.utu.fi\/innoplay\/wp-content\/uploads\/sites\/462\/2020\/02\/OKM-v\u00e4rillinen-logo-300x110.jpg\" alt=\"\" width=\"300\" height=\"110\" srcset=\"https:\/\/blogit.utu.fi\/innoplay\/wp-content\/uploads\/sites\/462\/2020\/02\/OKM-v\u00e4rillinen-logo-300x110.jpg 300w, https:\/\/blogit.utu.fi\/innoplay\/wp-content\/uploads\/sites\/462\/2020\/02\/OKM-v\u00e4rillinen-logo-1024x377.jpg 1024w, https:\/\/blogit.utu.fi\/innoplay\/wp-content\/uploads\/sites\/462\/2020\/02\/OKM-v\u00e4rillinen-logo-768x283.jpg 768w, https:\/\/blogit.utu.fi\/innoplay\/wp-content\/uploads\/sites\/462\/2020\/02\/OKM-v\u00e4rillinen-logo-1536x565.jpg 1536w, https:\/\/blogit.utu.fi\/innoplay\/wp-content\/uploads\/sites\/462\/2020\/02\/OKM-v\u00e4rillinen-logo-517x188.jpg 517w, https:\/\/blogit.utu.fi\/innoplay\/wp-content\/uploads\/sites\/462\/2020\/02\/OKM-v\u00e4rillinen-logo.jpg 1766w\" sizes=\"auto, (max-width: 300px) 100vw, 300px\" \/> <img loading=\"lazy\" decoding=\"async\" class=\" wp-image-2190 aligncenter\" src=\"https:\/\/blogit.utu.fi\/innoplay\/wp-content\/uploads\/sites\/462\/2020\/02\/k\u00e4rkihanke-300x164.jpg\" alt=\"\" width=\"209\" height=\"114\" srcset=\"https:\/\/blogit.utu.fi\/innoplay\/wp-content\/uploads\/sites\/462\/2020\/02\/k\u00e4rkihanke-300x164.jpg 300w, https:\/\/blogit.utu.fi\/innoplay\/wp-content\/uploads\/sites\/462\/2020\/02\/k\u00e4rkihanke-768x420.jpg 768w, https:\/\/blogit.utu.fi\/innoplay\/wp-content\/uploads\/sites\/462\/2020\/02\/k\u00e4rkihanke.jpg 800w\" sizes=\"auto, (max-width: 209px) 100vw, 209px\" \/><\/p>\n<p>&nbsp;<\/p>\n<p>&nbsp;<\/p>\n","protected":false},"excerpt":{"rendered":"<p>MEILL\u00c4 ON SINULLE UUSIA IDEOITA Kolmivuotinen InnoPlay 2018\u20132022 -hanke liittyy k\u00e4sity\u00f6- ja teknologiaoppimiseen (STEAM) varhaiskasvatuksessa, esiopetuksessa ja alkuopetuksessa. Hankkeen tavoitteena on kehitt\u00e4\u00e4 pedagogisia menetelmi\u00e4, joissa integroidaan k\u00e4sity\u00f6-, ymp\u00e4rist\u00f6- ja teknologiakasvatuksen sek\u00e4 matemaattisten taitojen oppimisalueita leikin, tutkimisen ja ilmaisun avulla. Lapsen kiinnostuksen kohteista nousevaa oppimista edistet\u00e4\u00e4n monialaisena K\u00c4SITY\u00d6\/STEAM -teemaisena teknologian oppimiskokonaisuutena. Hankkeelle on saatu rahoitusta opetus- [&hellip;]<\/p>\n","protected":false},"author":11237,"featured_media":0,"parent":0,"menu_order":1,"comment_status":"closed","ping_status":"closed","template":"","meta":{"footnotes":""},"class_list":["post-14","page","type-page","status-publish","czr-hentry"],"_links":{"self":[{"href":"https:\/\/blogit.utu.fi\/innoplay\/wp-json\/wp\/v2\/pages\/14","targetHints":{"allow":["GET"]}}],"collection":[{"href":"https:\/\/blogit.utu.fi\/innoplay\/wp-json\/wp\/v2\/pages"}],"about":[{"href":"https:\/\/blogit.utu.fi\/innoplay\/wp-json\/wp\/v2\/types\/page"}],"author":[{"embeddable":true,"href":"https:\/\/blogit.utu.fi\/innoplay\/wp-json\/wp\/v2\/users\/11237"}],"replies":[{"embeddable":true,"href":"https:\/\/blogit.utu.fi\/innoplay\/wp-json\/wp\/v2\/comments?post=14"}],"version-history":[{"count":20,"href":"https:\/\/blogit.utu.fi\/innoplay\/wp-json\/wp\/v2\/pages\/14\/revisions"}],"predecessor-version":[{"id":4323,"href":"https:\/\/blogit.utu.fi\/innoplay\/wp-json\/wp\/v2\/pages\/14\/revisions\/4323"}],"wp:attachment":[{"href":"https:\/\/blogit.utu.fi\/innoplay\/wp-json\/wp\/v2\/media?parent=14"}],"curies":[{"name":"wp","href":"https:\/\/api.w.org\/{rel}","templated":true}]}}