{"id":4197,"date":"2021-09-30T21:25:02","date_gmt":"2021-09-30T21:25:02","guid":{"rendered":"https:\/\/blogit.utu.fi\/innoplay\/?page_id=4197"},"modified":"2022-05-14T15:58:26","modified_gmt":"2022-05-14T15:58:26","slug":"research-2","status":"publish","type":"page","link":"https:\/\/blogit.utu.fi\/innoplay\/en\/research-2\/","title":{"rendered":"Research"},"content":{"rendered":"<p>Research articles:<\/p>\n<p>Gr\u00f6nman, S. &amp; Lindfors, E. (manuscript). Developing the Learning Process Model in Craft, Design and Technology Education. <em>International Journal of Technology and Design Education<\/em>.<\/p>\n<p>Gr\u00f6nman, S. Lindfors, E. &amp; Ruokonen, I. (manuscript). Teacher-child interaction and child\u2019s learning goal orientation in open-ended learning task \u2013 How to support various learners. <em>Topics in Early Childhood Special Education<\/em>.<\/p>\n<p><span class=\"TextRun SCXW224789228 BCX0\" lang=\"EN-US\" xml:lang=\"EN-US\" data-contrast=\"auto\"><span class=\"SpellingError SCXW224789228 BCX0\">Gr\u00f6nman<\/span><span class=\"NormalTextRun SCXW224789228 BCX0\">, S. Lindfors, E. &amp; R\u00f6nkk\u00f6, M.-L. <\/span><span class=\"NormalTextRun SCXW224789228 BCX0\">(2022)<\/span><span class=\"NormalTextRun SCXW224789228 BCX0\">. <\/span><\/span><span class=\"TextRun SCXW224789228 BCX0\" lang=\"FI\" xml:lang=\"FI\" data-contrast=\"auto\"><span class=\"NormalTextRun SCXW224789228 BCX0\">Esiopetusik\u00e4isen lapsen tavoiteorientaatio ja ohjausvuorovaikutuksen tarve k\u00e4sity\u00f6n oppimisprosessissa <\/span><span class=\"NormalTextRun SCXW224789228 BCX0\">[Preschool-<\/span><span class=\"SpellingError SCXW224789228 BCX0\">aged<\/span> <span class=\"SpellingError SCXW224789228 BCX0\">children&#8217;s<\/span><span class=\"NormalTextRun SCXW224789228 BCX0\">\u00a0 <\/span><span class=\"SpellingError SCXW224789228 BCX0\">achievement<\/span> <span class=\"SpellingError SCXW224789228 BCX0\">goal<\/span> <span class=\"SpellingError SCXW224789228 BCX0\">orientations<\/span><span class=\"NormalTextRun SCXW224789228 BCX0\"> and <\/span><span class=\"SpellingError SCXW224789228 BCX0\">teacher-child<\/span> <span class=\"SpellingError SCXW224789228 BCX0\">interaction<\/span><span class=\"NormalTextRun SCXW224789228 BCX0\"> in a <\/span><span class=\"SpellingError SCXW224789228 BCX0\">craft<\/span><span class=\"NormalTextRun SCXW224789228 BCX0\">, design and <\/span><span class=\"SpellingError SCXW224789228 BCX0\">technology<\/span> <span class=\"SpellingError SCXW224789228 BCX0\">learning<\/span> <span class=\"SpellingError SCXW224789228 BCX0\">process<\/span><span class=\"NormalTextRun SCXW224789228 BCX0\">].<\/span>\u00a0<\/span><span class=\"TextRun SCXW224789228 BCX0\" lang=\"EN-US\" xml:lang=\"EN-US\" data-contrast=\"auto\"><span class=\"NormalTextRun SCXW224789228 BCX0\">Journal of <\/span><span class=\"NormalTextRun SCXW224789228 BCX0\">E<\/span><span class=\"NormalTextRun SCXW224789228 BCX0\">arly <\/span><span class=\"NormalTextRun SCXW224789228 BCX0\">C<\/span><span class=\"NormalTextRun SCXW224789228 BCX0\">hildhood <\/span><span class=\"NormalTextRun SCXW224789228 BCX0\">E<\/span><span class=\"NormalTextRun SCXW224789228 BCX0\">ducation <\/span><span class=\"NormalTextRun SCXW224789228 BCX0\">R<\/span><span class=\"NormalTextRun SCXW224789228 BCX0\">esearch<\/span><span class=\"NormalTextRun SCXW224789228 BCX0\">,<\/span><span class=\"NormalTextRun SCXW224789228 BCX0\"> 11<\/span><\/span><span class=\"TextRun SCXW224789228 BCX0\" lang=\"EN-US\" xml:lang=\"EN-US\" data-contrast=\"auto\"><span class=\"NormalTextRun SCXW224789228 BCX0\">(1), <\/span><span class=\"NormalTextRun SCXW224789228 BCX0\">151<\/span><span class=\"NormalTextRun SCXW224789228 BCX0\">\u2013<\/span><span class=\"NormalTextRun SCXW224789228 BCX0\">178. <a href=\"https:\/\/journal.fi\/jecer\/article\/view\/114012\">https:\/\/journal.fi\/jecer\/article\/view\/114012<\/a><\/span><\/span><\/p>\n<p><span class=\"TextRun SCXW243680924 BCX0\" lang=\"EN-US\" xml:lang=\"EN-US\" data-contrast=\"auto\"><span class=\"SpellingError SCXW243680924 BCX0\">Gr\u00f6nman<\/span><span class=\"NormalTextRun SCXW243680924 BCX0\">, S., &amp; Lindfors, E. (2021). The Process Models of Design Thinking: A Literature Review and Consideration from the Perspective of Craft, Design and Technology Education.<\/span><\/span><span class=\"TextRun SCXW243680924 BCX0\" lang=\"EN-US\" xml:lang=\"EN-US\" data-contrast=\"auto\"><span class=\"NormalTextRun SCXW243680924 BCX0\">\u00a0<\/span><\/span><em><span class=\"TextRun SCXW243680924 BCX0\" lang=\"SV-SE\" xml:lang=\"SV-SE\" data-contrast=\"auto\"><span class=\"SpellingError SCXW243680924 BCX0\">Techne<\/span><span class=\"NormalTextRun SCXW243680924 BCX0\"> series A<\/span><\/span><\/em><span class=\"TextRun SCXW243680924 BCX0\" lang=\"SV-SE\" xml:lang=\"SV-SE\" data-contrast=\"auto\"><span class=\"NormalTextRun SCXW243680924 BCX0\">, <em>28<\/em>(2), 110<\/span><span class=\"NormalTextRun SCXW243680924 BCX0\">\u2013<\/span><span class=\"NormalTextRun SCXW243680924 BCX0\">118.<\/span><span class=\"NormalTextRun SCXW243680924 BCX0\">\u00a0<\/span><\/span><a class=\"Hyperlink SCXW243680924 BCX0\" href=\"https:\/\/journals.oslomet.no\/index.php\/techneA\/article\/view\/4352\/3864\" target=\"_blank\" rel=\"noreferrer noopener\"><span class=\"TextRun Underlined SCXW243680924 BCX0\" lang=\"SV-SE\" xml:lang=\"SV-SE\" data-contrast=\"none\"><span class=\"NormalTextRun SCXW243680924 BCX0\" data-ccp-charstyle=\"Hyperlink\">https:\/\/journals.oslomet.no\/index.php\/techneA\/article\/view\/4352\/3864<\/span><\/span><\/a><span class=\"EOP SCXW243680924 BCX0\" data-ccp-props=\"{&quot;201341983&quot;:0,&quot;335559738&quot;:240,&quot;335559739&quot;:400,&quot;335559740&quot;:276}\">\u00a0<\/span><\/p>\n<p>Kiviranta, L., Lindfors, E. &amp; R\u00f6nkk\u00f6, M.-L. (in review). Considerations on outdoor technology education in early childhood. <em>Early Childhood Research Quaterly<\/em>.<\/p>\n<p>Korhonen, T., Kangas, K. &amp; Salonen, L. (in review). Invention pedagogy \u2013 Finnish approach to maker education. Routledge.<\/p>\n<p>Korkeaniemi, A., Lindfors, E. &amp; Tanhuanp\u00e4\u00e4, S. (manuscript). Dimensions of Instructional Support in Teacher-Child Interaction in Teaching Young Learners of Programming and Robotics. PATT39.<\/p>\n<p>Korkeaniemi, A., Lindfors, E. &amp; Tanhuanp\u00e4\u00e4, S. (manuscript). Teacher-child interaction in teaching of programming and robotics to young learners.<\/p>\n<p>Lindfors, E. (coming) Finnish innovations in developing knowledge-based and technology enhanced society through education. 1<em>0th Annual Education Conference, titled \u2018Education and Jobs of the Future: Developing Qualified Human Capital to Secure the UAE\u2019s Progress\u2019 The Emirates Center for Strategic Studies and Research (ECSSR)<\/em>.<\/p>\n<p>Lindfors, E., R\u00f6nkk\u00f6, M.-L., Kiviranta, L., Yliverronen, V., Tanhuanp\u00e4\u00e4 S. &amp; Gr\u00f6nman, S. (2021). Outdoor Learning in Early Childhood Education: A Narrative Review. <em>Techne Series A<\/em>, <em>28<\/em>(2), 156\u2013165. <a href=\"https:\/\/journals.oslomet.no\/index.php\/techneA\/article\/view\/4353\/3859\">https:\/\/journals.oslomet.no\/index.php\/techneA\/article\/view\/4353\/3859<\/a><\/p>\n<p><span class=\"TextRun SCXW118810757 BCX0\" lang=\"EN-US\" xml:lang=\"EN-US\" data-contrast=\"none\"><span class=\"SpellingError SCXW118810757 BCX0\">Porko<\/span><span class=\"NormalTextRun SCXW118810757 BCX0\">-Hudd, M., P\u00f6ll\u00e4nen, S. &amp; Lindfors, E. (2018).\u00a0<\/span><span class=\"NormalTextRun SCXW118810757 BCX0\">Common and holistic crafts education in Finland.\u00a0<\/span><\/span><em><span class=\"TextRun SCXW118810757 BCX0\" lang=\"EN-US\" xml:lang=\"EN-US\" data-contrast=\"none\"><span class=\"NormalTextRun SCXW118810757 BCX0\">Techne\u00a0<\/span><span class=\"SpellingError SCXW118810757 BCX0\">Series<\/span><span class=\"NormalTextRun SCXW118810757 BCX0\">\u00a0A<\/span><\/span><\/em><span class=\"TextRun SCXW118810757 BCX0\" lang=\"EN-US\" xml:lang=\"EN-US\" data-contrast=\"none\"><span class=\"NormalTextRun SCXW118810757 BCX0\">, <\/span><\/span><span class=\"TextRun SCXW118810757 BCX0\" lang=\"EN-US\" xml:lang=\"EN-US\" data-contrast=\"none\"><span class=\"NormalTextRun SCXW118810757 BCX0\"><em>25<\/em>(3), 26\u201338.\u00a0<\/span><\/span><a class=\"Hyperlink SCXW118810757 BCX0\" href=\"https:\/\/journals.hioa.no\/index.php\/techneA\/article\/view\/3025\/2943\" target=\"_blank\" rel=\"noreferrer noopener\"><span class=\"TextRun Underlined SCXW118810757 BCX0\" lang=\"EN-US\" xml:lang=\"EN-US\" data-contrast=\"none\"><span class=\"NormalTextRun SCXW118810757 BCX0\" data-ccp-charstyle=\"Hyperlink\">https:\/\/journals.hioa.no\/index.php\/techneA\/article\/view\/3025\/2943<\/span><\/span><\/a><span class=\"EOP SCXW118810757 BCX0\" data-ccp-props=\"{&quot;201341983&quot;:0,&quot;335559738&quot;:240,&quot;335559739&quot;:400,&quot;335559740&quot;:240}\">\u00a0<\/span><\/p>\n<p>R\u00f6nkk\u00f6, M.-L., Yliverronen, V. &amp; Kangas, K. (2021). Investigative activity in pre-primary technology education: The Power Creatures project. <em>Design and Technology Education: an International Journal<\/em>, <em>26<\/em>(1), 29\u201344. <a href=\"https:\/\/ojs.lboro.ac.uk\/DATE\/article\/view\/2885\">https:\/\/ojs.lboro.ac.uk\/DATE\/article\/view\/2885<\/a><\/p>\n<p>Seitamaa-Hakkarainen, P., Riikonen, S., Sormunen, K., Aurava, R., Mehto, V., Bosch, N., Aljabaly, M. &amp; Kangas, K. (manuscript). Systematic review of maker education.<\/p>\n<p>Ukkonen-Mikkola, T. &amp; Varpanen, J. (2020). Integrated initial and continuing training as a way of developing the professional agency of teachers and student teachers. <em>Teaching and Teacher Education<\/em>, <em>96<\/em>. <a href=\"https:\/\/doi.org\/10.1016\/j.tate.2020.103189\">https:\/\/doi.org\/10.1016\/j.tate.2020.103189<\/a><\/p>\n<p><span class=\"TextRun SCXW16421824 BCX0\" lang=\"EN-US\" xml:lang=\"EN-US\" data-contrast=\"auto\"><span class=\"SpellingError SCXW16421824 BCX0\">Varpanen<\/span><span class=\"NormalTextRun SCXW16421824 BCX0\">, J. (2021). Escaping the dark side of technology via subject-ness: Sustainable technology education and holistic craft. <em>Techne\u00a0<\/em><\/span><em><span class=\"SpellingError SCXW16421824 BCX0\">Series A,<\/span><\/em><span class=\"NormalTextRun SCXW16421824 BCX0\"><em>\u00a028<\/em>(2), 25\u201330.<\/span><span class=\"NormalTextRun SCXW16421824 BCX0\">\u00a0<\/span><span class=\"NormalTextRun SCXW16421824 BCX0\">\u00a0<\/span><\/span><a class=\"Hyperlink SCXW16421824 BCX0\" href=\"https:\/\/journals.oslomet.no\/index.php\/techneA\/article\/view\/4285\" target=\"_blank\" rel=\"noreferrer noopener\"><span class=\"TextRun Underlined SCXW16421824 BCX0\" lang=\"EN-US\" xml:lang=\"EN-US\" data-contrast=\"none\"><span class=\"NormalTextRun SCXW16421824 BCX0\" data-ccp-charstyle=\"Hyperlink\">https:\/\/journals.oslomet.no\/index.php\/techneA\/article\/view\/4285<\/span><\/span><\/a><\/p>\n<p>Varpanen, J., Laherto, A., Hilpp\u00f6, J. &amp; Ukkonen-Mikkola, T. (in review). Orientations of professional agency and the role of technology in teachers\u2019 images of the future. <em>Educational Sciences<\/em>.<\/p>\n<p><span class=\"TextRun SCXW203114335 BCX0\" lang=\"EN-US\" xml:lang=\"EN-US\" data-contrast=\"auto\"><span class=\"SpellingError SCXW203114335 BCX0\">Yliverronen<\/span><span class=\"NormalTextRun SCXW203114335 BCX0\">, V., Kangas, K<\/span><span class=\"NormalTextRun SCXW203114335 BCX0\">.,<\/span><span class=\"NormalTextRun SCXW203114335 BCX0\">\u00a0&amp; R\u00f6nkk\u00f6, M.-L. (2021). Investigative activities as a basis for integrating pre-primary craft, technology\u00a0<\/span><span class=\"NormalTextRun SCXW203114335 BCX0\">education.\u00a0<\/span><\/span><span class=\"TextRun SCXW203114335 BCX0\" lang=\"EN-US\" xml:lang=\"EN-US\" data-contrast=\"auto\"><em><span class=\"NormalTextRun SCXW203114335 BCX0\">Techne\u00a0<\/span><\/em><span class=\"NormalTextRun SCXW203114335 BCX0\"><em>Series A<\/em>,<\/span><span class=\"NormalTextRun SCXW203114335 BCX0\">\u00a0<em>28<\/em><\/span><\/span><span class=\"TextRun SCXW203114335 BCX0\" lang=\"EN-US\" xml:lang=\"EN-US\" data-contrast=\"auto\"><span class=\"NormalTextRun SCXW203114335 BCX0\">(2<\/span><span class=\"NormalTextRun SCXW203114335 BCX0\">), 173\u2013180.<\/span><span class=\"NormalTextRun SCXW203114335 BCX0\">\u00a0<\/span><\/span><a class=\"Hyperlink SCXW203114335 BCX0\" href=\"https:\/\/journals.oslomet.no\/index.php\/techneA\/article\/view\/4317\" target=\"_blank\" rel=\"noreferrer noopener\"><span class=\"TextRun Underlined SCXW203114335 BCX0\" lang=\"EN-US\" xml:lang=\"EN-US\" data-contrast=\"none\"><span class=\"NormalTextRun SCXW203114335 BCX0\" data-ccp-charstyle=\"Hyperlink\">https:\/\/journals.oslomet.no\/index.php\/techneA\/article\/view\/4317<\/span><\/span><\/a><\/p>\n<p><span class=\"TextRun SCXW66678797 BCX0\" lang=\"EN-US\" xml:lang=\"EN-US\" data-contrast=\"auto\"><span class=\"SpellingError SCXW66678797 BCX0\">Yliverronen<\/span><span class=\"NormalTextRun SCXW66678797 BCX0\">, V., R\u00f6nkk\u00f6, M.-L., Kangas, K. (2021).\u00a0<\/span><span class=\"NormalTextRun SCXW66678797 BCX0\">Learning everyday technologies through playful experimenting and cooperative making in pre-primary education. <\/span><\/span><span class=\"TextRun SCXW66678797 BCX0\" lang=\"FI-FI\" xml:lang=\"FI-FI\" data-contrast=\"auto\"><em><span class=\"SpellingError SCXW66678797 BCX0\">FormAkademisk<\/span><\/em><span class=\"NormalTextRun SCXW66678797 BCX0\">, <em>14<\/em>(2).\u00a0<\/span><\/span><a class=\"Hyperlink SCXW66678797 BCX0\" href=\"https:\/\/doi.org\/10.7577\/formakademisk.4198\" target=\"_blank\" rel=\"noreferrer noopener\"><span class=\"TextRun Underlined SCXW66678797 BCX0\" lang=\"FI-FI\" xml:lang=\"FI-FI\" data-contrast=\"none\"><span class=\"NormalTextRun SCXW66678797 BCX0\" data-ccp-charstyle=\"Hyperlink\">https:\/\/doi.org\/10.7577\/formakademisk.4198<\/span><\/span><\/a><span class=\"EOP SCXW66678797 BCX0\" data-ccp-props=\"{&quot;201341983&quot;:0,&quot;335559738&quot;:240,&quot;335559739&quot;:400,&quot;335559740&quot;:240}\">\u00a0<\/span><\/p>\n<p>&nbsp;<\/p>\n<p>Book chapters:<\/p>\n<p>Kangas, K., Sormunen, K. &amp; Korhonen, T. (in press). Creative learning with technologies in young students\u2019 STEAM education. In S. Papadakis &amp; M. Kalogiannakis (eds.), <em>STEM, Robotics, Mobile Apps in Early Childhood and Primary Education \u2013Technology to promote teaching and learning<\/em>. Springer.<\/p>\n<p><span class=\"TextRun SCXW165566505 BCX0\" lang=\"FI\" xml:lang=\"FI\" data-contrast=\"auto\"><span class=\"SpellingError SCXW165566505 BCX0\">Laurell<\/span><span class=\"NormalTextRun SCXW165566505 BCX0\">, J., Seitamaa, A., Sormunen, K., Seitamaa-Hakkarainen, P., Korhonen, T. &amp; Hakkarainen, K. (2021). <\/span><\/span><span class=\"TextRun SCXW165566505 BCX0\" lang=\"EN-US\" xml:lang=\"EN-US\" data-contrast=\"auto\"><span class=\"NormalTextRun SCXW165566505 BCX0\">A socio-cultural approach to growth-mindset pedagogy.\u00a0<\/span><span class=\"SpellingError SCXW165566505 BCX0\">In<\/span><span class=\"NormalTextRun SCXW165566505 BCX0\"> E. Kuusisto, M. Ubani, P. Nokelainen, &amp; A. Toom (eds<\/span><span class=\"NormalTextRun SCXW165566505 BCX0\">.),\u00a0<\/span><\/span><em><span class=\"TextRun SCXW165566505 BCX0\" lang=\"EN-US\" xml:lang=\"EN-US\" data-contrast=\"auto\"><span class=\"NormalTextRun SCXW165566505 BCX0\">Good teachers for tomorrow\u2019s schools <\/span><\/span><\/em><span class=\"TextRun SCXW165566505 BCX0\" lang=\"EN-US\" xml:lang=\"EN-US\" data-contrast=\"auto\"><span class=\"NormalTextRun SCXW165566505 BCX0\">(p<\/span><\/span><em><span class=\"TextRun SCXW165566505 BCX0\" lang=\"EN-US\" xml:lang=\"EN-US\" data-contrast=\"auto\"><span class=\"NormalTextRun SCXW165566505 BCX0\">. <\/span><\/span><\/em><span class=\"TextRun SCXW165566505 BCX0\" lang=\"EN-US\" xml:lang=\"EN-US\" data-contrast=\"auto\"><span class=\"NormalTextRun SCXW165566505 BCX0\">296\u2013312). <\/span><\/span><span class=\"TextRun SCXW165566505 BCX0\" lang=\"EN-US\" xml:lang=\"EN-US\" data-contrast=\"auto\"><span class=\"NormalTextRun SCXW165566505 BCX0\">Sense. <a href=\"https:\/\/brill.com\/view\/title\/60323?language=en\">https:\/\/brill.com\/view\/title\/60323?language=en<\/a><\/span><\/span><\/p>\n<p><span class=\"TextRun SCXW203009085 BCX0\" lang=\"FI\" xml:lang=\"FI\" data-contrast=\"auto\"><span class=\"NormalTextRun SCXW203009085 BCX0\">Silander, P., Riikonen, S., Seitamaa-Hakkarainen, P. &amp; Hakkarainen K. (in press). <\/span><\/span><span class=\"TextRun SCXW203009085 BCX0\" lang=\"EN-US\" xml:lang=\"EN-US\" data-contrast=\"auto\"><span class=\"NormalTextRun SCXW203009085 BCX0\">Learning computational thinking in phenomenon-based co-creation projects \u2013 Perspectives from Finland. In<\/span><span class=\"NormalTextRun SCXW203009085 BCX0\">\u00a0S.C. Kong &amp; H. Abelson (eds<\/span><span class=\"NormalTextRun SCXW203009085 BCX0\">.),\u00a0<\/span><\/span><em><span class=\"TextRun SCXW203009085 BCX0\" lang=\"EN-US\" xml:lang=\"EN-US\" data-contrast=\"auto\"><span class=\"NormalTextRun SCXW203009085 BCX0\">Computational Thinking Education in K-12: Artificial Intelligence Literacy and Physical Computing<\/span><\/span><\/em><span class=\"TextRun SCXW203009085 BCX0\" lang=\"EN-US\" xml:lang=\"EN-US\" data-contrast=\"auto\"><span class=\"NormalTextRun SCXW203009085 BCX0\">. MIT Press.<\/span><\/span><\/p>\n<p>&nbsp;<\/p>\n<p>Conference abstracts:<\/p>\n<p>Kangas, K. (2019). Young students\u2019 learning through making with digital and traditional technologies [conference abstract]. <a href=\"https:\/\/blogit.utu.fi\/innoplay\/en\/young-students-learning-through-making-with-digital-and-traditional-technologies-2\/\">https:\/\/blogit.utu.fi\/innoplay\/en\/young-students-learning-through-making-with-digital-and-traditional-technologies-2\/<\/a><\/p>\n","protected":false},"excerpt":{"rendered":"<p>Research articles: Gr\u00f6nman, S. &amp; Lindfors, E. (manuscript). Developing the Learning Process Model in Craft, Design and Technology Education. International Journal of Technology and Design Education. Gr\u00f6nman, S. Lindfors, E. &amp; Ruokonen, I. (manuscript). Teacher-child interaction and child\u2019s learning goal orientation in open-ended learning task \u2013 How to support various learners. Topics in Early Childhood [&hellip;]<\/p>\n","protected":false},"author":20754,"featured_media":0,"parent":0,"menu_order":0,"comment_status":"closed","ping_status":"closed","template":"","meta":{"footnotes":""},"class_list":["post-4197","page","type-page","status-publish","czr-hentry"],"_links":{"self":[{"href":"https:\/\/blogit.utu.fi\/innoplay\/wp-json\/wp\/v2\/pages\/4197","targetHints":{"allow":["GET"]}}],"collection":[{"href":"https:\/\/blogit.utu.fi\/innoplay\/wp-json\/wp\/v2\/pages"}],"about":[{"href":"https:\/\/blogit.utu.fi\/innoplay\/wp-json\/wp\/v2\/types\/page"}],"author":[{"embeddable":true,"href":"https:\/\/blogit.utu.fi\/innoplay\/wp-json\/wp\/v2\/users\/20754"}],"replies":[{"embeddable":true,"href":"https:\/\/blogit.utu.fi\/innoplay\/wp-json\/wp\/v2\/comments?post=4197"}],"version-history":[{"count":11,"href":"https:\/\/blogit.utu.fi\/innoplay\/wp-json\/wp\/v2\/pages\/4197\/revisions"}],"predecessor-version":[{"id":4331,"href":"https:\/\/blogit.utu.fi\/innoplay\/wp-json\/wp\/v2\/pages\/4197\/revisions\/4331"}],"wp:attachment":[{"href":"https:\/\/blogit.utu.fi\/innoplay\/wp-json\/wp\/v2\/media?parent=4197"}],"curies":[{"name":"wp","href":"https:\/\/api.w.org\/{rel}","templated":true}]}}