{"id":2,"date":"2022-01-13T14:31:25","date_gmt":"2022-01-13T14:31:25","guid":{"rendered":"https:\/\/blogit.utu.fi\/jakkoi\/?page_id=2"},"modified":"2022-01-27T14:37:55","modified_gmt":"2022-01-27T14:37:55","slug":"sample-page","status":"publish","type":"page","link":"https:\/\/blogit.utu.fi\/jakkoi\/sample-page\/","title":{"rendered":"Kuka kirjoittaa?"},"content":{"rendered":"\n<p>Blogin takana on Jatta, maisterivaiheen englannin p\u00e4\u00e4aineopiskelija. Olen vuosien varrella opiskellut lis\u00e4ksi mm. espanjan kielt\u00e4, fonetiikkaa sek\u00e4 kasvatustieteit\u00e4. Asustelen Portsassa kumppanini kanssa ja viimeistelen hiljalleen opintojani. <\/p>\n\n\n\n<p>Viestint\u00e4 on itse\u00e4ni suuresti kiinnostava ala sen moniuloitteisen luonteen vuoksi. Viestij\u00e4ll\u00e4 on nykymaailmassa my\u00f6s suuri vastuu. Tykk\u00e4\u00e4n kahvista ja kes\u00e4st\u00e4. Minua innostaa lis\u00e4ksi kaikenlainen ihmisl\u00e4heisyys, oikeudenmukaisuus &#8211; ja oikeinkirjoitus. <\/p>\n\n\n\n<p>Tervetuloa blogiini!<\/p>\n\n\n\n<div class=\"wp-block-image\"><figure class=\"aligncenter is-resized\"><img loading=\"lazy\" decoding=\"async\" src=\"https:\/\/cdn.pixabay.com\/photo\/2021\/12\/19\/14\/36\/bird-6881277_960_720.jpg\" alt=\"Bird, Flamingo, Animal, Beauty, Pastel, Nature\" width=\"426\" height=\"283\" \/><figcaption>Pixabay.com<\/figcaption><\/figure><\/div>\n","protected":false},"excerpt":{"rendered":"<p>Blogin takana on Jatta, maisterivaiheen englannin p\u00e4\u00e4aineopiskelija. Olen vuosien varrella opiskellut lis\u00e4ksi mm. espanjan kielt\u00e4, fonetiikkaa sek\u00e4 kasvatustieteit\u00e4. Asustelen Portsassa kumppanini kanssa ja viimeistelen hiljalleen opintojani. Viestint\u00e4 on itse\u00e4ni suuresti kiinnostava ala sen moniuloitteisen luonteen vuoksi. Viestij\u00e4ll\u00e4 on nykymaailmassa my\u00f6s suuri vastuu. Tykk\u00e4\u00e4n kahvista ja kes\u00e4st\u00e4. Minua innostaa lis\u00e4ksi kaikenlainen ihmisl\u00e4heisyys, oikeudenmukaisuus &#8211; ja oikeinkirjoitus. [&hellip;]<\/p>\n","protected":false},"author":16394,"featured_media":0,"parent":0,"menu_order":0,"comment_status":"closed","ping_status":"open","template":"","meta":{"footnotes":""},"class_list":["post-2","page","type-page","status-publish","hentry","post-preview"],"_links":{"self":[{"href":"https:\/\/blogit.utu.fi\/jakkoi\/wp-json\/wp\/v2\/pages\/2","targetHints":{"allow":["GET"]}}],"collection":[{"href":"https:\/\/blogit.utu.fi\/jakkoi\/wp-json\/wp\/v2\/pages"}],"about":[{"href":"https:\/\/blogit.utu.fi\/jakkoi\/wp-json\/wp\/v2\/types\/page"}],"author":[{"embeddable":true,"href":"https:\/\/blogit.utu.fi\/jakkoi\/wp-json\/wp\/v2\/users\/16394"}],"replies":[{"embeddable":true,"href":"https:\/\/blogit.utu.fi\/jakkoi\/wp-json\/wp\/v2\/comments?post=2"}],"version-history":[{"count":5,"href":"https:\/\/blogit.utu.fi\/jakkoi\/wp-json\/wp\/v2\/pages\/2\/revisions"}],"predecessor-version":[{"id":70,"href":"https:\/\/blogit.utu.fi\/jakkoi\/wp-json\/wp\/v2\/pages\/2\/revisions\/70"}],"wp:attachment":[{"href":"https:\/\/blogit.utu.fi\/jakkoi\/wp-json\/wp\/v2\/media?parent=2"}],"curies":[{"name":"wp","href":"https:\/\/api.w.org\/{rel}","templated":true}]}}