{"id":146,"date":"2018-10-17T11:44:13","date_gmt":"2018-10-17T11:44:13","guid":{"rendered":"https:\/\/blogit.utu.fi\/johtaminenjaorganisointi\/?page_id=146"},"modified":"2020-02-05T15:51:27","modified_gmt":"2020-02-05T15:51:27","slug":"oppiaineen-blogeja-muualla","status":"publish","type":"page","link":"https:\/\/blogit.utu.fi\/johtaminenjaorganisointi\/oppiaineen-blogeja-muualla\/","title":{"rendered":"Oppiaineen blogeja muualla"},"content":{"rendered":"<p><a href=\"https:\/\/blogit.utu.fi\/utu\/2018\/05\/25\/jatkuva-muutos-kaaoksesta-kukoistukseen\/\">Jatkuva muutos &#8211; Kaaoksesta kukoistukseen? 25.5.2018<\/a><\/p>\n\n\n<p><a href=\"https:\/\/www.henry.fi\/ajankohtaista\/blogit\/2020\/01\/aktiivinen-tyokaveruus-tyoyhteisojen-piileva-voimavara.html\">Aktiivinen ty\u00f6kaveruus \u2013 ty\u00f6yhteis\u00f6jen piilev\u00e4 voimavara 8.1.2020<\/a><\/p>\n","protected":false},"excerpt":{"rendered":"<p>Jatkuva muutos &#8211; Kaaoksesta kukoistukseen? 25.5.2018 Aktiivinen ty\u00f6kaveruus \u2013 ty\u00f6yhteis\u00f6jen piilev\u00e4 voimavara 8.1.2020<\/p>\n","protected":false},"author":306,"featured_media":0,"parent":0,"menu_order":6,"comment_status":"closed","ping_status":"closed","template":"","meta":{"footnotes":""},"class_list":["post-146","page","type-page","status-publish","hentry","post-preview"],"_links":{"self":[{"href":"https:\/\/blogit.utu.fi\/johtaminenjaorganisointi\/wp-json\/wp\/v2\/pages\/146","targetHints":{"allow":["GET"]}}],"collection":[{"href":"https:\/\/blogit.utu.fi\/johtaminenjaorganisointi\/wp-json\/wp\/v2\/pages"}],"about":[{"href":"https:\/\/blogit.utu.fi\/johtaminenjaorganisointi\/wp-json\/wp\/v2\/types\/page"}],"author":[{"embeddable":true,"href":"https:\/\/blogit.utu.fi\/johtaminenjaorganisointi\/wp-json\/wp\/v2\/users\/306"}],"replies":[{"embeddable":true,"href":"https:\/\/blogit.utu.fi\/johtaminenjaorganisointi\/wp-json\/wp\/v2\/comments?post=146"}],"version-history":[{"count":5,"href":"https:\/\/blogit.utu.fi\/johtaminenjaorganisointi\/wp-json\/wp\/v2\/pages\/146\/revisions"}],"predecessor-version":[{"id":642,"href":"https:\/\/blogit.utu.fi\/johtaminenjaorganisointi\/wp-json\/wp\/v2\/pages\/146\/revisions\/642"}],"wp:attachment":[{"href":"https:\/\/blogit.utu.fi\/johtaminenjaorganisointi\/wp-json\/wp\/v2\/media?parent=146"}],"curies":[{"name":"wp","href":"https:\/\/api.w.org\/{rel}","templated":true}]}}