{"id":7,"date":"2018-08-17T09:52:09","date_gmt":"2018-08-17T09:52:09","guid":{"rendered":"https:\/\/blogit.utu.fi\/johtaminenjaorganisointi\/?page_id=2"},"modified":"2020-02-04T19:06:42","modified_gmt":"2020-02-04T19:06:42","slug":"mita","status":"publish","type":"page","link":"https:\/\/blogit.utu.fi\/johtaminenjaorganisointi\/mita\/","title":{"rendered":"Mist\u00e4 on kyse?"},"content":{"rendered":"<p><img loading=\"lazy\" decoding=\"async\" class=\"alignright size-medium wp-image-96\" src=\"https:\/\/blogit.utu.fi\/johtaminenjaorganisointi\/wp-content\/uploads\/sites\/160\/2018\/09\/TSE-686-300x241.jpg\" alt=\"\" width=\"300\" height=\"241\" srcset=\"https:\/\/blogit.utu.fi\/johtaminenjaorganisointi\/wp-content\/uploads\/sites\/160\/2018\/09\/TSE-686-300x241.jpg 300w, https:\/\/blogit.utu.fi\/johtaminenjaorganisointi\/wp-content\/uploads\/sites\/160\/2018\/09\/TSE-686.jpg 480w\" sizes=\"auto, (max-width: 300px) 100vw, 300px\" \/><\/p>\n<p>Turun kauppakorkeakoulun johtamisen ja organisointi -oppiaine tarkastelee yritysten toimintaa laajasti erilaisissa taloudellisissa ja kulttuurisissa konteksteissa. Oppiaineen keskeisi\u00e4 sis\u00e4lt\u00f6alueita ovat johtaminen ja esimiesty\u00f6, henkil\u00f6st\u00f6kysymykset, organisointi ja organisoituminen, ja n\u00e4ihin kaikkiin liittyv\u00e4 strateginen n\u00e4k\u00f6kulma. Tieteenalana johtaminen ja organisointi on laaja-alainen ja monitieteellinen.<\/p>\n<p>Johtaminen \u2012 Quo Vadis -blogi osallistuu keskusteluun johtamisen uusista suuntauksista ja nykyp\u00e4iv\u00e4n organisaatioita koskettavista ilmi\u00f6ist\u00e4, muun muassa jatkuvasta muutoksesta, esittelem\u00e4ll\u00e4 uusia ja innovatiivisia tutkimusavauksia, tutkimustiedon k\u00e4yt\u00e4nn\u00f6n sovellusmahdollisuuksia sek\u00e4 opetus- ja koulutustoiminnan ajankohtaisia asioita.<\/p>\n<p>T\u00e4ll\u00e4 sivustolla\u00a0julkaisemme blogitekstej\u00e4 liittyen oppiaineen tutkimukseen, hankkeisiin, opintoihin, v\u00e4it\u00f6ksiin, tapahtumiin, jne. Kirjoittajajoukko koostuu oppiaineen tutkijoista, opettajista ja opiskelijoista.<\/p>\n<p>Tervetuloa seuraamaan toimintaamme ja osallistumaan keskusteluun!<\/p>\n<h3>Yhteystiedot<\/h3>\n<p>Henkil\u00f6kuntamme yhteystiedot l\u00f6yd\u00e4t <a href=\"https:\/\/www.utu.fi\/fi\/yliopisto\/turun-kauppakorkeakoulu\/johtaminen-ja-organisointi\/yhteystiedot\">verkkosivuiltamme<\/a>.\u00a0 Seuraa meit\u00e4 my\u00f6s <a href=\"https:\/\/www.facebook.com\/tsemanagementandorganisation\/\" target=\"_blank\" rel=\"noopener noreferrer\">Facebookissa<\/a>.<\/p>\n","protected":false},"excerpt":{"rendered":"<p>Turun kauppakorkeakoulun johtamisen ja organisointi -oppiaine tarkastelee yritysten toimintaa laajasti erilaisissa taloudellisissa ja kulttuurisissa konteksteissa. Oppiaineen keskeisi\u00e4 sis\u00e4lt\u00f6alueita ovat johtaminen ja esimiesty\u00f6, henkil\u00f6st\u00f6kysymykset, organisointi ja organisoituminen, ja n\u00e4ihin kaikkiin liittyv\u00e4 strateginen n\u00e4k\u00f6kulma. Tieteenalana johtaminen ja organisointi on laaja-alainen ja monitieteellinen. Johtaminen \u2012 Quo Vadis -blogi osallistuu keskusteluun johtamisen uusista suuntauksista ja nykyp\u00e4iv\u00e4n organisaatioita koskettavista ilmi\u00f6ist\u00e4, [&hellip;]<\/p>\n","protected":false},"author":3294,"featured_media":0,"parent":0,"menu_order":1,"comment_status":"closed","ping_status":"open","template":"","meta":{"footnotes":""},"class_list":["post-7","page","type-page","status-publish","hentry","post-preview"],"_links":{"self":[{"href":"https:\/\/blogit.utu.fi\/johtaminenjaorganisointi\/wp-json\/wp\/v2\/pages\/7","targetHints":{"allow":["GET"]}}],"collection":[{"href":"https:\/\/blogit.utu.fi\/johtaminenjaorganisointi\/wp-json\/wp\/v2\/pages"}],"about":[{"href":"https:\/\/blogit.utu.fi\/johtaminenjaorganisointi\/wp-json\/wp\/v2\/types\/page"}],"author":[{"embeddable":true,"href":"https:\/\/blogit.utu.fi\/johtaminenjaorganisointi\/wp-json\/wp\/v2\/users\/3294"}],"replies":[{"embeddable":true,"href":"https:\/\/blogit.utu.fi\/johtaminenjaorganisointi\/wp-json\/wp\/v2\/comments?post=7"}],"version-history":[{"count":12,"href":"https:\/\/blogit.utu.fi\/johtaminenjaorganisointi\/wp-json\/wp\/v2\/pages\/7\/revisions"}],"predecessor-version":[{"id":630,"href":"https:\/\/blogit.utu.fi\/johtaminenjaorganisointi\/wp-json\/wp\/v2\/pages\/7\/revisions\/630"}],"wp:attachment":[{"href":"https:\/\/blogit.utu.fi\/johtaminenjaorganisointi\/wp-json\/wp\/v2\/media?parent=7"}],"curies":[{"name":"wp","href":"https:\/\/api.w.org\/{rel}","templated":true}]}}