{"id":11,"date":"2018-11-14T12:31:14","date_gmt":"2018-11-14T12:31:14","guid":{"rendered":"https:\/\/blogit.utu.fi\/juctice2019\/?page_id=11"},"modified":"2019-05-22T10:07:08","modified_gmt":"2019-05-22T10:07:08","slug":"oikeutta-kaikille-pohjoismainen-rikos-ja-prosessioikeuden-seka-kriminologian-seminaari","status":"publish","type":"page","link":"https:\/\/blogit.utu.fi\/juctice2019\/","title":{"rendered":"Oikeutta kaikille? Pohjoismainen rikos- ja prosessioikeuden sek\u00e4 kriminologian seminaari"},"content":{"rendered":"<p>Kovenevien arvojen ja kriminaalipolitiikan aikana on syyt\u00e4 kysy\u00e4, pystyyk\u00f6 rikosoikeus ja oikeudenk\u00e4ynti tuottamaan oikeudenmukaista kohtelua kaikille. Keskustelu ja lainuudistukset terrorismirikoksista, uusista kriminalisoinneista mukaan lukien abortti, pakkokeinoista, tiedustelulains\u00e4\u00e4d\u00e4nn\u00f6st\u00e4 ja perustuslain muuttamisesta nostavat esiin kysymyksi\u00e4 toimenpiteiden kohdistumisesta. Samaan aikaan s\u00e4\u00e4st\u00f6paineet johtavat muutoksiin oikeudenk\u00e4ynniss\u00e4, kuten kirjallisen menettelyn yleistymiseen, joiden kohdistumista ja vaikutuksia joudutaan arvioimaan j\u00e4lkik\u00e4teen.<\/p>\n<p>Suomalainen rikos- ja prosessioikeuden sek\u00e4 kriminologian tutkijoiden tapaaminen on j\u00e4rjestetty viime vuosina vuosittain. Pohjoismaisella rikosoikeusseminaarilla on pitk\u00e4 perinne ja vakiintunut toimintatapa. Turku on vuonna 2019 kummankin kohdalla j\u00e4rjest\u00e4misvuorossa, joten p\u00e4\u00e4timme yhdist\u00e4\u00e4 tapahtumat.<\/p>\n<p>Tervetuloa Turkuun 21-23.8.2019. Seminaarin kielet ovat ruotsi, suomi ja englanti. Paperin voi esitt\u00e4\u00e4 jollakin n\u00e4ist\u00e4 kielist\u00e4. Abstraktien maksimipituus on 1500 merkki\u00e4. Abstraktien m\u00e4\u00e4r\u00e4aikaa on jatkettu 28.5. asti.<\/p>\n<p>Rekister\u00f6itymismaksu on \u20ac 40 (10.6.2019 alkaen \u20ac60). Vapautusta rekister\u00f6intimaksusta voi pyyt\u00e4\u00e4 <a href=\"mailto:tuomas.hupli@utu.fi\">Tuomas Huplilta<\/a>.<\/p>\n<h2>P\u00e4\u00e4puhujat:<\/h2>\n<p><strong>Elina Pirjatanniemi<\/strong>, Professor, Director of the Human Rights Institute, \u00c5bo Akademi:<br \/>\nWhose Rationality? Whose Humanism? A Human Rights Perspective on Nordic Criminal Policy&#8221;<\/p>\n<p><strong>Moa Bladini<\/strong>, docent &amp; <strong>Erik Bj\u00f6rling<\/strong>, lecturer (procedural law), University of Gothenburg:<br \/>\nObjectivity and Narratives in Procedural Law<\/p>\n<p><strong>David Whyte, <\/strong>Professor of Socio-legal Studies, University of Liverpool:<br \/>\nHow Corrupt is Finland?<\/p>\n","protected":false},"excerpt":{"rendered":"<p>Kovenevien arvojen ja kriminaalipolitiikan aikana on syyt\u00e4 kysy\u00e4, pystyyk\u00f6 rikosoikeus ja oikeudenk\u00e4ynti tuottamaan oikeudenmukaista kohtelua kaikille. Keskustelu ja lainuudistukset terrorismirikoksista, uusista kriminalisoinneista mukaan lukien abortti, pakkokeinoista, tiedustelulains\u00e4\u00e4d\u00e4nn\u00f6st\u00e4 ja perustuslain muuttamisesta nostavat esiin kysymyksi\u00e4 toimenpiteiden kohdistumisesta. Samaan aikaan s\u00e4\u00e4st\u00f6paineet johtavat muutoksiin &hellip; <a href=\"https:\/\/blogit.utu.fi\/juctice2019\/\">Continue reading <span class=\"meta-nav\">&rarr;<\/span><\/a><\/p>\n","protected":false},"author":3701,"featured_media":0,"parent":0,"menu_order":0,"comment_status":"closed","ping_status":"closed","template":"","meta":{"footnotes":""},"class_list":["post-11","page","type-page","status-publish","hentry"],"_links":{"self":[{"href":"https:\/\/blogit.utu.fi\/juctice2019\/wp-json\/wp\/v2\/pages\/11","targetHints":{"allow":["GET"]}}],"collection":[{"href":"https:\/\/blogit.utu.fi\/juctice2019\/wp-json\/wp\/v2\/pages"}],"about":[{"href":"https:\/\/blogit.utu.fi\/juctice2019\/wp-json\/wp\/v2\/types\/page"}],"author":[{"embeddable":true,"href":"https:\/\/blogit.utu.fi\/juctice2019\/wp-json\/wp\/v2\/users\/3701"}],"replies":[{"embeddable":true,"href":"https:\/\/blogit.utu.fi\/juctice2019\/wp-json\/wp\/v2\/comments?post=11"}],"version-history":[{"count":17,"href":"https:\/\/blogit.utu.fi\/juctice2019\/wp-json\/wp\/v2\/pages\/11\/revisions"}],"predecessor-version":[{"id":557,"href":"https:\/\/blogit.utu.fi\/juctice2019\/wp-json\/wp\/v2\/pages\/11\/revisions\/557"}],"wp:attachment":[{"href":"https:\/\/blogit.utu.fi\/juctice2019\/wp-json\/wp\/v2\/media?parent=11"}],"curies":[{"name":"wp","href":"https:\/\/api.w.org\/{rel}","templated":true}]}}