{"id":389,"date":"2018-11-29T11:21:09","date_gmt":"2018-11-29T11:21:09","guid":{"rendered":"https:\/\/blogit.utu.fi\/juctice2019\/?page_id=389"},"modified":"2019-05-02T12:41:20","modified_gmt":"2019-05-02T12:41:20","slug":"rattvisa-at-alla-ett-nordiskt-seminarium-i-straff-och-processratt-samt-kriminologi","status":"publish","type":"page","link":"https:\/\/blogit.utu.fi\/juctice2019\/rattvisa-at-alla-ett-nordiskt-seminarium-i-straff-och-processratt-samt-kriminologi\/","title":{"rendered":"R\u00e4ttvisa \u00e5t alla? Ett nordiskt seminarium i straff- och processr\u00e4tt samt kriminologi"},"content":{"rendered":"<p>I en tid med allt h\u00e5rdare v\u00e4rderingar och kriminalpolitik \u00e4r det sk\u00e4l att fr\u00e5ga om v\u00e5r straffr\u00e4tt och r\u00e4tteg\u00e5ngsprocess kan skapa r\u00e4ttvisa \u00e5t alla. Debatten och lagreformer om terroristbrott, nya kriminaliseringar av bl.a. abort, tv\u00e5ngsmedel, underr\u00e4ttelselagstiftning och \u00e4ndringar i grundlagen lyfter fram fr\u00e5gor om \u00e5tg\u00e4rderna riktar sig r\u00e4ttvist mot olika folkgrupper. Samtidigt leder besparingskraven till \u00e4ndringar i r\u00e4tteg\u00e5ngsf\u00f6rfarande och t.ex. skriftligt f\u00f6rfarande har blivit allm\u00e4nnare. Konsekvenserna av dessa \u00e4ndringar kan ofta sedan bed\u00f6mas endast i efterhand.<\/p>\n<p>Det nordiska seminariet i straffr\u00e4tt har en l\u00e5ng tradition och etablerad verksamhetsform. Seminariet har ordnats \u00e5rligen i olika nordiska l\u00e4nder. Under de senaste \u00e5ren har det arrangerats ett ett forskarm\u00f6te om finl\u00e4ndsk straff- och processr\u00e4tt samt kriminologi. Eftersom \u00c5bo agerar som v\u00e4rd f\u00f6r b\u00e5da evenemangen \u00e5r 2019, besl\u00f6t vi att sammansl\u00e5 dem.<\/p>\n<p>Forskare inom straff- och processr\u00e4tt samt kriminologi, v\u00e4lkommen till \u00c5bo 21.-23.8.2019!<\/p>\n<p>Seminariespr\u00e5ken \u00e4r svenska, finska och engelska. Abstraktet kan skrivas p\u00e5 n\u00e5got av dessa spr\u00e5k. Deadlinen f\u00f6r abstrakt med max. 1500 tecken har f\u00f6rl\u00e4ngats till 28.5.2019.<\/p>\n<p>Registreringsavgiften \u00e4r 40 euro (fr.o.m. 10.6.2019 60 euro). Befrielse fr\u00e5n registreringsavgiften kan beg\u00e4ras av <a href=\"mailto:tuomas.hupli@utu.fi\">Tuomas Hupli<\/a>.<\/p>\n<h2>Key note \u2013talare:<\/h2>\n<p><strong>Elina Pirjatanniemi<\/strong>, Professor, Director of the Human Rights Institute, \u00c5bo Akademi:<br \/>\nWhose Rationality? Whose Humanism? A Human Rights Perspective on Nordic Criminal Policy<\/p>\n<p><strong>Moa Bladini, docent &amp; Erik Bj\u00f6rling<\/strong>, lecturer (procedural law), University of Gothenburg:<br \/>\nObjectivity and Narratives in Procedural Law<\/p>\n<p><strong>David Whyte<\/strong>, Professor of Socio-legal Studies, University of Liverpool:<br \/>\nHow Corrupt is Finland?<\/p>\n<p>&nbsp;<\/p>\n<p>Moa Bladini, docent &amp; Erik Bj\u00f6rling, lecturer (procedural law), University of Gothenburg:<\/p>\n<p>Objectivity and Narratives in Procedural Law<\/p>\n","protected":false},"excerpt":{"rendered":"<p>I en tid med allt h\u00e5rdare v\u00e4rderingar och kriminalpolitik \u00e4r det sk\u00e4l att fr\u00e5ga om v\u00e5r straffr\u00e4tt och r\u00e4tteg\u00e5ngsprocess kan skapa r\u00e4ttvisa \u00e5t alla. Debatten och lagreformer om terroristbrott, nya kriminaliseringar av bl.a. abort, tv\u00e5ngsmedel, underr\u00e4ttelselagstiftning och \u00e4ndringar i grundlagen &hellip; <a href=\"https:\/\/blogit.utu.fi\/juctice2019\/rattvisa-at-alla-ett-nordiskt-seminarium-i-straff-och-processratt-samt-kriminologi\/\">Continue reading <span class=\"meta-nav\">&rarr;<\/span><\/a><\/p>\n","protected":false},"author":3701,"featured_media":0,"parent":0,"menu_order":0,"comment_status":"closed","ping_status":"closed","template":"","meta":{"footnotes":""},"class_list":["post-389","page","type-page","status-publish","hentry"],"_links":{"self":[{"href":"https:\/\/blogit.utu.fi\/juctice2019\/wp-json\/wp\/v2\/pages\/389","targetHints":{"allow":["GET"]}}],"collection":[{"href":"https:\/\/blogit.utu.fi\/juctice2019\/wp-json\/wp\/v2\/pages"}],"about":[{"href":"https:\/\/blogit.utu.fi\/juctice2019\/wp-json\/wp\/v2\/types\/page"}],"author":[{"embeddable":true,"href":"https:\/\/blogit.utu.fi\/juctice2019\/wp-json\/wp\/v2\/users\/3701"}],"replies":[{"embeddable":true,"href":"https:\/\/blogit.utu.fi\/juctice2019\/wp-json\/wp\/v2\/comments?post=389"}],"version-history":[{"count":5,"href":"https:\/\/blogit.utu.fi\/juctice2019\/wp-json\/wp\/v2\/pages\/389\/revisions"}],"predecessor-version":[{"id":530,"href":"https:\/\/blogit.utu.fi\/juctice2019\/wp-json\/wp\/v2\/pages\/389\/revisions\/530"}],"wp:attachment":[{"href":"https:\/\/blogit.utu.fi\/juctice2019\/wp-json\/wp\/v2\/media?parent=389"}],"curies":[{"name":"wp","href":"https:\/\/api.w.org\/{rel}","templated":true}]}}