{"id":497,"date":"2019-02-27T11:56:12","date_gmt":"2019-02-27T11:56:12","guid":{"rendered":"https:\/\/blogit.utu.fi\/juctice2019\/?page_id=497"},"modified":"2019-08-16T05:29:03","modified_gmt":"2019-08-16T05:29:03","slug":"programme","status":"publish","type":"page","link":"https:\/\/blogit.utu.fi\/juctice2019\/programme\/","title":{"rendered":"Programme"},"content":{"rendered":"<p><strong><span style=\"color: #8b5dcb\">Wednesday 21 August<\/span><\/strong><\/p>\n<p>19:00-22:00<br \/>\nWelcome reception in Calonia (Caloniankuja 3)<\/p>\n<p><strong><span style=\"color: #8b5dcb\">Thursday 22 August<\/span><\/strong><\/p>\n<p>9:00\u20139:45<br \/>\nRegistration<\/p>\n<p>9:45-10:00<br \/>\nOpening of the seminar (Calonia 1)<\/p>\n<p>10:00-11:00<br \/>\n<strong>Elina Pirjatanniemi<\/strong>: Whose Rationality? Whose Humanism? A Human Rights Perspective on Nordic Criminal Policy<\/p>\n<p>11:00-12:30<br \/>\nWorkshop I<\/p>\n<p><strong>A (seminar room Cal2102)<\/strong><br \/>\nChair: <strong>Lauri Luoto<\/strong><\/p>\n<p><strong>Anna-Louise Fink<\/strong>: The interaction and complementarity of the legal and ethical regulation of the press<br \/>\n<strong>Noora L\u00e4hteenm\u00e4ki<\/strong>: \u201cI would have lost everything in prison\u201d: Empirical legitimacy of electronic monitoring as a prison alternative<br \/>\n<strong>Mathilde Worch Jensen<\/strong>: Danish Law of Attempt and Complicity: A Victim-Centered Perspective<\/p>\n<p><strong>B (seminar room Cal1006)<\/strong><br \/>\nChair: <strong>Nina Immonen<\/strong><\/p>\n<p><strong>Anssi K\u00e4rki<\/strong>: Veil piercing in interpretation of procedural rules<br \/>\n<strong>Jaakko Markus<\/strong>: Objectives of legal costs rules in Finland and Sweden<br \/>\n<strong>Yaira Obstbaum<\/strong>: Access to justice for all? \u2013 Studying legal needs in Finland<\/p>\n<p><strong>C (seminar room Cal2107)<\/strong><br \/>\nChair: <strong>Annika Suominen<br \/>\n<\/strong><br \/>\n<strong>Emma Holkeri<\/strong>: Of threats, defining and control \u2013 Challenging the link between threats at schools and school shootings<br \/>\n<strong>Susanna Lundell<\/strong>: Justice for victims of workplace bullying?<br \/>\n<strong>Giulio Calcara<\/strong>: Balancing international police cooperation \u2013 INTERPOL as the epitome of the undesirable trade-off between rights of individuals and global security.<\/p>\n<p>12:30-13.30<br \/>\nLunch (Macciavelli)<\/p>\n<p>13:30-14:45<br \/>\n<strong>David Whyte<\/strong>: How Corrupt is Finland?<\/p>\n<p>14:45-15:15<br \/>\nCoffee break<\/p>\n<p>15:15-16:45<br \/>\nWorkshop II<\/p>\n<p><strong>D (seminar room Cal1006)<\/strong><br \/>\nChair: <strong>Minna Kimpim\u00e4ki<br \/>\n<\/strong><br \/>\n<strong>Mikko Rudanko<\/strong>: Normativization of Criminal Fault? \u2013 Criminal Intent in Finland, Sweden, Germany and England<br \/>\n<strong>Elisa Silvennoinen<\/strong>: Child victims \u2013 sovereignty, child\u00b4s best interest and the detection of crime<br \/>\n<strong>Jalo Vatjus-Anttila<\/strong>: Offender\u2019s attempt to further clearing up of the offence in Finnish criminal code<\/p>\n<p><strong>E (seminar room Cal2102)<br \/>\n<\/strong>Chair: <strong>Heini Kainulainen<br \/>\n<\/strong><br \/>\n<strong>Riikka Laitinen<\/strong>: Rikosten sovittelu ne bis in idem -periaatteen ja itsekriminointisuojan n\u00e4k\u00f6kulmasta<br \/>\n<strong>Suvi Lamminp\u00e4\u00e4<\/strong>: Tuomari vs. prosessori: menettelyn oikeudenmukaisuus tietokoneavusteisen p\u00e4\u00e4t\u00f6ksenteon aikakaudella<br \/>\n<strong>Jani Kajala<\/strong>: Oikeudenmukaisuuden kokemus rikosprosessissa<\/p>\n<p><strong>F (seminar room Cal2107)<br \/>\n<\/strong>Chair: <strong>Mikko Vuorenp\u00e4\u00e4<br \/>\n<\/strong><br \/>\n<strong>Seppo Immonen<\/strong>: Vuoden 2011 ampuma-aselain muutosten vaikutus ampuma-aseilla tehtyjen henkirikosten m\u00e4\u00e4r\u00e4\u00e4n ja piirteisiin<br \/>\n<strong>Niina Palaja<\/strong>: Jurisdiction of the Arbitral Tribunal<br \/>\n<strong>Laura-Maria Poikela<\/strong>: Rikosoikeus, rikosprosessi ja lapsikaappaukset<\/p>\n<p>19:00-22:30<br \/>\nDinner Cruise to Naantali<\/p>\n<p><strong><span style=\"color: #8b5dcb\">Friday 23 August<\/span><\/strong><\/p>\n<p>10:00-11:30<br \/>\n<strong>Moa Bladini &amp; Erik Bj\u00f6rling<\/strong>: Objectivity and Narratives in Procedural Law<\/p>\n<p>11:30-12:30<br \/>\nLunch (Maccivelli)<\/p>\n<p>12:30-14:00<br \/>\nWorkshop III<\/p>\n<p><strong>G (seminar room Cal1006)<br \/>\n<\/strong>Chair: <strong>Erik Svensson<br \/>\n<\/strong><br \/>\n<strong>Tuomas Hupli<\/strong>: The Moral Grounds for the Privilege Against Self-Incrimination, Silence, and False Statements<br \/>\n<strong>Christina Kjellson<\/strong>: Resning i brottm\u00e5l \u2013 en processr\u00e4ttslig studie<\/p>\n<p><strong>H (seminar room Cal2102)<br \/>\n<\/strong>Chair: <strong>Dan Helenius<br \/>\n<\/strong><br \/>\n<strong>Johanna Vanto &amp; Anne Alvesalo-Kuusi<\/strong>: Discretion in Crisis: International Protection Decisions before and after Europe\u2019s 2015 \u2018Refugee Crisis\u2019<br \/>\n<strong>Minna Viuhko<\/strong>: Interlinkages between human trafficking and marriages \u2013 conceptual, methodological and legal considerations<br \/>\n<strong>Linnea Wegerstad<\/strong>: The #metoo momentum and its aftermath: digital justice seeking and societal and legal responses<\/p>\n<p><strong>I (seminar room Cal2107)<br \/>\n<\/strong>Chair: <strong>Markus Naarttij\u00e4rvi<br \/>\n<\/strong><br \/>\n<strong>Nina Sunde<\/strong>: Digital evidence and miscarriages of justice in Norway<br \/>\n<strong>Aura Kostiainen<\/strong>: \u201dOrdinary citizen\u201d \u2013 the assumed subject in Criminal Law Committee\u2019s discourses<br \/>\n<strong>Lena Landstr\u00f6m &amp; Markus Naarttij\u00e4rvi<\/strong>: Gr\u00e4nser f\u00f6r polisi\u00e4r innovation \u2013 R\u00e4ttss\u00e4kerhet, enhetlighet och demokratisk legitimitet?<\/p>\n<p>14:00-14:30<br \/>\nCoffee break<\/p>\n<p>14:30-15:30<br \/>\nClosing of the seminar<\/p>\n","protected":false},"excerpt":{"rendered":"<p>Wednesday 21 August 19:00-22:00 Welcome reception in Calonia (Caloniankuja 3) Thursday 22 August 9:00\u20139:45 Registration 9:45-10:00 Opening of the seminar (Calonia 1) 10:00-11:00 Elina Pirjatanniemi: Whose Rationality? Whose Humanism? A Human Rights Perspective on Nordic Criminal Policy 11:00-12:30 Workshop I &hellip; <a href=\"https:\/\/blogit.utu.fi\/juctice2019\/programme\/\">Continue reading <span class=\"meta-nav\">&rarr;<\/span><\/a><\/p>\n","protected":false},"author":3701,"featured_media":0,"parent":0,"menu_order":0,"comment_status":"closed","ping_status":"closed","template":"","meta":{"footnotes":""},"class_list":["post-497","page","type-page","status-publish","hentry"],"_links":{"self":[{"href":"https:\/\/blogit.utu.fi\/juctice2019\/wp-json\/wp\/v2\/pages\/497","targetHints":{"allow":["GET"]}}],"collection":[{"href":"https:\/\/blogit.utu.fi\/juctice2019\/wp-json\/wp\/v2\/pages"}],"about":[{"href":"https:\/\/blogit.utu.fi\/juctice2019\/wp-json\/wp\/v2\/types\/page"}],"author":[{"embeddable":true,"href":"https:\/\/blogit.utu.fi\/juctice2019\/wp-json\/wp\/v2\/users\/3701"}],"replies":[{"embeddable":true,"href":"https:\/\/blogit.utu.fi\/juctice2019\/wp-json\/wp\/v2\/comments?post=497"}],"version-history":[{"count":19,"href":"https:\/\/blogit.utu.fi\/juctice2019\/wp-json\/wp\/v2\/pages\/497\/revisions"}],"predecessor-version":[{"id":674,"href":"https:\/\/blogit.utu.fi\/juctice2019\/wp-json\/wp\/v2\/pages\/497\/revisions\/674"}],"wp:attachment":[{"href":"https:\/\/blogit.utu.fi\/juctice2019\/wp-json\/wp\/v2\/media?parent=497"}],"curies":[{"name":"wp","href":"https:\/\/api.w.org\/{rel}","templated":true}]}}