{"id":6,"date":"2022-10-05T15:27:11","date_gmt":"2022-10-05T15:27:11","guid":{"rendered":"https:\/\/blogit.utu.fi\/julkinennolaaminensomessa\/?page_id=6"},"modified":"2024-01-12T12:44:58","modified_gmt":"2024-01-12T12:44:58","slug":"tietosuojailmoitus","status":"publish","type":"page","link":"https:\/\/blogit.utu.fi\/julkinennolaaminensomessa\/tietosuojailmoitus\/","title":{"rendered":"Tietosuojailmoitus"},"content":{"rendered":"\n<p>JULKISEN NOLAAMISEN SUKUPUOLITTUNEET K\u00c4YT\u00c4NN\u00d6T SOSIAALISESSA MEDIASSA<\/p>\n\n\n\n<p>Tietosuojailmoitus tutkittaville<\/p>\n\n\n\n<p><strong>Rekisterinpit\u00e4j\u00e4<\/strong><\/p>\n\n\n\n<p>Tutkija: Hanna-Kaisa Lassila<\/p>\n\n\n\n<p>Yhteyshenkil\u00f6 projektia koskevissa asioissa:<\/p>\n\n\n\n<p>Hanna-Kaisa Lassila<\/p>\n\n\n\n<p>hakalas(at)utu.fi<\/p>\n\n\n\n<p><strong>Tutkimus ja henkil\u00f6tietojen k\u00e4sittely<\/strong><\/p>\n\n\n\n<p>Tutkimuksessa tarkastellaan julkisen nolaamisen sukupuolittuneita k\u00e4yt\u00e4nt\u00f6j\u00e4 sosiaalisessa mediassa. Analysoimalla julkisessa nolaamisessa osallisena olevia sosiaalisen median julkaisuja ja kommentteja, tutkimuksessa pyrit\u00e4\u00e4n tarkastelemaan julkisen nolaamisen eri k\u00e4yt\u00e4nt\u00f6j\u00e4 sosiaalisessa mediassa vernakulaarina valvontana ja kurittamisena. Tutkimuksessa k\u00e4sitell\u00e4\u00e4n muun muassa sit\u00e4, mit\u00e4 sukupuolinormeihin liittyvi\u00e4 diskursseja julkisen nolaamisen kautta yll\u00e4pidet\u00e4\u00e4n tai haastetaan. Tutkimuksen aineisto on julkista sosiaalisen median sis\u00e4lt\u00f6\u00e4, jolloin aineistoon sis\u00e4ltyv\u00e4 henkil\u00f6tietojen m\u00e4\u00e4r\u00e4 ja moninaisuus ei ole ennakoitavissa.&nbsp;<\/p>\n\n\n\n<p><strong>Tutkimuksen vastuullinen yhteyshenkil\u00f6<\/strong><\/p>\n\n\n\n<p>Hanna-Kaisa Lassila<\/p>\n\n\n\n<p>hakalas(at)utu.fi<\/p>\n\n\n\n<p><strong>Tietosuojavastaavan yhteystiedot<\/strong><\/p>\n\n\n\n<p>Turun yliopiston tietosuojavastaava on tavoitettavissa s\u00e4hk\u00f6postitse osoitteesta: <a href=\"mailto:dpo@utu.fi\">dpo@utu.fi<\/a>.<\/p>\n\n\n\n<p><strong>Henkil\u00f6t, jotka osallistuvat henkil\u00f6tietojen k\u00e4sittelyyn<\/strong><\/p>\n\n\n\n<p>Tutkija Hanna-Kaisa Lassila<\/p>\n\n\n\n<p><strong>Tutkimuksen nimi sek\u00e4 tutkimuksen kesto<\/strong><\/p>\n\n\n\n<p>Julkisen nolaamisen sukupuolittuneet k\u00e4yt\u00e4nn\u00f6t sosiaalisessa mediassa 2022-2025.<\/p>\n\n\n\n<p><strong>Henkil\u00f6tietojen lainmukainen k\u00e4sittelyperuste<\/strong><\/p>\n\n\n\n<p>Henkil\u00f6tietoja k\u00e4sitell\u00e4\u00e4n seuraavan, tietosuoja-asetuksen 6(1) artiklassa mainitun, k\u00e4sittelyperusteen nojalla:<\/p>\n\n\n\n<p>k\u00e4sittely on tarpeen yleist\u00e4 etua koskevan teht\u00e4v\u00e4n suorittamiseksi tai rekisterinpit\u00e4j\u00e4lle kuuluvan julkisen vallan k\u00e4ytt\u00e4miseksi: tieteellinen tai historiallinen tutkimus.<\/p>\n\n\n\n<p><strong>Tutkimusmateriaaliin sis\u00e4ltyv\u00e4t henkil\u00f6tiedot sek\u00e4 suojatoimenpiteet<\/strong><\/p>\n\n\n\n<p>Tutkimusta tehd\u00e4\u00e4n havainnoimalla ja tallentamalla sosiaalisen median julkaisuja ja kommentteja. Ker\u00e4tty aineisto saattaa sis\u00e4lt\u00e4\u00e4 seuraavia henkil\u00f6tietoja: nimi, nimimerkki, ik\u00e4, sukupuoli, etnisyys, terveystietoja, seksuaalinen suuntautuminen, uskonto ja poliittinen kanta.<\/p>\n\n\n\n<p>Aineisto pseydonymisoidaan ja suorat henkil\u00f6tiedot poistetaan.<\/p>\n\n\n\n<p><strong>Erityiset henkil\u00f6tietoryhm\u00e4t (arkaluontoiset henkil\u00f6tietoryhm\u00e4t)<\/strong><\/p>\n\n\n\n<p>Tutkimuksessa k\u00e4sitell\u00e4\u00e4n seuraavia erityisiin henkil\u00f6tietoryhmiin kuuluvia henkil\u00f6tietoja:<\/p>\n\n\n\n<p>Etnisyys, terveystiedot, seksuaalinen suuntautuminen, uskonto ja poliittinen kanta.<\/p>\n\n\n\n<p>Erityisi\u00e4 henkil\u00f6tietoryhmi\u00e4 k\u00e4sitell\u00e4\u00e4n seuraavan, tietosuoja-asetuksen artiklaan 9(2) perustuvan, k\u00e4sittelyperusteen nojalla:<\/p>\n\n\n\n<p>k\u00e4sittely on tarpeen yleist\u00e4 etua koskevan teht\u00e4v\u00e4n suorittamiseksi tai rekisterinpit\u00e4j\u00e4lle kuuluvan julkisen vallan k\u00e4ytt\u00e4miseksi:&nbsp; tieteellinen tai historiallinen tutkimus.<\/p>\n\n\n\n<p><strong>Henkil\u00f6tietojen ker\u00e4\u00e4misen l\u00e4hteet<\/strong><\/p>\n\n\n\n<p>Tutkimus sis\u00e4lt\u00e4\u00e4 nelj\u00e4 eri aineistoa:<\/p>\n\n\n\n<ol class=\"wp-block-list\">\n<li>r\/niceguys (<a href=\"https:\/\/www.reddit.com\/r\/niceguys\/\">https:\/\/www.reddit.com\/r\/niceguys\/<\/a>), kommentit ja julkaisut<\/li>\n\n\n\n<li>@influencersinthewild Instagram-tili, kommentit ja julkaisut<\/li>\n\n\n\n<li>r\/snappijuorut (https:\/\/www.reddit.com\/r\/snappijuorut\/), r\/snappisensuroimaton (https:\/\/www.reddit.com\/r\/snappisensuroimaton\/), kommentit ja julkaisut<\/li>\n\n\n\n<li>@swipes4daddy, julkaisut<\/li>\n<\/ol>\n\n\n\n<p><strong>Henkil\u00f6tietojen siirt\u00e4minen ja jakaminen kolmansille osapuolille<\/strong><\/p>\n\n\n\n<p>Henkil\u00f6tietoja ei siirret\u00e4 Turun yliopiston\/tutkimusryhm\u00e4n ulkopuolelle.<\/p>\n\n\n\n<p><strong>Henkil\u00f6tietojen siirt\u00e4minen EU:n tai ETA:n ulkopuolelle<\/strong><\/p>\n\n\n\n<p>Henkil\u00f6tietoja ei siirret\u00e4 Euroopan unionin tai Euroopan talousalueen ulkopuolelle.<\/p>\n\n\n\n<p><strong>Automaattinen p\u00e4\u00e4t\u00f6ksenteko ja noudatettavat suojatoimet<\/strong><\/p>\n\n\n\n<p>Automaattista p\u00e4\u00e4t\u00f6ksentekoa ei toteuteta k\u00e4sitelt\u00e4viin henkil\u00f6tietoihin.<\/p>\n\n\n\n<p><strong>Henkil\u00f6tietojen k\u00e4sittely tutkimuksen p\u00e4\u00e4ttymisen j\u00e4lkeen<\/strong><\/p>\n\n\n\n<p>Tutkimusaineisto poistetaan.<\/p>\n\n\n\n<p><strong>Oikeutesi rekister\u00f6ityn\u00e4 sek\u00e4 n\u00e4ihin teht\u00e4v\u00e4t poikkeamat<\/strong><\/p>\n\n\n\n<p>Lis\u00e4tietoja tietosuoja-asetusten mukaisista oikeuksista saa tutkijalta Hanna-Kaisa Lassila, hakalas@utu.fi.<\/p>\n\n\n\n<p><strong>Rekister\u00f6idyn oikeuksiin teht\u00e4v\u00e4t poikkeamat<\/strong><\/p>\n\n\n\n<p>Tietosuoja-asetuksen sek\u00e4 kansallisen tietosuojalain nojalla rekister\u00f6idyn oikeuksiin voidaan tehd\u00e4 tiettyj\u00e4 poikkeamia, kun henkil\u00f6tietojen k\u00e4sittelyperusteena toimii tieteellinen tutkimus ja oikeuksien toteuttaminen tekisi k\u00e4sittelyn tarkoituksen (t\u00e4ss\u00e4 tapauksessa tieteellisen tutkimuksen) joko mahdottomaksi tai aiheuttaisi huomattavaa haittaa k\u00e4sittelylle.<\/p>\n\n\n\n<p>Tarve tehd\u00e4 poikkeamia rekister\u00f6ityjen oikeuksiin arvioidaan aina tapauskohtaisesti. T\u00e4m\u00e4n tietosuojaselosteen tutkimuksessa on todenn\u00e4k\u00f6isesti tarpeen tehd\u00e4 poikkeamia seuraaviin rekister\u00f6ityjen oikeuksiin:<\/p>\n\n\n\n<p>Oikeus saada p\u00e4\u00e4sy tietoihin (Artikla 15)<\/p>\n\n\n\n<p>Oikeus tietojen oikaisemiseen (Artikla 16)<\/p>\n\n\n\n<p>Oikeus tietojen poistamiseen (Artikla 17)<\/p>\n\n\n\n<p>Oikeus k\u00e4sittelyn rajoittamiseen (Artikla 18)<\/p>\n\n\n\n<p>Oikeus siirt\u00e4\u00e4 tiedot j\u00e4rjestelm\u00e4st\u00e4 (Artikla 20)<\/p>\n\n\n\n<p>Vastustamisoikeus (Artikla 21)<\/p>\n\n\n\n<p>Perusteet teht\u00e4ville poikkeamille sek\u00e4 teht\u00e4vien poikkeamien ulottuvuus:<\/p>\n\n\n\n<p>Tutkimuksessa k\u00e4ytet\u00e4\u00e4n aineistona julkista sosiaalisen median sis\u00e4lt\u00f6\u00e4. Aineiston laadun, m\u00e4\u00e4r\u00e4n ja aineiston pseudonymisoinnin vuoksi tutkittavien oikeuksissa on poikkeamia. &nbsp;<\/p>\n\n\n\n<p><strong>Oikeus valituksen tekemiseen<\/strong><\/p>\n\n\n\n<p>Sinulla on oikeus tehd\u00e4 valitus tietosuojavaltuutetulle, jos koet, ett\u00e4 henkil\u00f6tietojasi on k\u00e4sitelty soveltuvan tietosuojalains\u00e4\u00e4d\u00e4nn\u00f6n vastaisesti.<\/p>\n\n\n\n<p>Tietosuojavaltuutetun yhteystiedot:<\/p>\n\n\n\n<p>Tietosuojavaltuutetun toimisto<\/p>\n\n\n\n<p>K\u00e4yntiosoite: Lintulahdenkuja 4, 00530 Helsinki<\/p>\n\n\n\n<p>Postiosoite: PL 800, 00531 Helsinki<\/p>\n\n\n\n<p>Puhelinvaihde: 029 566 6700<\/p>\n\n\n\n<p>S\u00e4hk\u00f6posti (kirjaamo): tietosuoja(at)om.fi<\/p>\n","protected":false},"excerpt":{"rendered":"<p>JULKISEN NOLAAMISEN SUKUPUOLITTUNEET K\u00c4YT\u00c4NN\u00d6T SOSIAALISESSA MEDIASSA Tietosuojailmoitus tutkittaville Rekisterinpit\u00e4j\u00e4 Tutkija: Hanna-Kaisa Lassila Yhteyshenkil\u00f6 projektia koskevissa asioissa: Hanna-Kaisa Lassila hakalas(at)utu.fi Tutkimus ja henkil\u00f6tietojen k\u00e4sittely Tutkimuksessa tarkastellaan julkisen nolaamisen sukupuolittuneita k\u00e4yt\u00e4nt\u00f6j\u00e4 sosiaalisessa mediassa. Analysoimalla julkisessa nolaamisessa osallisena olevia sosiaalisen median julkaisuja ja kommentteja, tutkimuksessa pyrit\u00e4\u00e4n tarkastelemaan julkisen nolaamisen eri k\u00e4yt\u00e4nt\u00f6j\u00e4 sosiaalisessa mediassa vernakulaarina valvontana ja kurittamisena. Tutkimuksessa &hellip; <a href=\"https:\/\/blogit.utu.fi\/julkinennolaaminensomessa\/tietosuojailmoitus\/\" class=\"more-link\">Jatka lukemista<span class=\"screen-reader-text\"> &#8221;Tietosuojailmoitus&#8221;<\/span><\/a><\/p>\n","protected":false},"author":14279,"featured_media":0,"parent":0,"menu_order":0,"comment_status":"closed","ping_status":"closed","template":"","meta":{"footnotes":""},"class_list":["post-6","page","type-page","status-publish","hentry"],"_links":{"self":[{"href":"https:\/\/blogit.utu.fi\/julkinennolaaminensomessa\/wp-json\/wp\/v2\/pages\/6","targetHints":{"allow":["GET"]}}],"collection":[{"href":"https:\/\/blogit.utu.fi\/julkinennolaaminensomessa\/wp-json\/wp\/v2\/pages"}],"about":[{"href":"https:\/\/blogit.utu.fi\/julkinennolaaminensomessa\/wp-json\/wp\/v2\/types\/page"}],"author":[{"embeddable":true,"href":"https:\/\/blogit.utu.fi\/julkinennolaaminensomessa\/wp-json\/wp\/v2\/users\/14279"}],"replies":[{"embeddable":true,"href":"https:\/\/blogit.utu.fi\/julkinennolaaminensomessa\/wp-json\/wp\/v2\/comments?post=6"}],"version-history":[{"count":8,"href":"https:\/\/blogit.utu.fi\/julkinennolaaminensomessa\/wp-json\/wp\/v2\/pages\/6\/revisions"}],"predecessor-version":[{"id":77,"href":"https:\/\/blogit.utu.fi\/julkinennolaaminensomessa\/wp-json\/wp\/v2\/pages\/6\/revisions\/77"}],"wp:attachment":[{"href":"https:\/\/blogit.utu.fi\/julkinennolaaminensomessa\/wp-json\/wp\/v2\/media?parent=6"}],"curies":[{"name":"wp","href":"https:\/\/api.w.org\/{rel}","templated":true}]}}