{"id":84,"date":"2024-08-10T12:20:04","date_gmt":"2024-08-10T12:20:04","guid":{"rendered":"https:\/\/blogit.utu.fi\/julkinennolaaminensomessa\/?page_id=84"},"modified":"2024-08-10T12:26:12","modified_gmt":"2024-08-10T12:26:12","slug":"84-2","status":"publish","type":"page","link":"https:\/\/blogit.utu.fi\/julkinennolaaminensomessa\/","title":{"rendered":"Julkisen nolaamisen sukupuolittuneet k\u00e4yt\u00e4nn\u00f6t sosiaalisessa mediassa"},"content":{"rendered":"\n<p>Julkinen nolaaminen somessa on Turun yliopiston folkloristiikan oppiaineeseen tekeill\u00e4 oleva v\u00e4it\u00f6stutkimus, jossa tarkastellaan yht\u00e4 sosiaalisen median yleistynytt\u00e4 k\u00e4ytt\u00f6tapaa: <em>sit\u00e4 miten k\u00e4ytt\u00e4j\u00e4t hy\u00f6dynt\u00e4v\u00e4t sosiaalista mediaa muiden ihmisten valvomiseen ja rankaisemiseen<\/em>. Tutkimuksessa nostetaan esiin erityisesti yksi sosiaalisessa mediassa k\u00e4ytetty kurituskeino: <em>julkinen nolaaminen <\/em>ja sen <em>sukupuolittuneet k\u00e4yt\u00e4nn\u00f6t<\/em>.<\/p>\n\n\n\n<p>Julkisen nolaamisen k\u00e4yt\u00e4nn\u00f6t sosiaalisessa mediassa ovat k\u00e4ytt\u00e4jien omaehtoista, luovaa vallank\u00e4ytt\u00f6\u00e4 ja toimintaa \u2013 ja toteutukseltaan arkisen helppoja. Julkisuuden henkil\u00f6iden ja tavallisten ihmisten huono k\u00e4yt\u00f6s tai muunlainen sopimattomuus paljastetaan jakamalla sosiaalisessa mediassa kuvakaappauksia heid\u00e4n omista sosiaalisen median julkaisuistaan, heid\u00e4n kanssaan k\u00e4ydyist\u00e4 keskusteluista tai esimerkiksi julkaisemalla heist\u00e4 salaa kuvattu video.<\/p>\n\n\n\n<p>Julkiseen nolaamisen t\u00e4ht\u00e4\u00e4v\u00e4t julkaisut eiv\u00e4t olekaan vain yksitt\u00e4isi\u00e4 paljastuksia yksitt\u00e4isist\u00e4 ihmisist\u00e4, vaan ne tuovat esiin arvoja ja normeja, joita halutaan yll\u00e4pit\u00e4\u00e4 tai muuttaa. Vaikka sosiaalisen median pilkkaavilla julkaisuilla saatetaankin joskus hakea vain hetken hupia, niill\u00e4 yll\u00e4pidet\u00e4\u00e4n my\u00f6s yhteiskunnan ja kulttuurin valta-asetelmia \u2013 tai vaihtoehtoisesti romutetaan niit\u00e4.<\/p>\n\n\n\n<p>Tutkimuksessa tarkastellaan julkista nolaamista monilla eri sosiaalisen median alustoilla, tavoitteena tutkia julkisen nolaamisen sukupuolittuneita k\u00e4yt\u00e4nt\u00f6j\u00e4 sosiaalisen median k\u00e4ytt\u00e4jien arjessa.<\/p>\n\n\n\n<p>_______________________________________________<\/p>\n\n\n\n<p><em>Julkisen nolaamisen sukupuolittuneet k\u00e4yt\u00e4nn\u00f6t sosiaalisessa mediassa<\/em> <\/p>\n\n\n\n<p>Koneen S\u00e4\u00e4ti\u00f6 2022-2025<\/p>\n","protected":false},"excerpt":{"rendered":"<p>Julkinen nolaaminen somessa on Turun yliopiston folkloristiikan oppiaineeseen tekeill\u00e4 oleva v\u00e4it\u00f6stutkimus, jossa tarkastellaan yht\u00e4 sosiaalisen median yleistynytt\u00e4 k\u00e4ytt\u00f6tapaa: sit\u00e4 miten k\u00e4ytt\u00e4j\u00e4t hy\u00f6dynt\u00e4v\u00e4t sosiaalista mediaa muiden ihmisten valvomiseen ja rankaisemiseen. Tutkimuksessa nostetaan esiin erityisesti yksi sosiaalisessa mediassa k\u00e4ytetty kurituskeino: julkinen nolaaminen ja sen sukupuolittuneet k\u00e4yt\u00e4nn\u00f6t. Julkisen nolaamisen k\u00e4yt\u00e4nn\u00f6t sosiaalisessa mediassa ovat k\u00e4ytt\u00e4jien omaehtoista, luovaa vallank\u00e4ytt\u00f6\u00e4 ja &hellip; <a href=\"https:\/\/blogit.utu.fi\/julkinennolaaminensomessa\/\" class=\"more-link\">Jatka lukemista<span class=\"screen-reader-text\"> &#8221;Julkisen nolaamisen sukupuolittuneet k\u00e4yt\u00e4nn\u00f6t sosiaalisessa mediassa&#8221;<\/span><\/a><\/p>\n","protected":false},"author":14279,"featured_media":0,"parent":0,"menu_order":1,"comment_status":"closed","ping_status":"closed","template":"","meta":{"footnotes":""},"class_list":["post-84","page","type-page","status-publish","hentry"],"_links":{"self":[{"href":"https:\/\/blogit.utu.fi\/julkinennolaaminensomessa\/wp-json\/wp\/v2\/pages\/84","targetHints":{"allow":["GET"]}}],"collection":[{"href":"https:\/\/blogit.utu.fi\/julkinennolaaminensomessa\/wp-json\/wp\/v2\/pages"}],"about":[{"href":"https:\/\/blogit.utu.fi\/julkinennolaaminensomessa\/wp-json\/wp\/v2\/types\/page"}],"author":[{"embeddable":true,"href":"https:\/\/blogit.utu.fi\/julkinennolaaminensomessa\/wp-json\/wp\/v2\/users\/14279"}],"replies":[{"embeddable":true,"href":"https:\/\/blogit.utu.fi\/julkinennolaaminensomessa\/wp-json\/wp\/v2\/comments?post=84"}],"version-history":[{"count":4,"href":"https:\/\/blogit.utu.fi\/julkinennolaaminensomessa\/wp-json\/wp\/v2\/pages\/84\/revisions"}],"predecessor-version":[{"id":88,"href":"https:\/\/blogit.utu.fi\/julkinennolaaminensomessa\/wp-json\/wp\/v2\/pages\/84\/revisions\/88"}],"wp:attachment":[{"href":"https:\/\/blogit.utu.fi\/julkinennolaaminensomessa\/wp-json\/wp\/v2\/media?parent=84"}],"curies":[{"name":"wp","href":"https:\/\/api.w.org\/{rel}","templated":true}]}}