{"id":111,"date":"2021-09-30T07:04:56","date_gmt":"2021-09-30T07:04:56","guid":{"rendered":"https:\/\/blogit.utu.fi\/junecto\/?page_id=111"},"modified":"2026-01-30T13:22:03","modified_gmt":"2026-01-30T13:22:03","slug":"join-us","status":"publish","type":"page","link":"https:\/\/blogit.utu.fi\/junecto\/join-us\/","title":{"rendered":"Liity mukaan! \/ Join us!"},"content":{"rendered":"\n<p><sup>(FI\/EN)<\/sup><\/p>\n\n\n\n<div class=\"wp-block-columns is-layout-flex wp-container-core-columns-is-layout-9d6595d7 wp-block-columns-is-layout-flex\">\n<div class=\"wp-block-column is-layout-flow wp-block-column-is-layout-flow\">\n<p>JUNecto ry:hyn voivat liitty\u00e4 kaikki Junon ja Utulingin v\u00e4it\u00f6skirjatutkijat. Vuoden 2026 j\u00e4senmaksu on viisi euroa.<\/p>\n\n\n\n<p><strong>Rekister\u00f6idy j\u00e4seneksi<\/strong> t\u00e4ytt\u00e4m\u00e4ll\u00e4 lomake t\u00e4\u00e4lt\u00e4:  <a rel=\"noreferrer noopener\" href=\"https:\/\/link.webropolsurveys.com\/S\/A6E30B430B2BB5E8\" target=\"_blank\">https:\/\/link.webropolsurveys.com\/S\/A6E30B430B2BB5E8<\/a>. <\/p>\n\n\n\n<p>Jatkavia j\u00e4seni\u00e4 pyydet\u00e4\u00e4n suorittamaan j\u00e4senmaksu helmikuun viimeiseen p\u00e4iv\u00e4\u00e4n menness\u00e4. Uusia j\u00e4seni\u00e4 pyydet\u00e4\u00e4n suorittamaan maksu kuukauden sis\u00e4ll\u00e4 liittymislomakkeen l\u00e4hett\u00e4misest\u00e4. Mik\u00e4li maksat j\u00e4senmaksun jonkun toisen puolesta, muistathan kirjoittaa henkil\u00f6n nimen maksun viestinkentt\u00e4\u00e4n.<\/p>\n\n\n\n<p>Pankkitiedot j\u00e4senmaksua varten ovat:<\/p>\n\n\n\n<blockquote class=\"wp-block-quote is-layout-flow wp-block-quote-is-layout-flow\">\n<p>IBAN-tilinumero: FI07 5716 9020 1145 21<br>BIC: OKOYFIHH<br>Viitenumero: 1119<\/p>\n<\/blockquote>\n\n\n\n<p>Liity s\u00e4hk\u00f6postilistallemme saadaksesi tietoa tapahtumista:  <strong>junecto@lists.utu.fi<\/strong>.<\/p>\n<\/div>\n\n\n\n<div class=\"wp-block-column is-layout-flow wp-block-column-is-layout-flow\">\n<p>JUNecto ry is open to all Juno and Utuling doctoral researchers. The membership fee for the year 2026 is five euros.<\/p>\n\n\n\n<p><strong>Register as a member<\/strong> here: <a rel=\"noreferrer noopener\" href=\"https:\/\/link.webropolsurveys.com\/S\/A6E30B430B2BB5E8\" target=\"_blank\">https:\/\/link.webropolsurveys.com\/S\/A6E30B430B2BB5E8<\/a><\/p>\n\n\n\n<p>Continuing members are requested to pay the membership fee by the last  day of February. New members are requested to pay the fee within a month after sending the registration form. If you pay the membership fee on behalf of someone else, please write the name in the message box.<\/p>\n\n\n\n<p>Bank details are below:<\/p>\n\n\n\n<blockquote class=\"wp-block-quote is-layout-flow wp-block-quote-is-layout-flow\">\n<p>Bank account no IBAN: FI07 5716 9020 1145 21<br>BIC: OKOYFIHH<br>Reference number: 1119<\/p>\n<\/blockquote>\n\n\n\n<p>Join our mailing list to learn more about events: <strong>junecto@lists.utu.fi<\/strong>.<\/p>\n<\/div>\n<\/div>\n","protected":false},"excerpt":{"rendered":"<p>(FI\/EN) JUNecto ry:hyn voivat liitty\u00e4 kaikki Junon ja Utulingin v\u00e4it\u00f6skirjatutkijat. Vuoden 2026 j\u00e4senmaksu on viisi euroa. Rekister\u00f6idy j\u00e4seneksi t\u00e4ytt\u00e4m\u00e4ll\u00e4 lomake<\/p>\n","protected":false},"author":9212,"featured_media":0,"parent":0,"menu_order":0,"comment_status":"closed","ping_status":"closed","template":"","meta":{"footnotes":""},"class_list":["post-111","page","type-page","status-publish","hentry","comments-off"],"_links":{"self":[{"href":"https:\/\/blogit.utu.fi\/junecto\/wp-json\/wp\/v2\/pages\/111","targetHints":{"allow":["GET"]}}],"collection":[{"href":"https:\/\/blogit.utu.fi\/junecto\/wp-json\/wp\/v2\/pages"}],"about":[{"href":"https:\/\/blogit.utu.fi\/junecto\/wp-json\/wp\/v2\/types\/page"}],"author":[{"embeddable":true,"href":"https:\/\/blogit.utu.fi\/junecto\/wp-json\/wp\/v2\/users\/9212"}],"replies":[{"embeddable":true,"href":"https:\/\/blogit.utu.fi\/junecto\/wp-json\/wp\/v2\/comments?post=111"}],"version-history":[{"count":13,"href":"https:\/\/blogit.utu.fi\/junecto\/wp-json\/wp\/v2\/pages\/111\/revisions"}],"predecessor-version":[{"id":570,"href":"https:\/\/blogit.utu.fi\/junecto\/wp-json\/wp\/v2\/pages\/111\/revisions\/570"}],"wp:attachment":[{"href":"https:\/\/blogit.utu.fi\/junecto\/wp-json\/wp\/v2\/media?parent=111"}],"curies":[{"name":"wp","href":"https:\/\/api.w.org\/{rel}","templated":true}]}}