{"id":96,"date":"2021-09-30T06:58:36","date_gmt":"2021-09-30T06:58:36","guid":{"rendered":"https:\/\/blogit.utu.fi\/junecto\/?page_id=96"},"modified":"2023-05-08T11:37:14","modified_gmt":"2023-05-08T11:37:14","slug":"about-junecto-ry","status":"publish","type":"page","link":"https:\/\/blogit.utu.fi\/junecto\/about-junecto-ry\/","title":{"rendered":"Mik\u00e4 JUNecto ry on? \/ What is JUNecto ry?"},"content":{"rendered":"\n<p><sub><sup>(FI\/EN)<\/sup><\/sub><\/p>\n\n\n\n<div class=\"wp-block-columns is-layout-flex wp-container-core-columns-is-layout-9d6595d7 wp-block-columns-is-layout-flex\">\n<div class=\"wp-block-column is-layout-flow wp-block-column-is-layout-flow\">\n<p style=\"font-size:18px\"><strong>JUNecto ry<\/strong> on Turun yliopiston humanistisen tiedekunnan tohtoriohjelmien, Junon ja Utulingin, v\u00e4it\u00f6skirjatutkijoiden yhdistys. Yhdistys edustaa tohtoriohjelmien kaikkia v\u00e4it\u00f6skirjatutkijoita \u2013 t\u00e4ysp\u00e4iv\u00e4isesti tutkivia, osa-aikaisia ja kansainv\u00e4lisi\u00e4 tutkijoita. JUNecton tavoitteena on ajaa v\u00e4it\u00f6skirjatutkijoiden oikeuksia yliopistolla, kehitt\u00e4\u00e4 yhteis\u00f6llisyytt\u00e4 ja parantaa verkostoitumista.<\/p>\n\n\n\n<p>JUNecto suunnittelee ja j\u00e4rjest\u00e4\u00e4 akateemisia ja sosiaalisia tapahtumia Junon ja Utulingin v\u00e4it\u00f6skirjatutkijoille. Lis\u00e4ksi yhdistys tukee ja avustaa ohjelmien kansainv\u00e4lisi\u00e4  v\u00e4it\u00f6skirjatutkijoita.<\/p>\n<\/div>\n\n\n\n<div class=\"wp-block-column is-layout-flow wp-block-column-is-layout-flow\">\n<p style=\"font-size:18px\"><strong>JUNecto ry<\/strong> an association for doctoral researchers in the University of Turku&#8217;s Faculty of Humanities&#8217; doctoral programmes, Juno and Utuling. The association represents all doctoral researchers in the programmes \u2013 full-time, part-time and international researchers. JUNecto&#8217;s goal is to advocate the rights of the programmes&#8217;  doctoral researchers, create communality and enhance networking.<\/p>\n\n\n\n<p>JUNecto plans and organizes academic and social events for the doctoral researchers of Juno and Utuling. In addition, the association supports and assists international doctoral researchers in the programmes.<\/p>\n<\/div>\n<\/div>\n","protected":false},"excerpt":{"rendered":"<p>(FI\/EN) JUNecto ry on Turun yliopiston humanistisen tiedekunnan tohtoriohjelmien, Junon ja Utulingin, v\u00e4it\u00f6skirjatutkijoiden yhdistys. Yhdistys edustaa tohtoriohjelmien kaikkia v\u00e4it\u00f6skirjatutkijoita \u2013<\/p>\n","protected":false},"author":9212,"featured_media":0,"parent":0,"menu_order":0,"comment_status":"closed","ping_status":"closed","template":"","meta":{"footnotes":""},"class_list":["post-96","page","type-page","status-publish","hentry","comments-off"],"_links":{"self":[{"href":"https:\/\/blogit.utu.fi\/junecto\/wp-json\/wp\/v2\/pages\/96","targetHints":{"allow":["GET"]}}],"collection":[{"href":"https:\/\/blogit.utu.fi\/junecto\/wp-json\/wp\/v2\/pages"}],"about":[{"href":"https:\/\/blogit.utu.fi\/junecto\/wp-json\/wp\/v2\/types\/page"}],"author":[{"embeddable":true,"href":"https:\/\/blogit.utu.fi\/junecto\/wp-json\/wp\/v2\/users\/9212"}],"replies":[{"embeddable":true,"href":"https:\/\/blogit.utu.fi\/junecto\/wp-json\/wp\/v2\/comments?post=96"}],"version-history":[{"count":7,"href":"https:\/\/blogit.utu.fi\/junecto\/wp-json\/wp\/v2\/pages\/96\/revisions"}],"predecessor-version":[{"id":371,"href":"https:\/\/blogit.utu.fi\/junecto\/wp-json\/wp\/v2\/pages\/96\/revisions\/371"}],"wp:attachment":[{"href":"https:\/\/blogit.utu.fi\/junecto\/wp-json\/wp\/v2\/media?parent=96"}],"curies":[{"name":"wp","href":"https:\/\/api.w.org\/{rel}","templated":true}]}}