{"id":168,"date":"2018-10-02T07:32:10","date_gmt":"2018-10-02T07:32:10","guid":{"rendered":"https:\/\/blogit.utu.fi\/kamera\/?page_id=168"},"modified":"2018-10-02T08:21:23","modified_gmt":"2018-10-02T08:21:23","slug":"avausseminaari","status":"publish","type":"page","link":"https:\/\/blogit.utu.fi\/kamera\/seminaarit\/avausseminaari\/","title":{"rendered":"Avausseminaari"},"content":{"rendered":"<p>Kansallisen menneisyyden rakentajat -tutkimushankkeen tavoitteena on esitell\u00e4 arkistoalan toimijoita ja heid\u00e4n valintojaan 1800-luvulta nykyp\u00e4iv\u00e4\u00e4n. Hankkeen avausseminaarissa pohdittiin, kenen historia on ollut ja on s\u00e4ilytt\u00e4misen arvoista, miten ja mill\u00e4 perustein pysyv\u00e4sti s\u00e4ilytett\u00e4v\u00e4t aineistot on valittu ja valitaan tulevaisuudessa, kenen aineistot tai ilmi\u00f6t on unohdettu tai tullaan tulevaisuudessa unohtamaan sek\u00e4 miten n\u00e4m\u00e4 aineistot ovat tutkijoiden tavoitettavissa. Seminaari j\u00e4rjestettiin maanantaina 17.10.2011.<\/p>\n<div class=\"article-content ms-rteElement-H4\">\n<p id=\"ctl00_PlaceHolderMain_RichHtmlField2__ControlWrapper_RichHtmlField\" class=\"ms-rtestate-field\"><strong>Ohjelma:<\/strong><br \/>\nProf. Kirsi Vainio-Korhonen: Vallan verkostot ja muistin paikat<\/p>\n<p class=\"ms-rtestate-field\">FL Jari Lybeck: Asiakirjahallintoajattelun synty ja kehitys Suomessa<\/p>\n<p class=\"ms-rtestate-field\">FM Outi Hupaniittu: Kansallisen historian portinvartijat \u2013 viranomaisarkistojen seulontapolitiikka 1940-luvulta 2010-luvulle<\/p>\n<p class=\"ms-rtestate-field\">HuK Taina Saarenp\u00e4\u00e4: Suomen keskiaikaa rakentamassa \u2013 l\u00e4hteet ja\u00a0 l\u00e4hdejulkaisut<\/p>\n<p class=\"ms-rtestate-field\">FM Riikka Kiuru: Arkistoitu suomalaisuus \u2013 Kulttuurin m\u00e4\u00e4rittelyvalta ja sen j\u00e4ljet Suomalaisen Kirjallisuuden Seuran arkistoissa<\/p>\n<p class=\"ms-rtestate-field\">FM Petra Hakala: Arkivsamlingarnas tillkomst inom Svenska\u00a0 litteraturs\u00e4llskapet i Finland i slutet av 1800-talet<\/p>\n<p class=\"ms-rtestate-field\">Dos. Ulla-Maija Peltonen: Arkistojen hiljaisuudet<\/p>\n<p class=\"ms-rtestate-field\">FM Andreas McKeough: Kriisiajan arkistot ja vuoden 1918 muistot<\/p>\n<p class=\"ms-rtestate-field\">HuK Liisa Vuonokari: Sotasaalisarkisto It\u00e4-Karjalan miehityspolitiikan v\u00e4lineen\u00e4 1941 \u2013 1944<\/p>\n<\/div>\n","protected":false},"excerpt":{"rendered":"<p>Kansallisen menneisyyden rakentajat -tutkimushankkeen tavoitteena on esitell\u00e4 arkistoalan toimijoita ja heid\u00e4n valintojaan 1800-luvulta nykyp\u00e4iv\u00e4\u00e4n. Hankkeen avausseminaarissa pohdittiin, kenen historia on ollut ja on s\u00e4ilytt\u00e4misen arvoista, miten ja mill\u00e4 perustein pysyv\u00e4sti s\u00e4ilytett\u00e4v\u00e4t aineistot on valittu ja valitaan tulevaisuudessa, kenen aineistot tai ilmi\u00f6t on unohdettu tai tullaan tulevaisuudessa unohtamaan sek\u00e4 miten n\u00e4m\u00e4 aineistot ovat tutkijoiden tavoitettavissa. Seminaari [&hellip;]<\/p>\n","protected":false},"author":1067,"featured_media":0,"parent":42,"menu_order":0,"comment_status":"closed","ping_status":"closed","template":"","meta":{"footnotes":""},"class_list":["post-168","page","type-page","status-publish","hentry","post-preview"],"_links":{"self":[{"href":"https:\/\/blogit.utu.fi\/kamera\/wp-json\/wp\/v2\/pages\/168","targetHints":{"allow":["GET"]}}],"collection":[{"href":"https:\/\/blogit.utu.fi\/kamera\/wp-json\/wp\/v2\/pages"}],"about":[{"href":"https:\/\/blogit.utu.fi\/kamera\/wp-json\/wp\/v2\/types\/page"}],"author":[{"embeddable":true,"href":"https:\/\/blogit.utu.fi\/kamera\/wp-json\/wp\/v2\/users\/1067"}],"replies":[{"embeddable":true,"href":"https:\/\/blogit.utu.fi\/kamera\/wp-json\/wp\/v2\/comments?post=168"}],"version-history":[{"count":4,"href":"https:\/\/blogit.utu.fi\/kamera\/wp-json\/wp\/v2\/pages\/168\/revisions"}],"predecessor-version":[{"id":474,"href":"https:\/\/blogit.utu.fi\/kamera\/wp-json\/wp\/v2\/pages\/168\/revisions\/474"}],"up":[{"embeddable":true,"href":"https:\/\/blogit.utu.fi\/kamera\/wp-json\/wp\/v2\/pages\/42"}],"wp:attachment":[{"href":"https:\/\/blogit.utu.fi\/kamera\/wp-json\/wp\/v2\/media?parent=168"}],"curies":[{"name":"wp","href":"https:\/\/api.w.org\/{rel}","templated":true}]}}