{"id":210,"date":"2018-10-02T07:40:50","date_gmt":"2018-10-02T07:40:50","guid":{"rendered":"https:\/\/blogit.utu.fi\/kamera\/?page_id=210"},"modified":"2018-10-02T08:06:21","modified_gmt":"2018-10-02T08:06:21","slug":"arkistojen-hiljaisuudet-kielivahemmistot-arkistoissa","status":"publish","type":"page","link":"https:\/\/blogit.utu.fi\/kamera\/seminaarit\/arkistojen-hiljaisuudet-kielivahemmistot-arkistoissa\/","title":{"rendered":"Arkistojen hiljaisuudet \u2013 Kieliv\u00e4hemmist\u00f6t arkistoissa"},"content":{"rendered":"<div class=\"utu-article-header\">\n<p class=\"utu-by-line\">Mit\u00e4 kieliv\u00e4hemmist\u00f6jen aineistoja ja mill\u00e4 kielill\u00e4 aineistoja on suomalaisissa arkistoissa ja mill\u00e4 kielill\u00e4 niit\u00e4 pit\u00e4isi olla? Millaisia kielellisi\u00e4 rajauksia aineistojen hankinnassa on historiallisesti tehty tai tehd\u00e4\u00e4n t\u00e4ll\u00e4 hetkell\u00e4, ja miten aineistokartunnan vinoutumia voitaisiin korjata?<\/p>\n<p class=\"utu-by-line\">Arkistoaineistojen sis\u00e4lt\u00f6\u00f6n, tallentamiseen ja k\u00e4ytt\u00f6\u00f6n liittyy monenlaisia julkilausuttuja ja huomaamattomia ideologioita, tunteita ja k\u00e4yt\u00e4nn\u00f6n kysymyksi\u00e4. Mit\u00e4 ne eri aineistojen kohdalla ovat ja miten ne olisivat ratkaistavissa? Ent\u00e4 mit\u00e4 aineistoja arkistoista puuttuu ja miksi sek\u00e4 millaisia hankintalinjauksia tulevaisuudessa tulisi tehd\u00e4?<\/p>\n<p class=\"utu-by-line\">Seminaarin j\u00e4rjestiv\u00e4t Svenska litteraturs\u00e4llskapet i Finland, Kulttuuria kaikille -palvelu, Suomen Akatemian Kansallista menneisyytt\u00e4 rakentamassa ja tulkitsemassa -tutkimushanke, Turun yliopisto, Helin\u00e4 Rautavaara museo ja Suomalaisen Kirjallisuuden Seura\u00a0 torstaina 6.11.2014.<\/p>\n<p class=\"utu-by-line\"><strong>Ohjelma<\/strong><\/p>\n<p class=\"utu-by-line\"><em>Diasporic Literary Archives: Questions of Location, Ownership and Interpretation,<\/em> David Sutton\u00a0\u00a0(University of Reading Library, International Council on Archives, Section of Art and Literary Archives)<\/p>\n<p class=\"utu-by-line\"><em>De osynliga \u2013 Finlands tatarer,<\/em> Sabira St\u00e5hlberg<\/p>\n<p class=\"utu-by-line\"><em>Arkiston vaiennetut \u00e4\u00e4net \u2013 Paneeli I<\/em> \u2013 Sabira St\u00e5hlberg, Risto Blomster, Simo Muir ja Inker-Anni Linkola sek\u00e4 puheenjohtajana Rita Paqval\u00e9n<\/p>\n<p class=\"utu-by-line\"><em>Hiljaisuuksia SKS:n arkistoissa,<\/em> Ulla-Maija Peltonen<\/p>\n<p class=\"utu-by-line\"><em>P\u00e5 spaning efter minoriteter i minoriteten<\/em>, Sanne \u00d6sterlund-P\u00f6tzsch<\/p>\n<p class=\"utu-by-line\"><em>Monikielisyys Saamelaisarkiston arvona,<\/em>\u00a0Inker-Anni\u00a0Linkola<\/p>\n<p class=\"utu-by-line\"><em>Miten arkistoida viittomakielist\u00e4 aineistoa?,<\/em> Leena Savolainen<\/p>\n<p class=\"utu-by-line\"><em>Romanien lauluperinteen j\u00e4ljill\u00e4,<\/em> Hilja Gr\u00f6nfors<\/p>\n<p class=\"utu-by-line\"><em>Arkistojen keruuty\u00f6st\u00e4 \u2013 Paneeli II<\/em> \u2013 Hilja Gr\u00f6nfors, Suaado Jama, Katri Kivilaakso ja Yrsa Lindqvist sek\u00e4 puheenjohtajana Ulla-Maija Peltonen<\/p>\n<\/div>\n","protected":false},"excerpt":{"rendered":"<p>Mit\u00e4 kieliv\u00e4hemmist\u00f6jen aineistoja ja mill\u00e4 kielill\u00e4 aineistoja on suomalaisissa arkistoissa ja mill\u00e4 kielill\u00e4 niit\u00e4 pit\u00e4isi olla? Millaisia kielellisi\u00e4 rajauksia aineistojen hankinnassa on historiallisesti tehty tai tehd\u00e4\u00e4n t\u00e4ll\u00e4 hetkell\u00e4, ja miten aineistokartunnan vinoutumia voitaisiin korjata? Arkistoaineistojen sis\u00e4lt\u00f6\u00f6n, tallentamiseen ja k\u00e4ytt\u00f6\u00f6n liittyy monenlaisia julkilausuttuja ja huomaamattomia ideologioita, tunteita ja k\u00e4yt\u00e4nn\u00f6n kysymyksi\u00e4. Mit\u00e4 ne eri aineistojen kohdalla ovat [&hellip;]<\/p>\n","protected":false},"author":1067,"featured_media":0,"parent":42,"menu_order":0,"comment_status":"closed","ping_status":"closed","template":"","meta":{"footnotes":""},"class_list":["post-210","page","type-page","status-publish","hentry","post-preview"],"_links":{"self":[{"href":"https:\/\/blogit.utu.fi\/kamera\/wp-json\/wp\/v2\/pages\/210","targetHints":{"allow":["GET"]}}],"collection":[{"href":"https:\/\/blogit.utu.fi\/kamera\/wp-json\/wp\/v2\/pages"}],"about":[{"href":"https:\/\/blogit.utu.fi\/kamera\/wp-json\/wp\/v2\/types\/page"}],"author":[{"embeddable":true,"href":"https:\/\/blogit.utu.fi\/kamera\/wp-json\/wp\/v2\/users\/1067"}],"replies":[{"embeddable":true,"href":"https:\/\/blogit.utu.fi\/kamera\/wp-json\/wp\/v2\/comments?post=210"}],"version-history":[{"count":8,"href":"https:\/\/blogit.utu.fi\/kamera\/wp-json\/wp\/v2\/pages\/210\/revisions"}],"predecessor-version":[{"id":387,"href":"https:\/\/blogit.utu.fi\/kamera\/wp-json\/wp\/v2\/pages\/210\/revisions\/387"}],"up":[{"embeddable":true,"href":"https:\/\/blogit.utu.fi\/kamera\/wp-json\/wp\/v2\/pages\/42"}],"wp:attachment":[{"href":"https:\/\/blogit.utu.fi\/kamera\/wp-json\/wp\/v2\/media?parent=210"}],"curies":[{"name":"wp","href":"https:\/\/api.w.org\/{rel}","templated":true}]}}