{"id":303,"date":"2018-10-02T07:58:58","date_gmt":"2018-10-02T07:58:58","guid":{"rendered":"https:\/\/blogit.utu.fi\/kamera\/?page_id=303"},"modified":"2018-10-02T08:07:58","modified_gmt":"2018-10-02T08:07:58","slug":"andreas-mckeough","status":"publish","type":"page","link":"https:\/\/blogit.utu.fi\/kamera\/tutkijat\/andreas-mckeough\/","title":{"rendered":"Andreas McKeough"},"content":{"rendered":"<div class=\"utu-article-header\">\n<p class=\"utu-title\">Andreas McKeough (University of Helsinki) wrote\u00a0his doctoral dissertation on the Finnish Civil War of 1918. McKeough\u2019s research focuses on personal narratives on the war, especially on how the cultural and social elements in individual narratives reflect the different ways in which the war was experienced and perceived. In his research McKeough also\u00a0showcases how and following which ideological premises different archives have collected material on the Civil War.<\/p>\n<\/div>\n<div class=\"article-content ms-rteElement-H4\">\n<div id=\"ctl00_PlaceHolderMain_RichHtmlField2__ControlWrapper_RichHtmlField\" class=\"ms-rtestate-field\">\n<p>&nbsp;<\/p>\n<p><a href=\"http:\/\/hdl.handle.net\/10138\/174000\"><em>Kirjoittaen kerrottu sota. Tutkimus vuoden 1918 sodan kerronnallisesta k\u00e4sittelyst\u00e4 omael\u00e4m\u00e4nkerrallisissa teksteiss\u00e4<\/em>.<\/a> Helsingin yliopisto, Ty\u00f6v\u00e4en historian ja perinteen tutkimuksen seura: Tampere 2017.<\/p>\n<\/div>\n<\/div>\n","protected":false},"excerpt":{"rendered":"<p>Andreas McKeough (University of Helsinki) wrote\u00a0his doctoral dissertation on the Finnish Civil War of 1918. McKeough\u2019s research focuses on personal narratives on the war, especially on how the cultural and social elements in individual narratives reflect the different ways in which the war was experienced and perceived. In his research McKeough also\u00a0showcases how and following [&hellip;]<\/p>\n","protected":false},"author":1067,"featured_media":0,"parent":51,"menu_order":0,"comment_status":"closed","ping_status":"closed","template":"","meta":{"footnotes":""},"class_list":["post-303","page","type-page","status-publish","hentry","post-preview"],"_links":{"self":[{"href":"https:\/\/blogit.utu.fi\/kamera\/wp-json\/wp\/v2\/pages\/303","targetHints":{"allow":["GET"]}}],"collection":[{"href":"https:\/\/blogit.utu.fi\/kamera\/wp-json\/wp\/v2\/pages"}],"about":[{"href":"https:\/\/blogit.utu.fi\/kamera\/wp-json\/wp\/v2\/types\/page"}],"author":[{"embeddable":true,"href":"https:\/\/blogit.utu.fi\/kamera\/wp-json\/wp\/v2\/users\/1067"}],"replies":[{"embeddable":true,"href":"https:\/\/blogit.utu.fi\/kamera\/wp-json\/wp\/v2\/comments?post=303"}],"version-history":[{"count":3,"href":"https:\/\/blogit.utu.fi\/kamera\/wp-json\/wp\/v2\/pages\/303\/revisions"}],"predecessor-version":[{"id":399,"href":"https:\/\/blogit.utu.fi\/kamera\/wp-json\/wp\/v2\/pages\/303\/revisions\/399"}],"up":[{"embeddable":true,"href":"https:\/\/blogit.utu.fi\/kamera\/wp-json\/wp\/v2\/pages\/51"}],"wp:attachment":[{"href":"https:\/\/blogit.utu.fi\/kamera\/wp-json\/wp\/v2\/media?parent=303"}],"curies":[{"name":"wp","href":"https:\/\/api.w.org\/{rel}","templated":true}]}}