{"id":42,"date":"2018-10-01T13:31:13","date_gmt":"2018-10-01T13:31:13","guid":{"rendered":"https:\/\/blogit.utu.fi\/kamera\/?page_id=42"},"modified":"2018-11-26T13:40:59","modified_gmt":"2018-11-26T13:40:59","slug":"seminaarit","status":"publish","type":"page","link":"https:\/\/blogit.utu.fi\/kamera\/seminaarit\/","title":{"rendered":"Seminaarit"},"content":{"rendered":"<p>Projektin yhteydess\u00e4 j\u00e4rjestettiin s\u00e4\u00e4nn\u00f6llisesti kansainv\u00e4lisi\u00e4 tutkimusseminaareja. Seminaarit olivat avoimia kaikille aiheesta kiinnostuneille tutkijoille ja opiskelijoille.<\/p>\n<div id=\"attachment_560\" style=\"width: 310px\" class=\"wp-caption alignright\"><img loading=\"lazy\" decoding=\"async\" aria-describedby=\"caption-attachment-560\" class=\"size-medium wp-image-560\" src=\"https:\/\/blogit.utu.fi\/kamera\/wp-content\/uploads\/sites\/183\/2018\/11\/sksk2012_0150_f-300x243.jpg\" alt=\"\" width=\"300\" height=\"243\" srcset=\"https:\/\/blogit.utu.fi\/kamera\/wp-content\/uploads\/sites\/183\/2018\/11\/sksk2012_0150_f-300x243.jpg 300w, https:\/\/blogit.utu.fi\/kamera\/wp-content\/uploads\/sites\/183\/2018\/11\/sksk2012_0150_f-768x621.jpg 768w, https:\/\/blogit.utu.fi\/kamera\/wp-content\/uploads\/sites\/183\/2018\/11\/sksk2012_0150_f-1024x828.jpg 1024w, https:\/\/blogit.utu.fi\/kamera\/wp-content\/uploads\/sites\/183\/2018\/11\/sksk2012_0150_f-676x547.jpg 676w\" sizes=\"auto, (max-width: 300px) 100vw, 300px\" \/><p id=\"caption-attachment-560\" class=\"wp-caption-text\">Archives as Networks of Power\u00a0seminaari.<br \/>Kuva: SKS:n arkisto, Perinteen ja nykykulttuurin kokoelma. Valokuvaaja Milla Er\u00e4saari.<\/p><\/div>\n<ul>\n<li>Avausseminaari 2011<\/li>\n<li>Archives as Networks of Power 2012<\/li>\n<li>Archives as Sites of Memory 2013<\/li>\n<li>Arkistojen hiljaisuudet \u2013 Kieliv\u00e4hemmist\u00f6t arkistoissa 2014<\/li>\n<li>Constructors of the Past 2015\n<div>\n<div class=\"article-content ms-rteElement-H4\"><\/div>\n<\/div>\n<\/li>\n<\/ul>\n","protected":false},"excerpt":{"rendered":"<p>Projektin yhteydess\u00e4 j\u00e4rjestettiin s\u00e4\u00e4nn\u00f6llisesti kansainv\u00e4lisi\u00e4 tutkimusseminaareja. Seminaarit olivat avoimia kaikille aiheesta kiinnostuneille tutkijoille ja opiskelijoille. Avausseminaari 2011 Archives as Networks of Power 2012 Archives as Sites of Memory 2013 Arkistojen hiljaisuudet \u2013 Kieliv\u00e4hemmist\u00f6t arkistoissa 2014 Constructors of the Past 2015<\/p>\n","protected":false},"author":1067,"featured_media":0,"parent":0,"menu_order":0,"comment_status":"closed","ping_status":"closed","template":"","meta":{"footnotes":""},"class_list":["post-42","page","type-page","status-publish","hentry","post-preview"],"_links":{"self":[{"href":"https:\/\/blogit.utu.fi\/kamera\/wp-json\/wp\/v2\/pages\/42","targetHints":{"allow":["GET"]}}],"collection":[{"href":"https:\/\/blogit.utu.fi\/kamera\/wp-json\/wp\/v2\/pages"}],"about":[{"href":"https:\/\/blogit.utu.fi\/kamera\/wp-json\/wp\/v2\/types\/page"}],"author":[{"embeddable":true,"href":"https:\/\/blogit.utu.fi\/kamera\/wp-json\/wp\/v2\/users\/1067"}],"replies":[{"embeddable":true,"href":"https:\/\/blogit.utu.fi\/kamera\/wp-json\/wp\/v2\/comments?post=42"}],"version-history":[{"count":5,"href":"https:\/\/blogit.utu.fi\/kamera\/wp-json\/wp\/v2\/pages\/42\/revisions"}],"predecessor-version":[{"id":563,"href":"https:\/\/blogit.utu.fi\/kamera\/wp-json\/wp\/v2\/pages\/42\/revisions\/563"}],"wp:attachment":[{"href":"https:\/\/blogit.utu.fi\/kamera\/wp-json\/wp\/v2\/media?parent=42"}],"curies":[{"name":"wp","href":"https:\/\/api.w.org\/{rel}","templated":true}]}}