{"id":480,"date":"2018-10-02T08:28:41","date_gmt":"2018-10-02T08:28:41","guid":{"rendered":"https:\/\/blogit.utu.fi\/kamera\/?page_id=480"},"modified":"2021-11-12T08:31:37","modified_gmt":"2021-11-12T08:31:37","slug":"publications","status":"publish","type":"page","link":"https:\/\/blogit.utu.fi\/kamera\/in-english\/publications\/","title":{"rendered":"Publications"},"content":{"rendered":"<p>Arkistot ja kulttuuriperint\u00f6. Outi Hupaniittu &amp; Ulla-Maija Peltonen (toim.). Tietolipas 268. Suomalaisen Kirjallisuuden Seura, Helsinki 2021. DOI: <a href=\"https:\/\/doi.org\/10.21435\/tl.268\">https:\/\/doi.org\/10.21435\/tl.268\u00a0<\/a><\/p>\n<p style=\"font-weight: 400\">Hakala, Petra: Arkivsamlingarna vid SLS. En spegling av kultursyn och sj\u00e4lvbild?\u00a0Arkiven vid Svenska litteraturs\u00e4llskapet i Finland 1885 &#8211; 2010. Helsingfors 2014\u200b.<\/p>\n<p style=\"font-weight: 400\">Hakala, Petra ja Saarenp\u00e4\u00e4, Taina: Arkistodiplomatian, vallan ja eettisten kysymysten \u00e4\u00e4rell\u00e4. Yksityisarkistojen erityispiirteet arkistoalan ylemm\u00e4ss\u00e4 koulutuksessa. Julkaisussa Kaupungin varjoissa, arkistojen valossa. Kirsi Vainio-Korhosen juhlakirja. Topi Artukka, Jarkko Keskinen ja Taina Saarenp\u00e4\u00e4 (toim.) Turku: Sigillum, 2018.\u00a044-59<\/p>\n<p style=\"font-weight: 400\">Kiuru, Riikka ja McKeough, Andreas: Kansallista menneisyytt\u00e4 rakentamassa ja tulkitsemassa. Suomalaiset arkistoinstituutiot vallan verkostoina ja muistin paikkoina (Making and Interpreting.\u00a0National Pasts &#8211; Role of Finnish Archives as Networks of Power and Sites of Memory).\u00a0<a href=\"http:\/\/www.elore.fi\/arkisto\/2_11\/kiuru.pdf\">Elore (ISSN 1456- 3010), vol.18 &#8211; 2\/2011.\u00a0<\/a>Julkaisija: Suomen Kansantietouden Tutkijain Seura ry.<\/p>\n<p style=\"font-weight: 400\">Korhonen, Mikael:\u00a0Private Digital Archives &#8211; Lost Cultural Heritage?,\u00a0Essays on\u00a0Libraries, Cultural Heritage and Freedom of Information. Helsinki 2013.<\/p>\n<p style=\"font-weight: 400\">Korhonen, Mikael:\u00a0SLS arkiv mot 2000-talet. Julkaisussa\u00a0Arkiv, minne och gl\u00f6mska. Arkiven vid Svenska litteraturs\u00e4llskapet i Finland 1885 &#8211; 2010. Helsingfors 2014.<\/p>\n<p style=\"font-weight: 400\">McKeough, Andreas:\u00a0<a href=\"http:\/\/hdl.handle.net\/10138\/174000\">Kirjoittaen kerrotu sota\u200b<\/a>. Tutkimus vuoden 1918 kerronnallisesta k\u00e4sittelyst\u00e4 omael\u00e4m\u00e4nkerrallisissa teksteiss\u00e4. Helsingin yliopisto, folkloristiikan v\u00e4it\u00f6skirja. Ty\u00f6v\u00e4en historian ja perinteen tutkimuksen seura: Tampere 2017.<\/p>\n<p style=\"font-weight: 400\">Peltonen, Ulla-Maija:\u00a0<a href=\"https:\/\/www.cupore.fi\/fi\/julkaisut\/cuporen-julkaisut\/anna-kanerva-ja-ritva-mitchell-toim-elava-aineeton-kulttuuriperinto\">Arkistojen hiljaisuudet<\/a>. Julkaisussa Anna Kanerva ja Ritva Mitchell (toim.) El\u00e4v\u00e4 aineeton kulttuuriperint\u00f6. Hankkeen loppuraportti. Helsinki: Museovirasto. Kulttuuripoliittisen tutkimuksen edist\u00e4miss\u00e4\u00e4ti\u00f6 2015, 183-188. Cuporen verkkojulkaisuja.<\/p>\n<p style=\"font-weight: 400\">Peltonen, Ulla-Maija: Puuttuvat arkistot. Julkaisussa Kleion pauloissa. Jussi Nuorteva 60 vuotta. P\u00e4ivi Happonen et. alii. (toim.) Kirjokansi 53, Arkistoyhdistyksen julkaisuja 11, Arkistolaitoksen toimituksia 17. SKS: Helsinki 2014, 261-267.<\/p>\n<p style=\"font-weight: 400\">Peltonen, Ulla-Maija: N\u00e4k\u00f6kulmia arkistoitujen muistitietoaineistojen jatkok\u00e4yt\u00f6n periaatteisiin. Julkaisussa Antti Ketola ja Raimo Lahti (toim.) Ihmistieteellisten tutkimusaineistojen jatkok\u00e4ytt\u00f6 ja tietosuoja. FORUM IURIS. Helsingin yliopiston oikeustieteellisen tiedekunnan julkaisuja. Helsinki 2014, 153-157.<\/p>\n<p style=\"font-weight: 400\">Peltonen, Ulla-Maija: Sis\u00e4llissodan muistaminen ja unohtaminen. Julkaisussa Jaakko H\u00e4meen-Anttila et. alii. (toim.) Kaikki syntyy kriisist\u00e4. Gaudeamus 2013, 200-214.<\/p>\n<p style=\"font-weight: 400\">Peltonen, Ulla-Maija: Hauras hyvyys ja anteeksianto sodan muistoissa. Julkaisussa Jan L\u00f6fstr\u00f6m (toim.) Voiko historiaa hyvitt\u00e4\u00e4? Historiallisten v\u00e4\u00e4ryyksien korjaaminen ja anteeksiantaminen. Gaudeamus: Helsinki 2012, 118-135.<\/p>\n<p style=\"font-weight: 400\">Saarenp\u00e4\u00e4, Taina: Keskiajan pimeydest\u00e4 valistuksen valoon. Henrik Gabriel Porthan ja Turun tuomiokirkon Mustan kirjan asiakirjojen julkaiseminen.\u00a0<a href=\"http:\/\/www.ennenjanyt.net\/2014\/11\/keskiajan-pimeydesta-valistuksen-valoon-henrik-gabriel-porthan-ja-turun-tuomiokirkon-mustan-kirjan-asiakirjojen-julkaiseminen-2\/\">Ennen ja nyt 3\/2014.<\/a><\/p>\n<p style=\"font-weight: 400\">Vainio-Korhonen, Kirsi ja Vuonokari, Liisa: Kenen historia on ollut s\u00e4ilytt\u00e4misen arvoista?\u00a0<a href=\"http:\/\/hiiskuttua.utu.fi\/2012\/03\/kenen-historia-on-ollut-sailyttamisen-arvoista\/\">Hiiskuttua &#8211; Turun yliopiston historian, kulttuurinja taiteiden tutkimuksen laitoksen verkkolehti.\u200b<\/a>\u00a0Julkaistu: 26.3.2012<\/p>\n","protected":false},"excerpt":{"rendered":"<p>Arkistot ja kulttuuriperint\u00f6. Outi Hupaniittu &amp; Ulla-Maija Peltonen (toim.). Tietolipas 268. Suomalaisen Kirjallisuuden Seura, Helsinki 2021. DOI: https:\/\/doi.org\/10.21435\/tl.268\u00a0 Hakala, Petra: Arkivsamlingarna vid SLS. En spegling av kultursyn och sj\u00e4lvbild?\u00a0Arkiven vid Svenska litteraturs\u00e4llskapet i Finland 1885 &#8211; 2010. Helsingfors 2014\u200b. Hakala, Petra ja Saarenp\u00e4\u00e4, Taina: Arkistodiplomatian, vallan ja eettisten kysymysten \u00e4\u00e4rell\u00e4. Yksityisarkistojen erityispiirteet arkistoalan ylemm\u00e4ss\u00e4 koulutuksessa. [&hellip;]<\/p>\n","protected":false},"author":1067,"featured_media":0,"parent":402,"menu_order":0,"comment_status":"closed","ping_status":"closed","template":"","meta":{"footnotes":""},"class_list":["post-480","page","type-page","status-publish","hentry","post-preview"],"_links":{"self":[{"href":"https:\/\/blogit.utu.fi\/kamera\/wp-json\/wp\/v2\/pages\/480","targetHints":{"allow":["GET"]}}],"collection":[{"href":"https:\/\/blogit.utu.fi\/kamera\/wp-json\/wp\/v2\/pages"}],"about":[{"href":"https:\/\/blogit.utu.fi\/kamera\/wp-json\/wp\/v2\/types\/page"}],"author":[{"embeddable":true,"href":"https:\/\/blogit.utu.fi\/kamera\/wp-json\/wp\/v2\/users\/1067"}],"replies":[{"embeddable":true,"href":"https:\/\/blogit.utu.fi\/kamera\/wp-json\/wp\/v2\/comments?post=480"}],"version-history":[{"count":3,"href":"https:\/\/blogit.utu.fi\/kamera\/wp-json\/wp\/v2\/pages\/480\/revisions"}],"predecessor-version":[{"id":600,"href":"https:\/\/blogit.utu.fi\/kamera\/wp-json\/wp\/v2\/pages\/480\/revisions\/600"}],"up":[{"embeddable":true,"href":"https:\/\/blogit.utu.fi\/kamera\/wp-json\/wp\/v2\/pages\/402"}],"wp:attachment":[{"href":"https:\/\/blogit.utu.fi\/kamera\/wp-json\/wp\/v2\/media?parent=480"}],"curies":[{"name":"wp","href":"https:\/\/api.w.org\/{rel}","templated":true}]}}