{"id":51,"date":"2018-10-01T13:14:31","date_gmt":"2018-10-01T13:14:31","guid":{"rendered":"https:\/\/blogit.utu.fi\/kamera\/?page_id=51"},"modified":"2018-10-02T07:25:36","modified_gmt":"2018-10-02T07:25:36","slug":"tutkijat","status":"publish","type":"page","link":"https:\/\/blogit.utu.fi\/kamera\/tutkijat\/","title":{"rendered":"Tutkijat"},"content":{"rendered":"<div class=\"utu-article-header\">\n<p class=\"utu-by-line\">KAMERA-hankkeessa ty\u00f6skentelee tutkijoita sek\u00e4 historian ett\u00e4 kulttuurientutkimuksen alalta. Hankkeen johtaja on Suomen historian professori Kirsi Vainio-Korhonen Turun yliopistosta. Erikoistutkijana toimii dosentti Ulla-Maija Peltonen Helsingin yliopistosta sek\u00e4 tutkijatohtoreina FT Jari Lybeck\u00a0ja\u00a0FT Outi Hupaniittu.<\/p>\n<p class=\"utu-by-line\">\n<\/div>\n<p>Hankkeen tohtorikoulutettavina ovat ty\u00f6skennelleet Suomen historian arkistolinjalta valmistuneet jatko-opiskelijat FM Taina Saarenp\u00e4\u00e4 ja FM Liisa Vuononkari-Bomstr\u00f6m sek\u00e4 Suomen historiaan v\u00e4it\u00f6skirjaansa valmisteleva FM Petra Hakala. Hankkeessa on v\u00e4itellyt kev\u00e4\u00e4ll\u00e4 2017 FT Andreas McKeough Helsingin yliopiston folkloristiikan oppiaineesta.<\/p>\n<p>&nbsp;<\/p>\n<p>&nbsp;<\/p>\n<div><\/div>\n","protected":false},"excerpt":{"rendered":"<p>KAMERA-hankkeessa ty\u00f6skentelee tutkijoita sek\u00e4 historian ett\u00e4 kulttuurientutkimuksen alalta. Hankkeen johtaja on Suomen historian professori Kirsi Vainio-Korhonen Turun yliopistosta. Erikoistutkijana toimii dosentti Ulla-Maija Peltonen Helsingin yliopistosta sek\u00e4 tutkijatohtoreina FT Jari Lybeck\u00a0ja\u00a0FT Outi Hupaniittu. Hankkeen tohtorikoulutettavina ovat ty\u00f6skennelleet Suomen historian arkistolinjalta valmistuneet jatko-opiskelijat FM Taina Saarenp\u00e4\u00e4 ja FM Liisa Vuononkari-Bomstr\u00f6m sek\u00e4 Suomen historiaan v\u00e4it\u00f6skirjaansa valmisteleva FM Petra [&hellip;]<\/p>\n","protected":false},"author":1067,"featured_media":0,"parent":0,"menu_order":0,"comment_status":"closed","ping_status":"closed","template":"","meta":{"footnotes":""},"class_list":["post-51","page","type-page","status-publish","hentry","post-preview"],"_links":{"self":[{"href":"https:\/\/blogit.utu.fi\/kamera\/wp-json\/wp\/v2\/pages\/51","targetHints":{"allow":["GET"]}}],"collection":[{"href":"https:\/\/blogit.utu.fi\/kamera\/wp-json\/wp\/v2\/pages"}],"about":[{"href":"https:\/\/blogit.utu.fi\/kamera\/wp-json\/wp\/v2\/types\/page"}],"author":[{"embeddable":true,"href":"https:\/\/blogit.utu.fi\/kamera\/wp-json\/wp\/v2\/users\/1067"}],"replies":[{"embeddable":true,"href":"https:\/\/blogit.utu.fi\/kamera\/wp-json\/wp\/v2\/comments?post=51"}],"version-history":[{"count":6,"href":"https:\/\/blogit.utu.fi\/kamera\/wp-json\/wp\/v2\/pages\/51\/revisions"}],"predecessor-version":[{"id":144,"href":"https:\/\/blogit.utu.fi\/kamera\/wp-json\/wp\/v2\/pages\/51\/revisions\/144"}],"wp:attachment":[{"href":"https:\/\/blogit.utu.fi\/kamera\/wp-json\/wp\/v2\/media?parent=51"}],"curies":[{"name":"wp","href":"https:\/\/api.w.org\/{rel}","templated":true}]}}