{"id":72,"date":"2018-10-01T13:06:05","date_gmt":"2018-10-01T13:06:05","guid":{"rendered":"https:\/\/blogit.utu.fi\/kamera\/?page_id=72"},"modified":"2018-10-02T07:19:59","modified_gmt":"2018-10-02T07:19:59","slug":"hanke","status":"publish","type":"page","link":"https:\/\/blogit.utu.fi\/kamera\/hanke\/","title":{"rendered":"Hanke"},"content":{"rendered":"<p>Tutkimushankkeemme intressit liittyv\u00e4t historian ja kulttuuriperinn\u00f6n ja niihin liittyv\u00e4n vallank\u00e4yt\u00f6n ja henkil\u00f6verkostojen suhteisiin sek\u00e4 ainoastaan s\u00e4hk\u00f6isess\u00e4 muodossa syntyv\u00e4n ja s\u00e4ilytett\u00e4v\u00e4n arkistoaineiston problematiikkaan. Keskeisi\u00e4 k\u00e4sitteit\u00e4 ovat 1) vallan verkostot ja 2) muistin paikat.<\/p>\n<p>Hankkeen tavoitteena on tuottaa uutta tietoa kompleksisesta todellisuudesta ja selitt\u00e4\u00e4 arkistoihin liittyvi\u00e4 kulttuurisia ilmi\u00f6it\u00e4. Hankkeemme tavoitteena on tutkia arkistoalan toimijoita ja heid\u00e4n valintojaan 1800-luvulta nykyp\u00e4iv\u00e4\u00e4n. Tuon tavoitteen voi kiteytt\u00e4\u00e4 seuraaviin kysymyksiin:<\/p>\n<p>&#8211;\u00a0<i>kenen historia on ollut ja on s\u00e4ilytt\u00e4misen arvoista?<\/i><\/p>\n<p><i>&#8211; miten ja mill\u00e4 perustein pysyv\u00e4sti s\u00e4ilytett\u00e4v\u00e4t aineistot on valittu ja valitaan?<\/i><\/p>\n<p><i>&#8211; kenen aineistot tai ilmi\u00f6t on sivuutettu tai unohdettu tai sivuutetaan ja unohdetaan?<\/i><\/p>\n<p><i>&#8211; miten aineistot ovat tutkijoiden tavoitettavissa?<\/i><\/p>\n<h5><strong>Arkistotieteellinen n\u00e4k\u00f6kulma<\/strong><\/h5>\n<p>Yleens\u00e4 ajatellaan, ett\u00e4 kansalliset arkistot koostuvat ensik\u00e4dess\u00e4 ja ainoastaan neutraaleista historiallisista asiakirjoista. N\u00e4in ei kuitenkaan ole ja siksi tutkijoiden tulisi etsi\u00e4 vastausta siihen, miksi ja miten arkistot ovat syntyneet ja miten niit\u00e4 k\u00e4ytet\u00e4\u00e4n. T\u00e4h\u00e4n yhteyteen tulisi liitt\u00e4\u00e4 pohdinnat ideologioista ja vallasta. Mielenkiintoista on etenkin arkiston historian, tutkijoiden aineistontarpeen ja valtion historian v\u00e4linen suhde. T\u00e4ss\u00e4 kontekstissa uusi arkistotieteellinen tutkimus haluaa kyseenalaistaa arkistoinstituutioiden n\u00e4enn\u00e4isen neutraalin aseman.<\/p>\n<p>Samalla tavalla 1990-luvulla virinnyt keskustelu kulttuuriperinn\u00f6st\u00e4 ja sen merkityksist\u00e4 edellytt\u00e4\u00e4 tutkimustietoa menneisyyden tulkitsemisen edellytyksist\u00e4. Yhteiskunnalliset muutokset, migraatio sek\u00e4 globalisaatio ja kansainv\u00e4listyminen edellytt\u00e4v\u00e4t my\u00f6s kansallisten arkistoinstituutioiden perusteiden arviointia. Vastaavasti uudenlaiset tieteelliset kysymyksenasettelut ovat haaste arkistoille. L\u00e4hteens\u00e4 n\u00e4m\u00e4 tutkimusalat hakevat usein viranomaisasiakirjojen ulkopuolelta, yksityisist\u00e4 arkistoaineistoista.<\/p>\n<p>Arkistoteoreetikko T. R. Schellenbergin 1950-luvulla esitt\u00e4m\u00e4t pohdinnat arkistojen perustamisen syist\u00e4 ja niihin liittyv\u00e4st\u00e4 vallank\u00e4yt\u00f6st\u00e4 ovat yh\u00e4 ajankohtaisia. Arkistojen perustamisen viralliset ja k\u00e4yt\u00e4nn\u00f6n syyt pohjautuvat viranomaisten asiakirjojen tarpeeseen ja hallinnon tehostamiseen. Kulttuuriset syyt puolestaan painottavat asiakirjojen kansallista ja historiallista arvoa. N\u00e4m\u00e4 arvot ovat kuitenkin erilaisia eri aikoina, ja t\u00e4ss\u00e4 kontekstissa vallank\u00e4ytt\u00e4jin\u00e4 ovat olleet ja ovat edelleen arkistojen ty\u00f6ntekij\u00e4t. Erityisess\u00e4 portinvartijanroolissa ovat olleet kansalliset arkistot ja n\u00e4iden arkistojen johtajat. Viime k\u00e4dess\u00e4 he ovat p\u00e4\u00e4tt\u00e4neet kenen historia on ollut s\u00e4ilytt\u00e4misen arvoista. Lis\u00e4ksi on syyt\u00e4 pohtia, miten arkistojen historialliset ratkaisut, aineistojen keruu, indeksointi, kuvailu ja luettelointi ohjaavat t\u00e4m\u00e4n p\u00e4iv\u00e4n tutkimusta.<\/p>\n","protected":false},"excerpt":{"rendered":"<p>Tutkimushankkeemme intressit liittyv\u00e4t historian ja kulttuuriperinn\u00f6n ja niihin liittyv\u00e4n vallank\u00e4yt\u00f6n ja henkil\u00f6verkostojen suhteisiin sek\u00e4 ainoastaan s\u00e4hk\u00f6isess\u00e4 muodossa syntyv\u00e4n ja s\u00e4ilytett\u00e4v\u00e4n arkistoaineiston problematiikkaan. Keskeisi\u00e4 k\u00e4sitteit\u00e4 ovat 1) vallan verkostot ja 2) muistin paikat. Hankkeen tavoitteena on tuottaa uutta tietoa kompleksisesta todellisuudesta ja selitt\u00e4\u00e4 arkistoihin liittyvi\u00e4 kulttuurisia ilmi\u00f6it\u00e4. Hankkeemme tavoitteena on tutkia arkistoalan toimijoita ja heid\u00e4n valintojaan [&hellip;]<\/p>\n","protected":false},"author":1067,"featured_media":0,"parent":0,"menu_order":0,"comment_status":"closed","ping_status":"closed","template":"","meta":{"footnotes":""},"class_list":["post-72","page","type-page","status-publish","hentry","post-preview"],"_links":{"self":[{"href":"https:\/\/blogit.utu.fi\/kamera\/wp-json\/wp\/v2\/pages\/72","targetHints":{"allow":["GET"]}}],"collection":[{"href":"https:\/\/blogit.utu.fi\/kamera\/wp-json\/wp\/v2\/pages"}],"about":[{"href":"https:\/\/blogit.utu.fi\/kamera\/wp-json\/wp\/v2\/types\/page"}],"author":[{"embeddable":true,"href":"https:\/\/blogit.utu.fi\/kamera\/wp-json\/wp\/v2\/users\/1067"}],"replies":[{"embeddable":true,"href":"https:\/\/blogit.utu.fi\/kamera\/wp-json\/wp\/v2\/comments?post=72"}],"version-history":[{"count":3,"href":"https:\/\/blogit.utu.fi\/kamera\/wp-json\/wp\/v2\/pages\/72\/revisions"}],"predecessor-version":[{"id":135,"href":"https:\/\/blogit.utu.fi\/kamera\/wp-json\/wp\/v2\/pages\/72\/revisions\/135"}],"wp:attachment":[{"href":"https:\/\/blogit.utu.fi\/kamera\/wp-json\/wp\/v2\/media?parent=72"}],"curies":[{"name":"wp","href":"https:\/\/api.w.org\/{rel}","templated":true}]}}