{"id":35,"date":"2015-03-22T12:29:09","date_gmt":"2015-03-22T12:29:09","guid":{"rendered":"http:\/\/blogit.utu.fi\/kansanvaltavol2\/?page_id=35"},"modified":"2015-07-10T13:12:15","modified_gmt":"2015-07-10T10:12:15","slug":"julkaisut","status":"publish","type":"page","link":"https:\/\/blogit.utu.fi\/kansanvaltavol2\/julkaisut\/","title":{"rendered":"Julkaisut"},"content":{"rendered":"<p>T\u00e4m\u00e4n sivun alta l\u00f6yd\u00e4t julkaisut vuodesta 2015 eteenp\u00e4in.<\/p>\n<p>Christensen, Henrik Serup, Karjalainen, Maija, and Nurminen, Laura. 2015. Does Crowdsourcing Legislation Increase Political Legitimacy? The Case of Avoin Ministeri\u00f6 in Finland, <em>Policy and Internet<\/em>, volume 7, issue 1, pp. 25-45. DOI: 10.1002\/poi3.80<br \/>\n<a href=\"http:\/\/onlinelibrary.wiley.com\/doi\/10.1002\/poi3.80\/abstract\">Artikkeli<\/a> Policy and Internet -journaalin numerossa 1:7<br \/>\n<a href=\"https:\/\/www.academia.edu\/8686840\/What_does_Crowdsourcing_Legislation_entail_for_the_Participants_The_Finnish_Case_of_Avoin_Ministeri%C3%B6\">Konferenssiesitelm\u00e4<\/a> IPP 2014 -konferenssisa (academia.edu)<\/p>\n<p>Gr\u00f6nlund, Kimmo; Herne, Kaisa; Set\u00e4l\u00e4, Maija (2015): Does enclave deliberation polarize opinions? Gr\u00f6nlund, Kimmo; Herne, Kaisa; Set\u00e4l\u00e4, Maija. 2015. Does enclave deliberation polarize opinions? <em>Political Behavior<\/em> published online 8.7.2015. DOI: 10.1007\/s11109-015-9304-x<br \/>\n<a href=\"http:\/\/www.springerlink.com\/openurl.asp?genre=article&amp;id=doi:10.1007\/s11109-015-9304-x\">Article <\/a>in Political Behavior<\/p>\n<p>Niinikoski, Marja-Liisa; Set\u00e4l\u00e4, Maija (2015): Democratic and user-driven innovations in the public sector: Comparing underpinnings, procedures and outcomes. In Eva S\u00f8rensen, Bodil Damgaard, Annika Agger &amp; Andreas Krogh Hagedorn (eds.): Collaborative Governance and Public Innovation in Northern Europe. Bentham Science E-Publications.<\/p>\n<p>Set\u00e4l\u00e4, Maija (2015): Can deliberative mini-publics improve the quality of democratic decision-making? In Kari Palonen &amp; Jose Maria Rosales (eds.): Parliamentarism and Democratic Theory. Barbara Budrich Verlag, 165-186.<\/p>\n","protected":false},"excerpt":{"rendered":"<p>T\u00e4m\u00e4n sivun alta l\u00f6yd\u00e4t julkaisut vuodesta 2015 eteenp\u00e4in. Christensen, Henrik Serup, Karjalainen, Maija, and Nurminen, Laura. 2015. Does Crowdsourcing Legislation Increase Political Legitimacy? The Case of Avoin Ministeri\u00f6 in Finland, Policy and Internet, volume 7, issue 1, pp. 25-45. DOI: &hellip; <a href=\"https:\/\/blogit.utu.fi\/kansanvaltavol2\/julkaisut\/\">Lue loppuun <span class=\"meta-nav\">&rarr;<\/span><\/a><\/p>\n","protected":false},"author":102,"featured_media":0,"parent":0,"menu_order":0,"comment_status":"open","ping_status":"open","template":"","meta":{"footnotes":""},"class_list":["post-35","page","type-page","status-publish","hentry"],"_links":{"self":[{"href":"https:\/\/blogit.utu.fi\/kansanvaltavol2\/wp-json\/wp\/v2\/pages\/35","targetHints":{"allow":["GET"]}}],"collection":[{"href":"https:\/\/blogit.utu.fi\/kansanvaltavol2\/wp-json\/wp\/v2\/pages"}],"about":[{"href":"https:\/\/blogit.utu.fi\/kansanvaltavol2\/wp-json\/wp\/v2\/types\/page"}],"author":[{"embeddable":true,"href":"https:\/\/blogit.utu.fi\/kansanvaltavol2\/wp-json\/wp\/v2\/users\/102"}],"replies":[{"embeddable":true,"href":"https:\/\/blogit.utu.fi\/kansanvaltavol2\/wp-json\/wp\/v2\/comments?post=35"}],"version-history":[{"count":5,"href":"https:\/\/blogit.utu.fi\/kansanvaltavol2\/wp-json\/wp\/v2\/pages\/35\/revisions"}],"predecessor-version":[{"id":96,"href":"https:\/\/blogit.utu.fi\/kansanvaltavol2\/wp-json\/wp\/v2\/pages\/35\/revisions\/96"}],"wp:attachment":[{"href":"https:\/\/blogit.utu.fi\/kansanvaltavol2\/wp-json\/wp\/v2\/media?parent=35"}],"curies":[{"name":"wp","href":"https:\/\/api.w.org\/{rel}","templated":true}]}}