{"id":37,"date":"2015-03-22T12:40:29","date_gmt":"2015-03-22T12:40:29","guid":{"rendered":"http:\/\/blogit.utu.fi\/kansanvaltavol2\/?page_id=37"},"modified":"2015-03-22T12:40:29","modified_gmt":"2015-03-22T12:40:29","slug":"tutkimushankkeet","status":"publish","type":"page","link":"https:\/\/blogit.utu.fi\/kansanvaltavol2\/tutkimushankkeet\/","title":{"rendered":"Tutkimushankkeet"},"content":{"rendered":"<p>T\u00e4m\u00e4n sivun alta l\u00f6yd\u00e4t blogin taustalla olevat tutkimushankkeet<\/p>\n","protected":false},"excerpt":{"rendered":"<p>T\u00e4m\u00e4n sivun alta l\u00f6yd\u00e4t blogin taustalla olevat tutkimushankkeet<\/p>\n","protected":false},"author":102,"featured_media":0,"parent":0,"menu_order":0,"comment_status":"open","ping_status":"open","template":"","meta":{"footnotes":""},"class_list":["post-37","page","type-page","status-publish","hentry"],"_links":{"self":[{"href":"https:\/\/blogit.utu.fi\/kansanvaltavol2\/wp-json\/wp\/v2\/pages\/37","targetHints":{"allow":["GET"]}}],"collection":[{"href":"https:\/\/blogit.utu.fi\/kansanvaltavol2\/wp-json\/wp\/v2\/pages"}],"about":[{"href":"https:\/\/blogit.utu.fi\/kansanvaltavol2\/wp-json\/wp\/v2\/types\/page"}],"author":[{"embeddable":true,"href":"https:\/\/blogit.utu.fi\/kansanvaltavol2\/wp-json\/wp\/v2\/users\/102"}],"replies":[{"embeddable":true,"href":"https:\/\/blogit.utu.fi\/kansanvaltavol2\/wp-json\/wp\/v2\/comments?post=37"}],"version-history":[{"count":1,"href":"https:\/\/blogit.utu.fi\/kansanvaltavol2\/wp-json\/wp\/v2\/pages\/37\/revisions"}],"predecessor-version":[{"id":38,"href":"https:\/\/blogit.utu.fi\/kansanvaltavol2\/wp-json\/wp\/v2\/pages\/37\/revisions\/38"}],"wp:attachment":[{"href":"https:\/\/blogit.utu.fi\/kansanvaltavol2\/wp-json\/wp\/v2\/media?parent=37"}],"curies":[{"name":"wp","href":"https:\/\/api.w.org\/{rel}","templated":true}]}}