{"id":39,"date":"2015-03-22T13:28:04","date_gmt":"2015-03-22T13:28:04","guid":{"rendered":"http:\/\/blogit.utu.fi\/kansanvaltavol2\/?page_id=39"},"modified":"2015-07-10T12:50:04","modified_gmt":"2015-07-10T09:50:04","slug":"mediassa","status":"publish","type":"page","link":"https:\/\/blogit.utu.fi\/kansanvaltavol2\/mediassa\/","title":{"rendered":"Mediassa"},"content":{"rendered":"<p><a href=\"http:\/\/www.ess.fi\/uutiset\/kotimaa\/2015\/07\/06\/kansanaanestys-voi-tehda-kansasta-valineen\">&#8221;Kansan\u00e4\u00e4nestys voi tehd\u00e4 kansasta v\u00e4lineen&#8221; <\/a>professori Maija Set\u00e4l\u00e4 pohtii Etel\u00e4-Suomen Sanomissa 6.7.2015 <em>(maksumuurin takana)<\/em><\/p>\n<p><a href=\"http:\/\/politiikasta.fi\/artikkeli\/historiasta-huolimatta-kansan%C3%A4%C3%A4nestykset-ovat-nyky-kreikassa-harvinaisia\">&#8221;<span class=\"field-content\">Historiasta huolimatta kansan\u00e4\u00e4nestykset ovat nyky-Kreikassa harvinaisia<\/span>&#8221;<\/a> tohtorikoulutettava Maija Karjalainen huomattaa kirjoituksessaan <a href=\"http:\/\/politiikasta.fi\/\">politiikasta.fi <\/a>-verkkolehdess\u00e4 3.7.2015<\/p>\n<p><a href=\"http:\/\/www.ts.fi\/mielipiteet\/aliot\/789447\/Kansanaanestys+aiheuttaa+yha+kahtiajakoa+niin+paattajissa+kuin+kuntalaisissa\">&#8221;Kansan\u00e4\u00e4nestys aiheuttaa yh\u00e4 kahtiajakoa niin p\u00e4\u00e4tt\u00e4jiss\u00e4 kuin kuntalaisissa&#8221;<\/a> kirjoittaa projektitutkija Elias Laitinen Turun kansan\u00e4\u00e4nestyskeskusteluista Turun Sanomissa 2.7.2015 <em>(maksumuurin takana)<\/em><\/p>\n<p><a title=\"&quot;Suomen kansalaisaloitej\u00e4rjestelm\u00e4ll\u00e4 on ollut yll\u00e4tt\u00e4v\u00e4n suuri vaikutus&quot;\" href=\"http:\/\/yle.fi\/uutiset\/suomen_kansalaisaloitejarjestelmalla_on_ollut_yllattavan_suuri_vaikutus\/7825721\" target=\"_blank\">&#8221;Suomen kansalaisaloitej\u00e4rjestelm\u00e4ll\u00e4 on ollut yll\u00e4tt\u00e4v\u00e4n suuri vaikutus&#8221;<\/a> arvioi professori Maija Set\u00e4l\u00e4 kansalaisaloitej\u00e4rjestelm\u00e4st\u00e4 saatuja kokeuksia Ylen Ajankohtaisen kakkosen haastattelussa 24.2.2015<\/p>\n","protected":false},"excerpt":{"rendered":"<p>&#8221;Kansan\u00e4\u00e4nestys voi tehd\u00e4 kansasta v\u00e4lineen&#8221; professori Maija Set\u00e4l\u00e4 pohtii Etel\u00e4-Suomen Sanomissa 6.7.2015 (maksumuurin takana) &#8221;Historiasta huolimatta kansan\u00e4\u00e4nestykset ovat nyky-Kreikassa harvinaisia&#8221; tohtorikoulutettava Maija Karjalainen huomattaa kirjoituksessaan politiikasta.fi -verkkolehdess\u00e4 3.7.2015 &#8221;Kansan\u00e4\u00e4nestys aiheuttaa yh\u00e4 kahtiajakoa niin p\u00e4\u00e4tt\u00e4jiss\u00e4 kuin kuntalaisissa&#8221; kirjoittaa projektitutkija Elias Laitinen &hellip; <a href=\"https:\/\/blogit.utu.fi\/kansanvaltavol2\/mediassa\/\">Lue loppuun <span class=\"meta-nav\">&rarr;<\/span><\/a><\/p>\n","protected":false},"author":102,"featured_media":0,"parent":0,"menu_order":0,"comment_status":"open","ping_status":"open","template":"","meta":{"footnotes":""},"class_list":["post-39","page","type-page","status-publish","hentry"],"_links":{"self":[{"href":"https:\/\/blogit.utu.fi\/kansanvaltavol2\/wp-json\/wp\/v2\/pages\/39","targetHints":{"allow":["GET"]}}],"collection":[{"href":"https:\/\/blogit.utu.fi\/kansanvaltavol2\/wp-json\/wp\/v2\/pages"}],"about":[{"href":"https:\/\/blogit.utu.fi\/kansanvaltavol2\/wp-json\/wp\/v2\/types\/page"}],"author":[{"embeddable":true,"href":"https:\/\/blogit.utu.fi\/kansanvaltavol2\/wp-json\/wp\/v2\/users\/102"}],"replies":[{"embeddable":true,"href":"https:\/\/blogit.utu.fi\/kansanvaltavol2\/wp-json\/wp\/v2\/comments?post=39"}],"version-history":[{"count":4,"href":"https:\/\/blogit.utu.fi\/kansanvaltavol2\/wp-json\/wp\/v2\/pages\/39\/revisions"}],"predecessor-version":[{"id":88,"href":"https:\/\/blogit.utu.fi\/kansanvaltavol2\/wp-json\/wp\/v2\/pages\/39\/revisions\/88"}],"wp:attachment":[{"href":"https:\/\/blogit.utu.fi\/kansanvaltavol2\/wp-json\/wp\/v2\/media?parent=39"}],"curies":[{"name":"wp","href":"https:\/\/api.w.org\/{rel}","templated":true}]}}