{"id":5,"date":"2014-12-10T21:59:50","date_gmt":"2014-12-10T21:59:50","guid":{"rendered":"http:\/\/blogit.utu.fi\/kansanvaltavol2\/?page_id=5"},"modified":"2015-07-10T12:26:14","modified_gmt":"2015-07-10T09:26:14","slug":"kansanvallan-uudet-muodot-suomessa","status":"publish","type":"page","link":"https:\/\/blogit.utu.fi\/kansanvaltavol2\/tutkimushankkeet\/kansanvallan-uudet-muodot-suomessa\/","title":{"rendered":"Kansanvallan uudet muodot Suomessa"},"content":{"rendered":"<p>Kuvaus ja tavoitteet<\/p>\n<p>Kansalaisosallistumisen innovatiiviset muodot kuten kansalaisaloitteet ja deliberatiiviset kansalaisfoorumit ovat her\u00e4tt\u00e4neet viime vuosina paljon kiinnostusta tutkijoiden ja p\u00e4\u00e4tt\u00e4jien keskuudessa. Suomessa otettiin k\u00e4ytt\u00f6\u00f6n kansalaisaloite vuonna 2012. Paikallisella tasolla demokraattisten innovaatioiden kirjo on laajempi, ja useissa kunnissa kansalaiset osallistuvat p\u00e4\u00e4t\u00f6ksentekoon esimerkiksi neuvoa-antavien kansan\u00e4\u00e4nestysten, kansalaisaloitteiden, neuvostojen, kansalaisraatien ja s\u00e4hk\u00f6isten osallistumiskanavien kautta. Hankkeessa tutkitaan uusien kansalaisosallistumisen muotojen k\u00e4ytt\u00f6\u00e4, vaikutuksia ja tulevaisuuden n\u00e4kymi\u00e4 suomalaisen edustuksellisen demokratian kontekstissa sek\u00e4 kansallisella ett\u00e4 paikallisella tasolla. Tutkimuskysymykset ovat: Mit\u00e4 demokraattisia innovaatioita Suomessa k\u00e4ytet\u00e4\u00e4n ja kuinka laajasti? Miten demokraattiset innovaatiot vaikuttavat ja miten ne koetaan edustuksellisen p\u00e4\u00e4t\u00f6ksenteon prosesseissa? Vahvistaako demokraattisten innovaatioiden k\u00e4ytt\u00f6 p\u00e4\u00e4t\u00f6ksenteon legitimiteetti\u00e4? Mink\u00e4laiset kansalaisyhteiskunnan toimijat ja yksil\u00f6t ovat hy\u00f6dynt\u00e4neet kansalaisaloitetta? Miten demokraattisten innovaatioiden k\u00e4ytt\u00f6\u00e4 voidaan kehitt\u00e4\u00e4 siten, ett\u00e4 ne parantaisivat suomalaisen demokratian laatua?<\/p>\n<p>Toteutus ja tulokset<\/p>\n<p>Hankkeessa k\u00e4ytet\u00e4\u00e4n ja ker\u00e4t\u00e4\u00e4n laadullisia aineistoja kuten virkamies- ja<br \/>\np\u00e4\u00e4tt\u00e4j\u00e4haastatteluja sek\u00e4 eduskunnan ja valtuustojen p\u00f6yt\u00e4kirjoja, ja n\u00e4it\u00e4 analysoidaan diskurssianalyysin, vertailevan laadullisen tutkimuksen ja prosessianalyysin menetelmin. Hankkeessa k\u00e4ytet\u00e4\u00e4n lis\u00e4ksi m\u00e4\u00e4r\u00e4llisi\u00e4 kyselyill\u00e4 ker\u00e4ttyj\u00e4 aineistoja kansalaisten asenteista ja k\u00e4ytt\u00e4ytymisest\u00e4 sek\u00e4 virallisten tahojen tuottamia sosiodemografisia aineistoja, joita analysoidaan tilastollisin menetelmin. Hanke tuottaa uutta tietoa siit\u00e4, miten demokraattiset innovaatiot voivat auttaa parantamaan edustuksellisen demokratian toimintaa, p\u00e4\u00e4t\u00f6sten valmistelua ja p\u00e4\u00e4t\u00f6ksenteon legitimiteetti\u00e4.<\/p>\n<p>Ty\u00f6ryhm\u00e4<\/p>\n<div>Hanke toteutetaan Turun yliopiston politiikan tutkimuksen laitoksella ja siit\u00e4 vastaavat<\/div>\n<ul>\n<li>professori <a href=\"http:\/\/www.utu.fi\/fi\/yksikot\/soc\/yksikot\/valtio-oppi\/oppiaine\/henkilokunta\/setala\/Sivut\/home.aspx\">Maija Set\u00e4l\u00e4<\/a>,<\/li>\n<li>tutkijatohtori Henrik Serup Christensen,<\/li>\n<li>tohtorikoulutettava <a href=\"http:\/\/www.utu.fi\/fi\/yksikot\/soc\/yksikot\/valtio-oppi\/oppiaine\/henkilokunta\/karjalainen\/Sivut\/home.aspx\">Maija Karjalainen<\/a> ja<\/li>\n<li>projektitutkija Elias Laitinen.<\/li>\n<\/ul>\n<div>\n<div id=\"attachment_84\" style=\"width: 594px\" class=\"wp-caption aligncenter\"><a href=\"https:\/\/blogit.utu.fi\/kansanvaltavol2\/wp-content\/uploads\/sites\/27\/2014\/12\/Projektiryhm\u00e4-rajattu-rintakuva.jpg\"><img loading=\"lazy\" decoding=\"async\" aria-describedby=\"caption-attachment-84\" class=\"size-large wp-image-84\" src=\"https:\/\/blogit.utu.fi\/kansanvaltavol2\/wp-content\/uploads\/sites\/27\/2014\/12\/Projektiryhm\u00e4-rajattu-rintakuva-1024x423.jpg\" alt=\"Eturivi: Maija Set\u00e4l\u00e4 ja Maija Karjalainen takarivi: Elias Laitinen ja Henrik Serup Christensen\" width=\"584\" height=\"241\" srcset=\"https:\/\/blogit.utu.fi\/kansanvaltavol2\/wp-content\/uploads\/sites\/27\/2014\/12\/Projektiryhm\u00e4-rajattu-rintakuva-1024x423.jpg 1024w, https:\/\/blogit.utu.fi\/kansanvaltavol2\/wp-content\/uploads\/sites\/27\/2014\/12\/Projektiryhm\u00e4-rajattu-rintakuva-300x124.jpg 300w, https:\/\/blogit.utu.fi\/kansanvaltavol2\/wp-content\/uploads\/sites\/27\/2014\/12\/Projektiryhm\u00e4-rajattu-rintakuva-500x207.jpg 500w\" sizes=\"auto, (max-width: 584px) 100vw, 584px\" \/><\/a><p id=\"caption-attachment-84\" class=\"wp-caption-text\">Eturivi: Maija Set\u00e4l\u00e4 ja Maija Karjalainen<br \/>takarivi: Elias Laitinen ja Henrik Serup Christensen<\/p><\/div>\n<\/div>\n<div><\/div>\n<div><a title=\"VNK tutkimus- ja selvityshankkeet\" href=\"http:\/\/vnk.fi\/valtioneuvoston-selvitys-ja-tutkimushankkeet\" target=\"_blank\">Lis\u00e4tietoa <\/a>t\u00e4st\u00e4 ja muista Valtioneuvoston kanslian k\u00e4ynnist\u00e4mist\u00e4 tutkimus- ja selvityshankkeista.<\/div>\n","protected":false},"excerpt":{"rendered":"<p>Kuvaus ja tavoitteet Kansalaisosallistumisen innovatiiviset muodot kuten kansalaisaloitteet ja deliberatiiviset kansalaisfoorumit ovat her\u00e4tt\u00e4neet viime vuosina paljon kiinnostusta tutkijoiden ja p\u00e4\u00e4tt\u00e4jien keskuudessa. Suomessa otettiin k\u00e4ytt\u00f6\u00f6n kansalaisaloite vuonna 2012. Paikallisella tasolla demokraattisten innovaatioiden kirjo on laajempi, ja useissa kunnissa kansalaiset osallistuvat p\u00e4\u00e4t\u00f6ksentekoon &hellip; <a href=\"https:\/\/blogit.utu.fi\/kansanvaltavol2\/tutkimushankkeet\/kansanvallan-uudet-muodot-suomessa\/\">Lue loppuun <span class=\"meta-nav\">&rarr;<\/span><\/a><\/p>\n","protected":false},"author":92,"featured_media":0,"parent":37,"menu_order":0,"comment_status":"open","ping_status":"open","template":"","meta":{"footnotes":""},"class_list":["post-5","page","type-page","status-publish","hentry"],"_links":{"self":[{"href":"https:\/\/blogit.utu.fi\/kansanvaltavol2\/wp-json\/wp\/v2\/pages\/5","targetHints":{"allow":["GET"]}}],"collection":[{"href":"https:\/\/blogit.utu.fi\/kansanvaltavol2\/wp-json\/wp\/v2\/pages"}],"about":[{"href":"https:\/\/blogit.utu.fi\/kansanvaltavol2\/wp-json\/wp\/v2\/types\/page"}],"author":[{"embeddable":true,"href":"https:\/\/blogit.utu.fi\/kansanvaltavol2\/wp-json\/wp\/v2\/users\/92"}],"replies":[{"embeddable":true,"href":"https:\/\/blogit.utu.fi\/kansanvaltavol2\/wp-json\/wp\/v2\/comments?post=5"}],"version-history":[{"count":8,"href":"https:\/\/blogit.utu.fi\/kansanvaltavol2\/wp-json\/wp\/v2\/pages\/5\/revisions"}],"predecessor-version":[{"id":86,"href":"https:\/\/blogit.utu.fi\/kansanvaltavol2\/wp-json\/wp\/v2\/pages\/5\/revisions\/86"}],"up":[{"embeddable":true,"href":"https:\/\/blogit.utu.fi\/kansanvaltavol2\/wp-json\/wp\/v2\/pages\/37"}],"wp:attachment":[{"href":"https:\/\/blogit.utu.fi\/kansanvaltavol2\/wp-json\/wp\/v2\/media?parent=5"}],"curies":[{"name":"wp","href":"https:\/\/api.w.org\/{rel}","templated":true}]}}