{"id":49,"date":"2018-01-05T12:00:45","date_gmt":"2018-01-05T12:00:45","guid":{"rendered":"https:\/\/blogit.utu.fi\/kehittajayhteisot\/?page_id=49"},"modified":"2019-10-07T13:23:09","modified_gmt":"2019-10-07T13:23:09","slug":"yhteystiedot","status":"publish","type":"page","link":"https:\/\/blogit.utu.fi\/kehittajayhteisot\/yhteystiedot\/","title":{"rendered":"Yhteystiedot"},"content":{"rendered":"<p>Hanketta varten Turun yliopistoon on perustettu ty\u00f6ryhm\u00e4, johon kuuluvat kehitt\u00e4misp\u00e4\u00e4llikk\u00f6 Satu Hakanurmi (alahankkeen vet\u00e4j\u00e4), suunnittelija Lauri Pohjanen, suunnittelija Eija Siltari, erikoissuunnittelija Minna Vuorio-Lehti ja osastop\u00e4\u00e4llikk\u00f6 Mervi Varja. Yhteisty\u00f6t\u00e4 tehd\u00e4\u00e4n my\u00f6s hyvinvointiyksik\u00f6n (Johanna M\u00e4kinen), it-palveluiden (Terja Hakala) ja Turun yliopiston opetuksen kehitt\u00e4misen -ty\u00f6ryhm\u00e4n kanssa (pj Minna Vuorio-Lehti).<\/p>\n<p>Yhteystiedot:<br \/>\nKehitt\u00e4misp\u00e4\u00e4llikk\u00f6 Satu Hakanurmi, Koulutuksen tuki<br \/>\nsatu.hakanurmi@utu.fi, p. 040 531 8079<\/p>\n<p><a href=\"https:\/\/sites.utu.fi\/okmdigipeda\/\" target=\"_blank\" rel=\"noopener\">Korkeakoulujen henkil\u00f6st\u00f6n pedagogisen ja digitaalisen opetus- ja ohjausosaamisen vahvistaminen -k\u00e4rkihanke<\/a><\/p>\n","protected":false},"excerpt":{"rendered":"<p>Hanketta varten Turun yliopistoon on perustettu ty\u00f6ryhm\u00e4, johon kuuluvat kehitt\u00e4misp\u00e4\u00e4llikk\u00f6 Satu Hakanurmi (alahankkeen vet\u00e4j\u00e4), suunnittelija Lauri Pohjanen, suunnittelija Eija Siltari, erikoissuunnittelija Minna Vuorio-Lehti ja osastop\u00e4\u00e4llikk\u00f6 Mervi Varja. Yhteisty\u00f6t\u00e4 tehd\u00e4\u00e4n my\u00f6s hyvinvointiyksik\u00f6n (Johanna M\u00e4kinen), it-palveluiden (Terja Hakala) ja Turun yliopiston opetuksen kehitt\u00e4misen -ty\u00f6ryhm\u00e4n kanssa (pj Minna Vuorio-Lehti). Yhteystiedot: Kehitt\u00e4misp\u00e4\u00e4llikk\u00f6 Satu Hakanurmi, Koulutuksen tuki satu.hakanurmi@utu.fi, p. 040 [&hellip;]<\/p>\n","protected":false},"author":24,"featured_media":0,"parent":0,"menu_order":0,"comment_status":"closed","ping_status":"closed","template":"","meta":{"footnotes":""},"class_list":["post-49","page","type-page","status-publish","hentry"],"_links":{"self":[{"href":"https:\/\/blogit.utu.fi\/kehittajayhteisot\/wp-json\/wp\/v2\/pages\/49","targetHints":{"allow":["GET"]}}],"collection":[{"href":"https:\/\/blogit.utu.fi\/kehittajayhteisot\/wp-json\/wp\/v2\/pages"}],"about":[{"href":"https:\/\/blogit.utu.fi\/kehittajayhteisot\/wp-json\/wp\/v2\/types\/page"}],"author":[{"embeddable":true,"href":"https:\/\/blogit.utu.fi\/kehittajayhteisot\/wp-json\/wp\/v2\/users\/24"}],"replies":[{"embeddable":true,"href":"https:\/\/blogit.utu.fi\/kehittajayhteisot\/wp-json\/wp\/v2\/comments?post=49"}],"version-history":[{"count":5,"href":"https:\/\/blogit.utu.fi\/kehittajayhteisot\/wp-json\/wp\/v2\/pages\/49\/revisions"}],"predecessor-version":[{"id":464,"href":"https:\/\/blogit.utu.fi\/kehittajayhteisot\/wp-json\/wp\/v2\/pages\/49\/revisions\/464"}],"wp:attachment":[{"href":"https:\/\/blogit.utu.fi\/kehittajayhteisot\/wp-json\/wp\/v2\/media?parent=49"}],"curies":[{"name":"wp","href":"https:\/\/api.w.org\/{rel}","templated":true}]}}