{"id":124,"date":"2014-02-11T00:40:06","date_gmt":"2014-02-10T22:40:06","guid":{"rendered":"http:\/\/blogit.utu.fi\/kiekkokansa\/?page_id=124"},"modified":"2014-03-17T16:18:42","modified_gmt":"2014-03-17T14:18:42","slug":"yhteystiedot-2","status":"publish","type":"page","link":"https:\/\/blogit.utu.fi\/kiekkokansa\/yhteystiedot-2\/","title":{"rendered":"Yhteystiedot"},"content":{"rendered":"<p>Hankkeen yhteystiedot:<\/p>\n<p>Benita Heiskanen: benita.heiskanen[at]utu.fi<\/p>\n<p>Hannu Salmi: hannu.salmi[at]utu.fi<\/p>\n<p>Otto Latva: otto.latva[at]utu.fi<\/p>\n<p>Maiju Kannisto: maiju.kannisto[at]utu.fi<\/p>\n<p>Paavo Oinonen: paavo.oinonen[at]utu.fi<\/p>\n<p>Mari Toivanen: marito[at]utu.fi<\/p>\n<p>Kaj Ahlsved: kahlsved[at]abo.fi<\/p>\n<p>Rami M\u00e4hk\u00e4: rami.mahka[at]utu.fi<\/p>\n<p>Susanna V\u00e4lim\u00e4ki: susanna.valimaki[at]utu.fi<\/p>\n<p>Johanna Leinonen: johanna.leinonen[at]utu.fi<\/p>\n","protected":false},"excerpt":{"rendered":"<p>Hankkeen yhteystiedot: Benita Heiskanen: benita.heiskanen[at]utu.fi Hannu Salmi: hannu.salmi[at]utu.fi Otto Latva: otto.latva[at]utu.fi Maiju Kannisto: maiju.kannisto[at]utu.fi Paavo Oinonen: paavo.oinonen[at]utu.fi Mari Toivanen: marito[at]utu.fi Kaj Ahlsved: kahlsved[at]abo.fi Rami M\u00e4hk\u00e4: rami.mahka[at]utu.fi Susanna V\u00e4lim\u00e4ki: susanna.valimaki[at]utu.fi Johanna Leinonen: johanna.leinonen[at]utu.fi<\/p>\n","protected":false},"author":40,"featured_media":0,"parent":0,"menu_order":0,"comment_status":"closed","ping_status":"closed","template":"","meta":{"footnotes":""},"class_list":["post-124","page","type-page","status-publish","hentry"],"_links":{"self":[{"href":"https:\/\/blogit.utu.fi\/kiekkokansa\/wp-json\/wp\/v2\/pages\/124","targetHints":{"allow":["GET"]}}],"collection":[{"href":"https:\/\/blogit.utu.fi\/kiekkokansa\/wp-json\/wp\/v2\/pages"}],"about":[{"href":"https:\/\/blogit.utu.fi\/kiekkokansa\/wp-json\/wp\/v2\/types\/page"}],"author":[{"embeddable":true,"href":"https:\/\/blogit.utu.fi\/kiekkokansa\/wp-json\/wp\/v2\/users\/40"}],"replies":[{"embeddable":true,"href":"https:\/\/blogit.utu.fi\/kiekkokansa\/wp-json\/wp\/v2\/comments?post=124"}],"version-history":[{"count":3,"href":"https:\/\/blogit.utu.fi\/kiekkokansa\/wp-json\/wp\/v2\/pages\/124\/revisions"}],"predecessor-version":[{"id":153,"href":"https:\/\/blogit.utu.fi\/kiekkokansa\/wp-json\/wp\/v2\/pages\/124\/revisions\/153"}],"wp:attachment":[{"href":"https:\/\/blogit.utu.fi\/kiekkokansa\/wp-json\/wp\/v2\/media?parent=124"}],"curies":[{"name":"wp","href":"https:\/\/api.w.org\/{rel}","templated":true}]}}