{"id":28,"date":"2014-01-30T09:57:42","date_gmt":"2014-01-30T07:57:42","guid":{"rendered":"http:\/\/blogit.utu.fi\/kiekkokansa\/?page_id=28"},"modified":"2015-03-09T17:06:22","modified_gmt":"2015-03-09T15:06:22","slug":"mika-kiekkokansa","status":"publish","type":"page","link":"https:\/\/blogit.utu.fi\/kiekkokansa\/mika-kiekkokansa\/","title":{"rendered":"Mik\u00e4 kiekkokansa?"},"content":{"rendered":"<p style=\"text-align: justify\">J\u00e4\u00e4kiekolla on keskeinen asema suomalaisessa kulttuurissa. Etenkin jokakev\u00e4iset maailmanmestaruuskilpailut kokoavat suomalaisia ja Suomessa asuvia ihmisi\u00e4 j\u00e4\u00e4halleihin sek\u00e4 stadioneiden, kotisohvien ja oluthuoneiden TV-vastaanottimien \u00e4\u00e4relle. Voittojen riemut ja tappioiden ruhjeet el\u00e4v\u00e4t vuodesta toiseen kansallisessa muistissa.<\/p>\n<div style=\"width: 237px\" class=\"wp-caption alignleft\"><img loading=\"lazy\" decoding=\"async\" src=\"https:\/\/upload.wikimedia.org\/wikipedia\/commons\/6\/6a\/Ice_Hockey_celebration_Helsinki_2011.jpg\" alt=\"\" width=\"227\" height=\"151\" \/><p class=\"wp-caption-text\">J\u00e4\u00e4kiekon MM-juhlat 2011. Kuva: Wikimedia Commons.<\/p><\/div>\n<p style=\"text-align: justify\"><em>Kiekkokansa<\/em>-projekti tutkii \u201dkiekkokansaa\u201d, sen historiaa ja nykyp\u00e4iv\u00e4\u00e4 ja pohtii, ketk\u00e4 t\u00e4h\u00e4n kansaan kuuluvat ja ketk\u00e4 ovat j\u00e4\u00e4neet sen ulkopuolelle, miss\u00e4 ja miten kiekkokansaa m\u00e4\u00e4ritet\u00e4\u00e4n ja miten j\u00e4\u00e4kiekko yhdist\u00e4\u00e4 ja erottaa.<\/p>\n<p style=\"text-align: justify\">Hankkeen tavoitteena on edist\u00e4\u00e4 suomalaisen j\u00e4\u00e4kiekon kriittist\u00e4 tutkimusta. J\u00e4\u00e4kiekkoa k\u00e4sittelev\u00e4 tietokirja <em>Kiekkokansa<\/em> julkaistaan huhtikuussa 2015.<\/p>\n","protected":false},"excerpt":{"rendered":"<p>J\u00e4\u00e4kiekolla on keskeinen asema suomalaisessa kulttuurissa. Etenkin jokakev\u00e4iset maailmanmestaruuskilpailut kokoavat suomalaisia ja Suomessa asuvia ihmisi\u00e4 j\u00e4\u00e4halleihin sek\u00e4 stadioneiden, kotisohvien ja oluthuoneiden TV-vastaanottimien \u00e4\u00e4relle. Voittojen riemut ja tappioiden ruhjeet el\u00e4v\u00e4t vuodesta toiseen kansallisessa muistissa. Kiekkokansa-projekti tutkii \u201dkiekkokansaa\u201d, sen historiaa ja nykyp\u00e4iv\u00e4\u00e4 &hellip; <a href=\"https:\/\/blogit.utu.fi\/kiekkokansa\/mika-kiekkokansa\/\">Lue loppuun <span class=\"meta-nav\">&rarr;<\/span><\/a><\/p>\n","protected":false},"author":40,"featured_media":0,"parent":0,"menu_order":0,"comment_status":"closed","ping_status":"closed","template":"","meta":{"footnotes":""},"class_list":["post-28","page","type-page","status-publish","hentry"],"_links":{"self":[{"href":"https:\/\/blogit.utu.fi\/kiekkokansa\/wp-json\/wp\/v2\/pages\/28","targetHints":{"allow":["GET"]}}],"collection":[{"href":"https:\/\/blogit.utu.fi\/kiekkokansa\/wp-json\/wp\/v2\/pages"}],"about":[{"href":"https:\/\/blogit.utu.fi\/kiekkokansa\/wp-json\/wp\/v2\/types\/page"}],"author":[{"embeddable":true,"href":"https:\/\/blogit.utu.fi\/kiekkokansa\/wp-json\/wp\/v2\/users\/40"}],"replies":[{"embeddable":true,"href":"https:\/\/blogit.utu.fi\/kiekkokansa\/wp-json\/wp\/v2\/comments?post=28"}],"version-history":[{"count":6,"href":"https:\/\/blogit.utu.fi\/kiekkokansa\/wp-json\/wp\/v2\/pages\/28\/revisions"}],"predecessor-version":[{"id":187,"href":"https:\/\/blogit.utu.fi\/kiekkokansa\/wp-json\/wp\/v2\/pages\/28\/revisions\/187"}],"wp:attachment":[{"href":"https:\/\/blogit.utu.fi\/kiekkokansa\/wp-json\/wp\/v2\/media?parent=28"}],"curies":[{"name":"wp","href":"https:\/\/api.w.org\/{rel}","templated":true}]}}