{"id":34,"date":"2014-01-30T10:07:20","date_gmt":"2014-01-30T08:07:20","guid":{"rendered":"http:\/\/blogit.utu.fi\/kiekkokansa\/?page_id=34"},"modified":"2014-02-12T17:09:24","modified_gmt":"2014-02-12T15:09:24","slug":"muistele-taalla","status":"publish","type":"page","link":"https:\/\/blogit.utu.fi\/kiekkokansa\/muistele-taalla\/","title":{"rendered":"Muistele t\u00e4\u00e4ll\u00e4"},"content":{"rendered":"<p>J\u00e4\u00e4kiekkoon liittyy eri ik\u00e4isill\u00e4 erilaisia muistoja. Siin\u00e4 miss\u00e4 nuorimmille leijonafaneille Kanadan tai Ruotsin voittamat finaaliottelut ovat olleet katkeraa kalkkia, saattaa vanhemmille leijonafaneille esimerkiksi Neuvostoliiton dominoiva asema j\u00e4\u00e4kiekon historiassa olla viel\u00e4kin mieless\u00e4.<\/p>\n<p>Suomi sai toisen voittonsa Neuvostoliitosta vasta vuonna 1986 j\u00e4rjestetyss\u00e4 Izvestia turnauksessa. Alapuolella n\u00e4kyv\u00e4ss\u00e4 videossa on kooste ottelusta.<\/p>\n<p><iframe loading=\"lazy\" title=\"Suomi - Neuvostoliitto, Izvestia turnaus 17.12.1986\" width=\"640\" height=\"480\" src=\"https:\/\/www.youtube.com\/embed\/agYKzhhFSs8?feature=oembed\" frameborder=\"0\" allow=\"accelerometer; autoplay; clipboard-write; encrypted-media; gyroscope; picture-in-picture; web-share\" referrerpolicy=\"strict-origin-when-cross-origin\" allowfullscreen><\/iframe><\/p>\n<p>Mit\u00e4 muistoja sinulla on j\u00e4\u00e4kiekosta? T\u00e4\u00e4ll\u00e4 voit jakaa muistojasi&#8230;<\/p>\n","protected":false},"excerpt":{"rendered":"<p>J\u00e4\u00e4kiekkoon liittyy eri ik\u00e4isill\u00e4 erilaisia muistoja. Siin\u00e4 miss\u00e4 nuorimmille leijonafaneille Kanadan tai Ruotsin voittamat finaaliottelut ovat olleet katkeraa kalkkia, saattaa vanhemmille leijonafaneille esimerkiksi Neuvostoliiton dominoiva asema j\u00e4\u00e4kiekon historiassa olla viel\u00e4kin mieless\u00e4. Suomi sai toisen voittonsa Neuvostoliitosta vasta vuonna 1986 j\u00e4rjestetyss\u00e4 &hellip; <a href=\"https:\/\/blogit.utu.fi\/kiekkokansa\/muistele-taalla\/\">Lue loppuun <span class=\"meta-nav\">&rarr;<\/span><\/a><\/p>\n","protected":false},"author":40,"featured_media":0,"parent":0,"menu_order":0,"comment_status":"open","ping_status":"open","template":"","meta":{"footnotes":""},"class_list":["post-34","page","type-page","status-publish","hentry"],"_links":{"self":[{"href":"https:\/\/blogit.utu.fi\/kiekkokansa\/wp-json\/wp\/v2\/pages\/34","targetHints":{"allow":["GET"]}}],"collection":[{"href":"https:\/\/blogit.utu.fi\/kiekkokansa\/wp-json\/wp\/v2\/pages"}],"about":[{"href":"https:\/\/blogit.utu.fi\/kiekkokansa\/wp-json\/wp\/v2\/types\/page"}],"author":[{"embeddable":true,"href":"https:\/\/blogit.utu.fi\/kiekkokansa\/wp-json\/wp\/v2\/users\/40"}],"replies":[{"embeddable":true,"href":"https:\/\/blogit.utu.fi\/kiekkokansa\/wp-json\/wp\/v2\/comments?post=34"}],"version-history":[{"count":17,"href":"https:\/\/blogit.utu.fi\/kiekkokansa\/wp-json\/wp\/v2\/pages\/34\/revisions"}],"predecessor-version":[{"id":141,"href":"https:\/\/blogit.utu.fi\/kiekkokansa\/wp-json\/wp\/v2\/pages\/34\/revisions\/141"}],"wp:attachment":[{"href":"https:\/\/blogit.utu.fi\/kiekkokansa\/wp-json\/wp\/v2\/media?parent=34"}],"curies":[{"name":"wp","href":"https:\/\/api.w.org\/{rel}","templated":true}]}}