{"id":66,"date":"2014-02-03T19:57:08","date_gmt":"2014-02-03T17:57:08","guid":{"rendered":"http:\/\/blogit.utu.fi\/kiekkokansa\/?page_id=66"},"modified":"2015-03-09T17:10:59","modified_gmt":"2015-03-09T15:10:59","slug":"minsk","status":"publish","type":"page","link":"https:\/\/blogit.utu.fi\/kiekkokansa\/minsk\/","title":{"rendered":"Minsk"},"content":{"rendered":"<p><img loading=\"lazy\" decoding=\"async\" class=\"alignleft\" src=\"https:\/\/upload.wikimedia.org\/wikipedia\/fi\/c\/c5\/J%C3%A4%C3%A4kiekon_mm-kisojen_2014_logo.png\" alt=\"\" width=\"225\" height=\"321\" \/>Teimme kev\u00e4\u00e4ll\u00e4 2014 kentt\u00e4ty\u00f6t\u00e4 Minskin MM-kisojen aikana 9.\u221225. toukokuuta 2014.<\/p>\n<p>Ker\u00e4simme tietoja ja kokemuksia kotikatsomoista ja baareista, mutta my\u00f6s itse kisapaikalla Valko-Ven\u00e4j\u00e4ll\u00e4.<\/p>\n<p>&nbsp;<\/p>\n","protected":false},"excerpt":{"rendered":"<p>Teimme kev\u00e4\u00e4ll\u00e4 2014 kentt\u00e4ty\u00f6t\u00e4 Minskin MM-kisojen aikana 9.\u221225. toukokuuta 2014. Ker\u00e4simme tietoja ja kokemuksia kotikatsomoista ja baareista, mutta my\u00f6s itse kisapaikalla Valko-Ven\u00e4j\u00e4ll\u00e4. &nbsp;<\/p>\n","protected":false},"author":40,"featured_media":0,"parent":0,"menu_order":0,"comment_status":"closed","ping_status":"closed","template":"","meta":{"footnotes":""},"class_list":["post-66","page","type-page","status-publish","hentry"],"_links":{"self":[{"href":"https:\/\/blogit.utu.fi\/kiekkokansa\/wp-json\/wp\/v2\/pages\/66","targetHints":{"allow":["GET"]}}],"collection":[{"href":"https:\/\/blogit.utu.fi\/kiekkokansa\/wp-json\/wp\/v2\/pages"}],"about":[{"href":"https:\/\/blogit.utu.fi\/kiekkokansa\/wp-json\/wp\/v2\/types\/page"}],"author":[{"embeddable":true,"href":"https:\/\/blogit.utu.fi\/kiekkokansa\/wp-json\/wp\/v2\/users\/40"}],"replies":[{"embeddable":true,"href":"https:\/\/blogit.utu.fi\/kiekkokansa\/wp-json\/wp\/v2\/comments?post=66"}],"version-history":[{"count":12,"href":"https:\/\/blogit.utu.fi\/kiekkokansa\/wp-json\/wp\/v2\/pages\/66\/revisions"}],"predecessor-version":[{"id":189,"href":"https:\/\/blogit.utu.fi\/kiekkokansa\/wp-json\/wp\/v2\/pages\/66\/revisions\/189"}],"wp:attachment":[{"href":"https:\/\/blogit.utu.fi\/kiekkokansa\/wp-json\/wp\/v2\/media?parent=66"}],"curies":[{"name":"wp","href":"https:\/\/api.w.org\/{rel}","templated":true}]}}