{"id":34,"date":"2017-10-06T09:45:41","date_gmt":"2017-10-06T09:45:41","guid":{"rendered":"https:\/\/blogit.utu.fi\/kiertotalous\/?page_id=34"},"modified":"2018-08-17T06:35:02","modified_gmt":"2018-08-17T06:35:02","slug":"kiertotalous","status":"publish","type":"page","link":"https:\/\/blogit.utu.fi\/kiertotalous\/kiertotalous\/","title":{"rendered":"Kiertotalous"},"content":{"rendered":"<p>Kiertotaloudella voidaan vaikuttaa positiivisesti yritysten liiketoimintaan ja kannattavuuteen edist\u00e4en samalla kest\u00e4v\u00e4\u00e4 kehityst\u00e4 ja ymp\u00e4rist\u00f6n hyvinvointia. Sivulta l\u00f6yd\u00e4t kiertotalouteen liittyv\u00e4\u00e4 oppimateriaalia, joka\u00a0 on suunnattu erityisesti meriteollisuuden, satamien ja meriliikenteeseen liittyvien toimialojen tarpeisiin.<\/p>\n<p>\u2022 Powerpointesitys ja esityksen luentomuistiinpanot aiheesta <a href=\"https:\/\/seafile.utu.fi\/f\/1737dfbd9226473a84d5\/?dl=1\">&#8221;Kiertotalous&#8221;<\/a><br \/>\n\u2022 <a href=\"https:\/\/play.kahoot.it\/#\/k\/9c089325-b379-4f14-8003-b861cd7b2664\">Kahoot -kysely<\/a> kiertotaloudesta suoraan linkist\u00e4 tai Kahootista hakusanoilla: #kiertotalous ja #jakamistalous<br \/>\n\u2022 Vinkit soveltuvaan <a href=\"https:\/\/blogit.utu.fi\/kiertotalous\/wp-content\/uploads\/sites\/122\/2017\/12\/materiaalivinkit_kiertotalous.pdf\">kirjallisuuteen ja muuhun lis\u00e4materiaaliin.<\/a><br \/>\n\u2022 <a href=\"https:\/\/blogit.utu.fi\/kiertotalous\/wp-content\/uploads\/sites\/122\/2017\/10\/oppimistehtavaideoita.pdf\">Oppimisteht\u00e4vi\u00e4<\/a><br \/>\n\u2022 <a href=\"https:\/\/youtu.be\/ayzv4Or3yhM\">Video kiertotaloudesta ja meriklusterista.<\/a> Mit\u00e4 kiertotalous voi meriklusterissa tarkoittaa?<\/p>\n","protected":false},"excerpt":{"rendered":"<p>Kiertotaloudella voidaan vaikuttaa positiivisesti yritysten liiketoimintaan ja kannattavuuteen edist\u00e4en samalla kest\u00e4v\u00e4\u00e4 kehityst\u00e4 ja ymp\u00e4rist\u00f6n hyvinvointia. Sivulta l\u00f6yd\u00e4t kiertotalouteen liittyv\u00e4\u00e4 oppimateriaalia, joka\u00a0 on suunnattu erityisesti meriteollisuuden, satamien ja meriliikenteeseen liittyvien toimialojen tarpeisiin. \u2022 Powerpointesitys ja esityksen luentomuistiinpanot aiheesta &#8221;Kiertotalous&#8221; \u2022 Kahoot &hellip; <a href=\"https:\/\/blogit.utu.fi\/kiertotalous\/kiertotalous\/\">Lue loppuun <span class=\"meta-nav\">&rarr;<\/span><\/a><\/p>\n","protected":false},"author":738,"featured_media":139,"parent":0,"menu_order":2,"comment_status":"closed","ping_status":"closed","template":"","meta":{"footnotes":""},"class_list":["post-34","page","type-page","status-publish","has-post-thumbnail","hentry"],"_links":{"self":[{"href":"https:\/\/blogit.utu.fi\/kiertotalous\/wp-json\/wp\/v2\/pages\/34","targetHints":{"allow":["GET"]}}],"collection":[{"href":"https:\/\/blogit.utu.fi\/kiertotalous\/wp-json\/wp\/v2\/pages"}],"about":[{"href":"https:\/\/blogit.utu.fi\/kiertotalous\/wp-json\/wp\/v2\/types\/page"}],"author":[{"embeddable":true,"href":"https:\/\/blogit.utu.fi\/kiertotalous\/wp-json\/wp\/v2\/users\/738"}],"replies":[{"embeddable":true,"href":"https:\/\/blogit.utu.fi\/kiertotalous\/wp-json\/wp\/v2\/comments?post=34"}],"version-history":[{"count":26,"href":"https:\/\/blogit.utu.fi\/kiertotalous\/wp-json\/wp\/v2\/pages\/34\/revisions"}],"predecessor-version":[{"id":607,"href":"https:\/\/blogit.utu.fi\/kiertotalous\/wp-json\/wp\/v2\/pages\/34\/revisions\/607"}],"wp:featuredmedia":[{"embeddable":true,"href":"https:\/\/blogit.utu.fi\/kiertotalous\/wp-json\/wp\/v2\/media\/139"}],"wp:attachment":[{"href":"https:\/\/blogit.utu.fi\/kiertotalous\/wp-json\/wp\/v2\/media?parent=34"}],"curies":[{"name":"wp","href":"https:\/\/api.w.org\/{rel}","templated":true}]}}