{"id":38,"date":"2017-10-06T09:20:17","date_gmt":"2017-10-06T09:20:17","guid":{"rendered":"https:\/\/blogit.utu.fi\/kiertotalous\/?page_id=38"},"modified":"2018-10-16T08:44:50","modified_gmt":"2018-10-16T08:44:50","slug":"meriliikenteen-ja-teollisuuden-ymparistovaikutukset-seka-energiatehokkuus","status":"publish","type":"page","link":"https:\/\/blogit.utu.fi\/kiertotalous\/meriliikenteen-ja-teollisuuden-ymparistovaikutukset-seka-energiatehokkuus\/","title":{"rendered":"Ymp\u00e4rist\u00f6vaikutukset ja energiatehokkuus"},"content":{"rendered":"<p>Kiertotaloudessa pyrit\u00e4\u00e4n edist\u00e4m\u00e4\u00e4n sek\u00e4 taloudellista liiketoimintaa ett\u00e4 kest\u00e4v\u00e4\u00e4 kehityst\u00e4. Tavoitteena on minimoida materiaalien k\u00e4yt\u00f6n ymp\u00e4rist\u00f6vaikutukset, ja edist\u00e4\u00e4 uusiutuvien energial\u00e4hteiden k\u00e4ytt\u00f6\u00e4. T\u00e4lt\u00e4 sivulta l\u00f6yd\u00e4t n\u00e4ihin teemoihin liittyv\u00e4\u00e4 oppimateriaalia. Materiaali on suunnattu erityisesti meriteollisuuden, satamien ja meriliikenteeseen liittyvien toimialojen tarpeisiin.<\/p>\n<p>\u2022 Powerpointesitys ja luentomuistiinpanot aiheesta <a href=\"https:\/\/seafile.utu.fi\/f\/7af010479d28417b8f84\/?dl=1\">&#8221;Meriliikenteen ymp\u00e4rist\u00f6vaikutukset&#8221;<\/a><br \/>\n\u2022 <a href=\"https:\/\/play.kahoot.it\/#\/k\/de3cd732-3009-4c2e-b2ea-9b04d78a02bc\">Kahoot -kysely<\/a> meriliikenteen ymp\u00e4rist\u00f6vaikutuksista. Kysely l\u00f6ytyy Kahootista my\u00f6s hakusanoilla #meriliikenne ja #ymp\u00e4rist\u00f6vaikutukset<br \/>\n\u2022 Soveltuvat<a href=\"https:\/\/blogit.utu.fi\/kiertotalous\/wp-content\/uploads\/sites\/122\/2017\/12\/Kirjallisuus_ja_artikkelit_ymparistovaikutukset_energiatehokkuus.pdf\">\u00a0kirjallisuus- ja materiaalivinkit<\/a> meriliikenteen energiatehokkuudesta ja ymp\u00e4rist\u00f6vaikutuksista.<br \/>\n\u2022 <a href=\"https:\/\/blogit.utu.fi\/kiertotalous\/wp-content\/uploads\/sites\/122\/2017\/10\/oppimistehtavaideoita_energiatehokkuus_ja_ymparistovaikutukset.pdf\">Oppimisteht\u00e4v\u00e4ideoita<\/a><\/p>\n","protected":false},"excerpt":{"rendered":"<p>Kiertotaloudessa pyrit\u00e4\u00e4n edist\u00e4m\u00e4\u00e4n sek\u00e4 taloudellista liiketoimintaa ett\u00e4 kest\u00e4v\u00e4\u00e4 kehityst\u00e4. Tavoitteena on minimoida materiaalien k\u00e4yt\u00f6n ymp\u00e4rist\u00f6vaikutukset, ja edist\u00e4\u00e4 uusiutuvien energial\u00e4hteiden k\u00e4ytt\u00f6\u00e4. T\u00e4lt\u00e4 sivulta l\u00f6yd\u00e4t n\u00e4ihin teemoihin liittyv\u00e4\u00e4 oppimateriaalia. Materiaali on suunnattu erityisesti meriteollisuuden, satamien ja meriliikenteeseen liittyvien toimialojen tarpeisiin. \u2022 Powerpointesitys &hellip; <a href=\"https:\/\/blogit.utu.fi\/kiertotalous\/meriliikenteen-ja-teollisuuden-ymparistovaikutukset-seka-energiatehokkuus\/\">Lue loppuun <span class=\"meta-nav\">&rarr;<\/span><\/a><\/p>\n","protected":false},"author":738,"featured_media":137,"parent":0,"menu_order":3,"comment_status":"closed","ping_status":"closed","template":"","meta":{"footnotes":""},"class_list":["post-38","page","type-page","status-publish","has-post-thumbnail","hentry"],"_links":{"self":[{"href":"https:\/\/blogit.utu.fi\/kiertotalous\/wp-json\/wp\/v2\/pages\/38","targetHints":{"allow":["GET"]}}],"collection":[{"href":"https:\/\/blogit.utu.fi\/kiertotalous\/wp-json\/wp\/v2\/pages"}],"about":[{"href":"https:\/\/blogit.utu.fi\/kiertotalous\/wp-json\/wp\/v2\/types\/page"}],"author":[{"embeddable":true,"href":"https:\/\/blogit.utu.fi\/kiertotalous\/wp-json\/wp\/v2\/users\/738"}],"replies":[{"embeddable":true,"href":"https:\/\/blogit.utu.fi\/kiertotalous\/wp-json\/wp\/v2\/comments?post=38"}],"version-history":[{"count":24,"href":"https:\/\/blogit.utu.fi\/kiertotalous\/wp-json\/wp\/v2\/pages\/38\/revisions"}],"predecessor-version":[{"id":623,"href":"https:\/\/blogit.utu.fi\/kiertotalous\/wp-json\/wp\/v2\/pages\/38\/revisions\/623"}],"wp:featuredmedia":[{"embeddable":true,"href":"https:\/\/blogit.utu.fi\/kiertotalous\/wp-json\/wp\/v2\/media\/137"}],"wp:attachment":[{"href":"https:\/\/blogit.utu.fi\/kiertotalous\/wp-json\/wp\/v2\/media?parent=38"}],"curies":[{"name":"wp","href":"https:\/\/api.w.org\/{rel}","templated":true}]}}