{"id":459,"date":"2018-04-11T10:17:38","date_gmt":"2018-04-11T10:17:38","guid":{"rendered":"https:\/\/blogit.utu.fi\/kiertotalous\/?page_id=459"},"modified":"2018-10-16T08:44:26","modified_gmt":"2018-10-16T08:44:26","slug":"kiertotalous-ymparisto-ja-meriklusteri-oppimateriaali","status":"publish","type":"page","link":"https:\/\/blogit.utu.fi\/kiertotalous\/","title":{"rendered":""},"content":{"rendered":"<p>Kiertotalous, ymp\u00e4rist\u00f6 ja meriklusteri -sivusto sis\u00e4lt\u00e4\u00e4 oppimateriaalia kiertotalouteen ja ymp\u00e4rist\u00f6n kest\u00e4v\u00e4\u00e4n k\u00e4ytt\u00f6\u00f6n liittyvist\u00e4 teemoista. Materiaalit ovat vapaasti k\u00e4ytett\u00e4viss\u00e4, ja ne soveltuvat sek\u00e4 opettajien k\u00e4ytt\u00f6\u00f6n ett\u00e4 itseopiskeluun. Materiaaleissa teemoja l\u00e4hestyt\u00e4\u00e4n meriklusterisidonnaisten yritysten n\u00e4k\u00f6kulmasta, ja niiss\u00e4 huomioidaan erityisesti meriklusteri, varustamot ja satamat sek\u00e4 niihin liittyv\u00e4t toiminnot ja toimijat.<\/p>\n<p>Sivustolta l\u00f6ytyy oppimateriaalia seuraavista teemoista:<br \/>\n\u2022 kiertotalous<br \/>\n\u2022 ymp\u00e4rist\u00f6vaikutukset ja energiatehokkuus<br \/>\n\u2022 j\u00e4tehuolto ja ymp\u00e4rist\u00f6j\u00e4rjestelm\u00e4t<br \/>\n\u2022 ymp\u00e4rist\u00f6s\u00e4\u00e4ntely<br \/>\n\u2022 lis\u00e4arvojen ja -palvelujen tuottaminen<\/p>\n<p>Oppimateriaalit tuotettiin osana Kiertotalous, ymp\u00e4rist\u00f6 ja meriklusteri \u2013hanketta, jonka tavoitteena oli lis\u00e4t\u00e4 kiertotalousosaamista meriklusterialan pk\u2010yrityksiss\u00e4 ja edist\u00e4\u00e4 kiertotalouden liiketaloudellisia mahdollisuuksia ja ymp\u00e4rist\u00f6hy\u00f6tyj\u00e4. Hankkeessa kehitettiin ja toteutettiin 25 opintopisteen laajuinen t\u00e4ydennyskoulutuskokonaisuus yhteisty\u00f6ss\u00e4 meriklusteriin kuuluvien yritysten ja alan muiden toimijoiden kanssa. \u201dKiertotalous, ymp\u00e4rist\u00f6 ja meriklusteri\u201d opintokokonaisuuden sis\u00e4lt\u00f6ihin voi perehty\u00e4 tutustumalla opintosuunnitelmaan <a href=\"https:\/\/blogit.utu.fi\/kiertotalous\/wp-content\/uploads\/sites\/122\/2017\/12\/Opintosuunnitelma_Kiertotalous.pdf\">t\u00e4st\u00e4.<\/a><\/p>\n","protected":false},"excerpt":{"rendered":"<p>Kiertotalous, ymp\u00e4rist\u00f6 ja meriklusteri -sivusto sis\u00e4lt\u00e4\u00e4 oppimateriaalia kiertotalouteen ja ymp\u00e4rist\u00f6n kest\u00e4v\u00e4\u00e4n k\u00e4ytt\u00f6\u00f6n liittyvist\u00e4 teemoista. Materiaalit ovat vapaasti k\u00e4ytett\u00e4viss\u00e4, ja ne soveltuvat sek\u00e4 opettajien k\u00e4ytt\u00f6\u00f6n ett\u00e4 itseopiskeluun. Materiaaleissa teemoja l\u00e4hestyt\u00e4\u00e4n meriklusterisidonnaisten yritysten n\u00e4k\u00f6kulmasta, ja niiss\u00e4 huomioidaan erityisesti meriklusteri, varustamot ja satamat &hellip; <a href=\"https:\/\/blogit.utu.fi\/kiertotalous\/\">Lue loppuun <span class=\"meta-nav\">&rarr;<\/span><\/a><\/p>\n","protected":false},"author":738,"featured_media":0,"parent":0,"menu_order":1,"comment_status":"closed","ping_status":"closed","template":"","meta":{"footnotes":""},"class_list":["post-459","page","type-page","status-publish","hentry"],"_links":{"self":[{"href":"https:\/\/blogit.utu.fi\/kiertotalous\/wp-json\/wp\/v2\/pages\/459","targetHints":{"allow":["GET"]}}],"collection":[{"href":"https:\/\/blogit.utu.fi\/kiertotalous\/wp-json\/wp\/v2\/pages"}],"about":[{"href":"https:\/\/blogit.utu.fi\/kiertotalous\/wp-json\/wp\/v2\/types\/page"}],"author":[{"embeddable":true,"href":"https:\/\/blogit.utu.fi\/kiertotalous\/wp-json\/wp\/v2\/users\/738"}],"replies":[{"embeddable":true,"href":"https:\/\/blogit.utu.fi\/kiertotalous\/wp-json\/wp\/v2\/comments?post=459"}],"version-history":[{"count":13,"href":"https:\/\/blogit.utu.fi\/kiertotalous\/wp-json\/wp\/v2\/pages\/459\/revisions"}],"predecessor-version":[{"id":648,"href":"https:\/\/blogit.utu.fi\/kiertotalous\/wp-json\/wp\/v2\/pages\/459\/revisions\/648"}],"wp:attachment":[{"href":"https:\/\/blogit.utu.fi\/kiertotalous\/wp-json\/wp\/v2\/media?parent=459"}],"curies":[{"name":"wp","href":"https:\/\/api.w.org\/{rel}","templated":true}]}}