{"id":48,"date":"2017-10-06T09:21:52","date_gmt":"2017-10-06T09:21:52","guid":{"rendered":"https:\/\/blogit.utu.fi\/kiertotalous\/?page_id=48"},"modified":"2018-10-15T09:15:15","modified_gmt":"2018-10-15T09:15:15","slug":"lisaarvojen-ja-palvelujen-tuottaminen","status":"publish","type":"page","link":"https:\/\/blogit.utu.fi\/kiertotalous\/lisaarvojen-ja-palvelujen-tuottaminen\/","title":{"rendered":"Lis\u00e4arvojen ja -palvelujen tuottaminen"},"content":{"rendered":"<p>Kiertotalouden toteutuminen vaatii uudenlaisia liiketoimintamalleja, joissa raaka-aineista valmistetun uuden tuotteen valmistus ja uuden tuotteen myynti eiv\u00e4t ole ensisijainen tavoite. Palveluliiketoiminta, elinkaariajattelu ja lis\u00e4arvojen tuottaminen ovat kiertotaloudelle keskeisi\u00e4 teemoja. T\u00e4ll\u00e4 sivulla on n\u00e4ihin teemoihin liittyv\u00e4\u00e4 oppimateriaalia, joka on suunnattu erityisesti meriteollisuuden, satamien ja meriliikenteeseen liittyvien toimialojen tarpeisiin.<\/p>\n<p>\u2022 Powerpointesitys ja luentomuistiinpanot aiheesta &#8221;<a href=\"https:\/\/seafile.utu.fi\/f\/63c1b90c69314ea3a657\/?dl=1\">Lis\u00e4arvojen ja palvelujen tuottaminen meriklusterin markkinatilanteissa, tulevaisuuden n\u00e4kymiss\u00e4 ja arvonlis\u00e4yksess\u00e4<\/a>&#8221;<br \/>\n\u2022 <a href=\"https:\/\/play.kahoot.it\/#\/k\/00e826e6-5d18-401e-8382-e0c0c7a67ad9\">Kahoot -kysely<\/a> palveluliiketoiminnasta ja lis\u00e4arvoista Suomen meriklusterissa. Kysely l\u00f6ytyy Kahootista my\u00f6s hakusanoilla <span class=\"details-content-block__component--hidden-small-medium\">#lis\u00e4arvo #palvelutalous # palvelut #kiertotalous #meriklusteri.<\/span><br \/>\n\u2022 <a href=\"https:\/\/blogit.utu.fi\/kiertotalous\/wp-content\/uploads\/sites\/122\/2018\/05\/materiaalivinkit_lisaarvot_ja_palvelut.pdf\">Vinkkilista soveltuvaan kirjallisuuteen ja lis\u00e4materiaaliin<\/a><br \/>\n\u2022 <a href=\"https:\/\/blogit.utu.fi\/kiertotalous\/wp-content\/uploads\/sites\/122\/2018\/08\/oppimistehtavaideoita_lisa-arvot_ja_palvelut.pdf\">oppimisteht\u00e4vi\u00e4<\/a><br \/>\n\u2022\u00a0 Miksi palvelutalous ja digitalisaatio ovat kiertotalouden ja meriklusterin n\u00e4k\u00f6kulmasta t\u00e4rkeit\u00e4? <a href=\"https:\/\/youtu.be\/LbBYeSI4z8Y\">Katso t\u00e4st\u00e4 Palvelut, kiertotalous ja meriklusteri -video.<\/a><\/p>\n<p>&nbsp;<\/p>\n","protected":false},"excerpt":{"rendered":"<p>Kiertotalouden toteutuminen vaatii uudenlaisia liiketoimintamalleja, joissa raaka-aineista valmistetun uuden tuotteen valmistus ja uuden tuotteen myynti eiv\u00e4t ole ensisijainen tavoite. Palveluliiketoiminta, elinkaariajattelu ja lis\u00e4arvojen tuottaminen ovat kiertotaloudelle keskeisi\u00e4 teemoja. T\u00e4ll\u00e4 sivulla on n\u00e4ihin teemoihin liittyv\u00e4\u00e4 oppimateriaalia, joka on suunnattu erityisesti meriteollisuuden, &hellip; <a href=\"https:\/\/blogit.utu.fi\/kiertotalous\/lisaarvojen-ja-palvelujen-tuottaminen\/\">Lue loppuun <span class=\"meta-nav\">&rarr;<\/span><\/a><\/p>\n","protected":false},"author":738,"featured_media":122,"parent":0,"menu_order":6,"comment_status":"closed","ping_status":"closed","template":"","meta":{"footnotes":""},"class_list":["post-48","page","type-page","status-publish","has-post-thumbnail","hentry"],"_links":{"self":[{"href":"https:\/\/blogit.utu.fi\/kiertotalous\/wp-json\/wp\/v2\/pages\/48","targetHints":{"allow":["GET"]}}],"collection":[{"href":"https:\/\/blogit.utu.fi\/kiertotalous\/wp-json\/wp\/v2\/pages"}],"about":[{"href":"https:\/\/blogit.utu.fi\/kiertotalous\/wp-json\/wp\/v2\/types\/page"}],"author":[{"embeddable":true,"href":"https:\/\/blogit.utu.fi\/kiertotalous\/wp-json\/wp\/v2\/users\/738"}],"replies":[{"embeddable":true,"href":"https:\/\/blogit.utu.fi\/kiertotalous\/wp-json\/wp\/v2\/comments?post=48"}],"version-history":[{"count":19,"href":"https:\/\/blogit.utu.fi\/kiertotalous\/wp-json\/wp\/v2\/pages\/48\/revisions"}],"predecessor-version":[{"id":639,"href":"https:\/\/blogit.utu.fi\/kiertotalous\/wp-json\/wp\/v2\/pages\/48\/revisions\/639"}],"wp:featuredmedia":[{"embeddable":true,"href":"https:\/\/blogit.utu.fi\/kiertotalous\/wp-json\/wp\/v2\/media\/122"}],"wp:attachment":[{"href":"https:\/\/blogit.utu.fi\/kiertotalous\/wp-json\/wp\/v2\/media?parent=48"}],"curies":[{"name":"wp","href":"https:\/\/api.w.org\/{rel}","templated":true}]}}