{"id":19,"date":"2017-10-23T09:45:51","date_gmt":"2017-10-23T09:45:51","guid":{"rendered":"https:\/\/blogit.utu.fi\/kokkeli\/?page_id=19"},"modified":"2018-02-15T16:22:06","modified_gmt":"2018-02-15T16:22:06","slug":"kohdealueet-ja-toiminta","status":"publish","type":"page","link":"https:\/\/blogit.utu.fi\/kokkeli\/kohdealueet-ja-toiminta\/","title":{"rendered":"Kohdealueet ja toiminta"},"content":{"rendered":"<p>Tutkimuksen ja taiteellisen kehitt\u00e4misen kohdealueiksi on valittu 121 km pitk\u00e4n, Sastamalasta Poriin selk\u00e4meren rannikolle laskevan Kokem\u00e4enjokilaakson nauhasta kohteita, joihin hankkeen toimintaa kohdistetaan. N\u00e4it\u00e4 kohteita ovat<\/p>\n<ul>\n<li>Porissa Huvilajuovan alue Luotojen rakennetussa kulttuuriymp\u00e4rist\u00f6ss\u00e4, tammi-helmikuu 2018<\/li>\n<li>Ulvila Saaren alue<\/li>\n<li>Harjavalta-Nakkila Lammaistenlahden kulttuurimaisema<\/li>\n<li>Kokem\u00e4ki Kuurola ja S\u00e4pil\u00e4nniemi<\/li>\n<li>Huittinen Karhiniemi<\/li>\n<li>Sastamala \u00c4ets\u00e4n Pehula<\/li>\n<\/ul>\n<p>Kohteissa toteutetaan kulttuurisuunnittelun periaatteiden mukainen kaksivaiheinen tutkimusprosessi. Prosessin ensimm\u00e4isen\u00e4 vaiheena (ensimm\u00e4isen vuoden aikana 2018) kohteissa toteutetaan kulttuurikartoitus, jossa paikallista tietoa kootaan erilaisilla menetelmill\u00e4 suoraan paikallisilta asukkailta ja toimijoilta. Menetelm\u00e4n\u00e4 k\u00e4ytet\u00e4\u00e4n kaikille kohteille yhteist\u00e4 paikkatietokysely\u00e4 sek\u00e4 haastatteluja, mutta my\u00f6s kohteittain vaihtuvia ty\u00f6pajoja, osallistavia teht\u00e4vi\u00e4. Tarkoituksena on tavoittaa mahdollisimman laaja osa asukkaista. Kartoituksessa tarkoituksena on tunnistaa yhteis\u00f6n kannattamia paikallisia kulttuurisia resursseja, joita voivat olla esimerkiksi yhtenev\u00e4t arvostukset, el\u00e4m\u00e4ntavat, ymp\u00e4rist\u00f6tekij\u00e4t, perinteet tai muistot.<\/p>\n<p>Seuraavassa vaiheessa (hankkeen toinen toteutusvuosi 2019) samoilla kohdealueilla vied\u00e4\u00e4n l\u00e4pi kulttuurisuunnitteluun t\u00e4ht\u00e4\u00e4v\u00e4 yhteiskehitt\u00e4misen vaihe, jossa kohteissa tunnistettuja kulttuurisia resursseja kehitet\u00e4\u00e4n taidevetoiseen yhteiskehitt\u00e4miseen perustuvalla ty\u00f6skentelytavalla, esimerkiksi ty\u00f6pajoin sek\u00e4 taiteellisina prosesseina. Toiminta on t\u00e4ll\u00f6in yhteis\u00f6lliseen\u00a0ja keskusteltuun,\u00a0 osallisten yhteiseen toimintasuunnitelmaan pyrkiv\u00e4\u00e4 &#8211; yhteis\u00f6n tunnistetuista kulttuurisista l\u00e4ht\u00f6kohdista k\u00e4sin.<\/p>\n<p>&nbsp;<\/p>\n","protected":false},"excerpt":{"rendered":"<p>Tutkimuksen ja taiteellisen kehitt\u00e4misen kohdealueiksi on valittu 121 km pitk\u00e4n, Sastamalasta Poriin selk\u00e4meren rannikolle laskevan Kokem\u00e4enjokilaakson nauhasta kohteita, joihin hankkeen toimintaa kohdistetaan. N\u00e4it\u00e4 kohteita ovat Porissa Huvilajuovan alue Luotojen rakennetussa kulttuuriymp\u00e4rist\u00f6ss\u00e4, tammi-helmikuu 2018 Ulvila Saaren alue Harjavalta-Nakkila Lammaistenlahden kulttuurimaisema Kokem\u00e4ki Kuurola ja S\u00e4pil\u00e4nniemi Huittinen Karhiniemi Sastamala \u00c4ets\u00e4n Pehula Kohteissa toteutetaan kulttuurisuunnittelun periaatteiden mukainen kaksivaiheinen tutkimusprosessi. [&hellip;]<\/p>\n","protected":false},"author":3306,"featured_media":0,"parent":0,"menu_order":0,"comment_status":"closed","ping_status":"closed","template":"","meta":{"footnotes":""},"class_list":["post-19","page","type-page","status-publish","hentry","post-preview"],"_links":{"self":[{"href":"https:\/\/blogit.utu.fi\/kokkeli\/wp-json\/wp\/v2\/pages\/19","targetHints":{"allow":["GET"]}}],"collection":[{"href":"https:\/\/blogit.utu.fi\/kokkeli\/wp-json\/wp\/v2\/pages"}],"about":[{"href":"https:\/\/blogit.utu.fi\/kokkeli\/wp-json\/wp\/v2\/types\/page"}],"author":[{"embeddable":true,"href":"https:\/\/blogit.utu.fi\/kokkeli\/wp-json\/wp\/v2\/users\/3306"}],"replies":[{"embeddable":true,"href":"https:\/\/blogit.utu.fi\/kokkeli\/wp-json\/wp\/v2\/comments?post=19"}],"version-history":[{"count":7,"href":"https:\/\/blogit.utu.fi\/kokkeli\/wp-json\/wp\/v2\/pages\/19\/revisions"}],"predecessor-version":[{"id":316,"href":"https:\/\/blogit.utu.fi\/kokkeli\/wp-json\/wp\/v2\/pages\/19\/revisions\/316"}],"wp:attachment":[{"href":"https:\/\/blogit.utu.fi\/kokkeli\/wp-json\/wp\/v2\/media?parent=19"}],"curies":[{"name":"wp","href":"https:\/\/api.w.org\/{rel}","templated":true}]}}