{"id":46,"date":"2017-10-23T09:50:56","date_gmt":"2017-10-23T09:50:56","guid":{"rendered":"https:\/\/blogit.utu.fi\/kokkeli\/?page_id=46"},"modified":"2017-11-22T10:54:11","modified_gmt":"2017-11-22T10:54:11","slug":"rohkeat-tekijat","status":"publish","type":"page","link":"https:\/\/blogit.utu.fi\/kokkeli\/rohkeat-tekijat\/","title":{"rendered":"#Rohkeat tekij\u00e4t"},"content":{"rendered":"<p>Hankkeen tutkijana toimii FM, maisemantutkija Vuokko Kemppi-Vienola<br \/>\nvuokko.kemppi-vienola@utu.fi<\/p>\n<p><img loading=\"lazy\" decoding=\"async\" class=\"alignnone size-medium wp-image-110 alignright\" src=\"https:\/\/blogit.utu.fi\/kokkeli\/wp-content\/uploads\/sites\/125\/2017\/10\/IMG_0030-300x169.jpg\" alt=\"\" width=\"300\" height=\"169\" srcset=\"https:\/\/blogit.utu.fi\/kokkeli\/wp-content\/uploads\/sites\/125\/2017\/10\/IMG_0030-300x169.jpg 300w, https:\/\/blogit.utu.fi\/kokkeli\/wp-content\/uploads\/sites\/125\/2017\/10\/IMG_0030-768x432.jpg 768w, https:\/\/blogit.utu.fi\/kokkeli\/wp-content\/uploads\/sites\/125\/2017\/10\/IMG_0030-1024x577.jpg 1024w, https:\/\/blogit.utu.fi\/kokkeli\/wp-content\/uploads\/sites\/125\/2017\/10\/IMG_0030-676x381.jpg 676w, https:\/\/blogit.utu.fi\/kokkeli\/wp-content\/uploads\/sites\/125\/2017\/10\/IMG_0030.jpg 1600w\" sizes=\"auto, (max-width: 300px) 100vw, 300px\" \/><\/p>\n<blockquote><p>Vuokko tutkii Turun yliopiston maisemantutkimuksen v\u00e4it\u00f6stutkimuksessaan kulttuuriymp\u00e4rist\u00f6n hyvinvointivaikutuksia koetun hyvinvoinnin, esimerkiksi osallisuuden, onnellisuuden, oppimisen sek\u00e4 el\u00e4myksellisyyden n\u00e4k\u00f6kulmista. Mik\u00e4 rooli merkitykselliseksi koetulla ymp\u00e4rist\u00f6ll\u00e4 on kokonaisvaltaisessa, subjektiivisessa hyv\u00e4n el\u00e4m\u00e4nlaadun kokemuksessa?<\/p><\/blockquote>\n<p>Hankkeen taiteilija-tutkijana toimii Marjo Heino<br \/>\nmarjo.heino@utu.fi<\/p>\n<blockquote><p>Marjo toimii hankkeessa tutkija-taiteilijana. Omassa Aalto yliopiston v\u00e4it\u00f6stutkimuksessaan Marjo tutkii yhteisotaiteellisia prosesseja maisemansuojelun perustana.<\/p><\/blockquote>\n<p>Hankkeen johtajana toimii professori Maunu H\u00e4yrynen<br \/>\nmaunu.hayrynen@utu.fi<\/p>\n","protected":false},"excerpt":{"rendered":"<p>Hankkeen tutkijana toimii FM, maisemantutkija Vuokko Kemppi-Vienola vuokko.kemppi-vienola@utu.fi Vuokko tutkii Turun yliopiston maisemantutkimuksen v\u00e4it\u00f6stutkimuksessaan kulttuuriymp\u00e4rist\u00f6n hyvinvointivaikutuksia koetun hyvinvoinnin, esimerkiksi osallisuuden, onnellisuuden, oppimisen sek\u00e4 el\u00e4myksellisyyden n\u00e4k\u00f6kulmista. Mik\u00e4 rooli merkitykselliseksi koetulla ymp\u00e4rist\u00f6ll\u00e4 on kokonaisvaltaisessa, subjektiivisessa hyv\u00e4n el\u00e4m\u00e4nlaadun kokemuksessa? Hankkeen taiteilija-tutkijana toimii Marjo Heino marjo.heino@utu.fi Marjo toimii hankkeessa tutkija-taiteilijana. Omassa Aalto yliopiston v\u00e4it\u00f6stutkimuksessaan Marjo tutkii yhteisotaiteellisia prosesseja maisemansuojelun [&hellip;]<\/p>\n","protected":false},"author":3306,"featured_media":0,"parent":0,"menu_order":0,"comment_status":"closed","ping_status":"closed","template":"","meta":{"footnotes":""},"class_list":["post-46","page","type-page","status-publish","hentry","post-preview"],"_links":{"self":[{"href":"https:\/\/blogit.utu.fi\/kokkeli\/wp-json\/wp\/v2\/pages\/46","targetHints":{"allow":["GET"]}}],"collection":[{"href":"https:\/\/blogit.utu.fi\/kokkeli\/wp-json\/wp\/v2\/pages"}],"about":[{"href":"https:\/\/blogit.utu.fi\/kokkeli\/wp-json\/wp\/v2\/types\/page"}],"author":[{"embeddable":true,"href":"https:\/\/blogit.utu.fi\/kokkeli\/wp-json\/wp\/v2\/users\/3306"}],"replies":[{"embeddable":true,"href":"https:\/\/blogit.utu.fi\/kokkeli\/wp-json\/wp\/v2\/comments?post=46"}],"version-history":[{"count":7,"href":"https:\/\/blogit.utu.fi\/kokkeli\/wp-json\/wp\/v2\/pages\/46\/revisions"}],"predecessor-version":[{"id":207,"href":"https:\/\/blogit.utu.fi\/kokkeli\/wp-json\/wp\/v2\/pages\/46\/revisions\/207"}],"wp:attachment":[{"href":"https:\/\/blogit.utu.fi\/kokkeli\/wp-json\/wp\/v2\/media?parent=46"}],"curies":[{"name":"wp","href":"https:\/\/api.w.org\/{rel}","templated":true}]}}