{"id":79,"date":"2017-10-23T10:29:41","date_gmt":"2017-10-23T10:29:41","guid":{"rendered":"https:\/\/blogit.utu.fi\/kokkeli\/?page_id=79"},"modified":"2019-07-08T10:10:27","modified_gmt":"2019-07-08T10:10:27","slug":"kokkeli-hanke","status":"publish","type":"page","link":"https:\/\/blogit.utu.fi\/kokkeli\/kokkeli-hanke\/","title":{"rendered":"KOKKELI-hanke"},"content":{"rendered":"<p>KOKKELI<br \/>\nKulttuurisuunnittelu ja taiteellinen kehitt\u00e4minen<\/p>\n<p>Tervetuloa tutustumaan Turun yliopiston KOKKELI-hankkeen toimintaan, tavoitteisiin ja #rohkeatekij\u00e4 -ihmisiin!<\/p>\n<p>KOKKELI on Koneen S\u00e4\u00e4ti\u00f6n rahoittama kaksivuotinen taide- ja tutkimushanke, jonka tarkoituksena on kehitt\u00e4\u00e4 keinoja, joilla asukkaat saadaan miellekk\u00e4\u00e4ll\u00e4 tavalla paremmin osallisiksi kulttuuriymp\u00e4rist\u00f6jen suojeluun, osana asukkaiden toimintaymp\u00e4rist\u00f6iden yhteiskehitt\u00e4mist\u00e4 ja -suunnittelua Satakunnan Kokem\u00e4enjokilaaksossa. KOKKELI kysyy, mit\u00e4 kulttuuriymp\u00e4rist\u00f6 merkitsee asukkailleen, k\u00e4ytt\u00e4jilleen ja millaista osallisuutta ja merkityksellisyytt\u00e4 se tuottaa. Kysymyksiin etsit\u00e4\u00e4n vastauksia taiteen, humanistisen paikkatutkimuksen sek\u00e4 yhteisi\u00e4 p\u00e4\u00e4m\u00e4\u00e4ri\u00e4 tavoittavan kulttuurikartoituksen ja yhteissuunnittelun avulla. Tarkoituksena on huomioida vallalla olevaa suunnittelutapaa laajemmin muunmuassa asukkaiden yhteiset muistot ja merkitykset hyv\u00e4n el\u00e4m\u00e4nlaadun muodostumisen osatekij\u00f6in\u00e4, unohtamatta kauniin maiseman esteettisi\u00e4 kokemuksia.<\/p>\n<p>Ylh\u00e4\u00e4lt\u00e4 olevasta palkista l\u00f6yd\u00e4t sivuston hanketta esittelev\u00e4t pysyv\u00e4t sivut, kuten hankkeen tiedot ja tekij\u00e4t. Sivun oikealla olevasta palkista l\u00f6yd\u00e4t hankkeen blogin, johon p\u00e4ivitet\u00e4\u00e4n uusimmat artikkelit. Oikealla olevasta Facebook-feedist\u00e4 voit katsoa, mit\u00e4 juuri nyt on meneill\u00e4\u00e4n.\u00a0 Tervetuloa mukaan osallistumaan toimintaan!<\/p>\n<p>&nbsp;<\/p>\n<p><strong>Asukkaiden merkityksellinen kulttuurimaisema ja toimintaymp\u00e4rist\u00f6<\/strong><\/p>\n<p>Kokem\u00e4enjoki on Satakunnan ja Pirkanmaan suurin joki. Se virtaa Pirkanmaan Sastamalasta, Huit\u00adtisten, Kokem\u00e4en, Harjavallan, Nakkilan ja Ulvilan l\u00e4pi aina Porin rannikolle asti. Kokem\u00e4enjokilaakso on tarjonnut hyv\u00e4t edellytykset syntyhetkest\u00e4\u00e4n l\u00e4htien varhaiselle asutukselle ja el\u00e4m\u00e4lle alueella. Alue on edustava esimerkki pitkitt\u00e4isleikkauksesta Satakunnan asutuksen, maank\u00e4yt\u00f6n, maannousemisen, kulttuurien, el\u00e4m\u00e4ntapojen ja elinkeinojen historiaan. Teollisuus on n\u00e4ytellyt niin kaupungeissa, kuin my\u00f6s maaseudulla t\u00e4rke\u00e4\u00e4 roolia paikallisten kulttuurien muotoutumisessa. Luonnonhistorian erityispiirteist\u00e4 Kokem\u00e4enjokilaakson suistoalue on Suomen edustavin suistomuodostuma eli delta, Huittisten alueen suoalueet ovat Etel\u00e4-Suomen arvokkaimpia ja edustavimpia konsentrisia kermikeitaita.<\/p>\n<p>T\u00e4n\u00e4 p\u00e4iv\u00e4n\u00e4 121 km pituisen Kokem\u00e4enjoki tarjoaa identiteetin merkityksellisille paikoille, kylille ja yhteis\u00f6ille. Joen varresta l\u00f6ytyy paljon arvokkaita ymp\u00e4rist\u00f6j\u00e4, arkeologista kulttuuriperint\u00f6\u00e4, aineetonta kulttuuriperint\u00f6\u00e4, tunnustettuja rakennettuja kulttuuriymp\u00e4rist\u00f6j\u00e4 (RKY) sek\u00e4 valtakunnallisesti ja paikallisesti merkitt\u00e4vi\u00e4 maisema-alueita. Maaseudulle painottuva kulttuuriymp\u00e4rist\u00f6 on my\u00f6s muutoksessa, kun suojeluresurssit niukentuvat ja esimerkiksi rakennuksia j\u00e4\u00e4 tyhjilleen.<\/p>\n<p>Kokem\u00e4enjokilaakson nykyinen maisema on paikallisten asukkaiden asuinpaikka, virkistys- ja toimintaymp\u00e4rist\u00f6 sek\u00e4 hyvinvoinnin tekij\u00e4. Sukupolvelta toiselle siirtyv\u00e4 ymp\u00e4rist\u00f6 on eduskunnan hyv\u00e4ksym\u00e4n mukaan jokaisen kansalaisen oikeus ja velvollisuus (Faron puiteyleissopimus). Sen kehitt\u00e4misen ja suojelun tulisi tapahtua vuoropuhelu\u00adna paikallisten yhteis\u00f6jen, kulttuurialan toimijoiden sek\u00e4 viranomaisten ja yritysten kanssa.<\/p>\n<p>&nbsp;<\/p>\n<p><strong>Taiteilija ja tutkija toimivat hankkeessa rinnakkain<\/strong><\/p>\n<p>Koneen S\u00e4\u00e4ti\u00f6n rahoittaman tutkimus- ja taidehankkeen keski\u00f6ss\u00e4 on kulttuurisuunnittelun ja yhteis\u00f6llisen taiteen menetelm\u00e4t, jotka molemmat perustuvat paikallisen tiedon hy\u00f6dynt\u00e4miseen toiminnan keskeisimp\u00e4n\u00e4 tavoitteena. Tuloksia ovat alueen asukkaiden ja toimijoiden vuoropuhelu, paikallisten kulttuuristen resurssien tun\u00adnistus kulttuurikartoituksella, yhteiskehitt\u00e4miseen perustuva taidereitti, uudet kontaktiverkostot ja kump\u00adpanuudet, ty\u00f6tilaisuuksien luominen taiteilijoille ja kulttuuriymp\u00e4rist\u00f6n moniosaajille sek\u00e4 loppu\u00adjulkaisu ja n\u00e4yttelyt.<\/p>\n<p>Taide toimii hankkeessa sek\u00e4 osallista\u00advana prosessina, tiedon ker\u00e4\u00e4mis-, jakamis- ja syvent\u00e4mismetodina ty\u00f6pajoissa ett\u00e4 tiedon esit\u00adt\u00e4misen tapana. Yhteis\u00f6taiteellinen prosessi voi vahvistaa yhteis\u00f6n omaa kokemusta paikasta ja saada sen toimimaan: pohtimaan, etsim\u00e4\u00e4n tietoa, kiinnostumaan oman elinymp\u00e4rist\u00f6n suojelusta ja arvottamisesta.<\/p>\n<p><img loading=\"lazy\" decoding=\"async\" class=\"alignnone wp-image-127\" src=\"https:\/\/blogit.utu.fi\/kokkeli\/wp-content\/uploads\/sites\/125\/2017\/10\/20264699_10155692899924284_1451508006230481799_n-300x225.jpg\" alt=\"\" width=\"511\" height=\"383\" srcset=\"https:\/\/blogit.utu.fi\/kokkeli\/wp-content\/uploads\/sites\/125\/2017\/10\/20264699_10155692899924284_1451508006230481799_n-300x225.jpg 300w, https:\/\/blogit.utu.fi\/kokkeli\/wp-content\/uploads\/sites\/125\/2017\/10\/20264699_10155692899924284_1451508006230481799_n-768x576.jpg 768w, https:\/\/blogit.utu.fi\/kokkeli\/wp-content\/uploads\/sites\/125\/2017\/10\/20264699_10155692899924284_1451508006230481799_n-676x507.jpg 676w, https:\/\/blogit.utu.fi\/kokkeli\/wp-content\/uploads\/sites\/125\/2017\/10\/20264699_10155692899924284_1451508006230481799_n.jpg 960w\" sizes=\"auto, (max-width: 511px) 100vw, 511px\" \/><br \/>\n<em>Kohta haihtuvia j\u00e4lki\u00e4 Kokem\u00e4enjoen suistossa. Kaikkea ei voi s\u00e4ilytt\u00e4\u00e4. Mik\u00e4 on olennaista?<\/em><\/p>\n","protected":false},"excerpt":{"rendered":"<p>KOKKELI Kulttuurisuunnittelu ja taiteellinen kehitt\u00e4minen Tervetuloa tutustumaan Turun yliopiston KOKKELI-hankkeen toimintaan, tavoitteisiin ja #rohkeatekij\u00e4 -ihmisiin! KOKKELI on Koneen S\u00e4\u00e4ti\u00f6n rahoittama kaksivuotinen taide- ja tutkimushanke, jonka tarkoituksena on kehitt\u00e4\u00e4 keinoja, joilla asukkaat saadaan miellekk\u00e4\u00e4ll\u00e4 tavalla paremmin osallisiksi kulttuuriymp\u00e4rist\u00f6jen suojeluun, osana asukkaiden toimintaymp\u00e4rist\u00f6iden yhteiskehitt\u00e4mist\u00e4 ja -suunnittelua Satakunnan Kokem\u00e4enjokilaaksossa. KOKKELI kysyy, mit\u00e4 kulttuuriymp\u00e4rist\u00f6 merkitsee asukkailleen, k\u00e4ytt\u00e4jilleen ja millaista [&hellip;]<\/p>\n","protected":false},"author":3306,"featured_media":0,"parent":0,"menu_order":1,"comment_status":"closed","ping_status":"closed","template":"","meta":{"footnotes":""},"class_list":["post-79","page","type-page","status-publish","hentry","post-preview"],"_links":{"self":[{"href":"https:\/\/blogit.utu.fi\/kokkeli\/wp-json\/wp\/v2\/pages\/79","targetHints":{"allow":["GET"]}}],"collection":[{"href":"https:\/\/blogit.utu.fi\/kokkeli\/wp-json\/wp\/v2\/pages"}],"about":[{"href":"https:\/\/blogit.utu.fi\/kokkeli\/wp-json\/wp\/v2\/types\/page"}],"author":[{"embeddable":true,"href":"https:\/\/blogit.utu.fi\/kokkeli\/wp-json\/wp\/v2\/users\/3306"}],"replies":[{"embeddable":true,"href":"https:\/\/blogit.utu.fi\/kokkeli\/wp-json\/wp\/v2\/comments?post=79"}],"version-history":[{"count":7,"href":"https:\/\/blogit.utu.fi\/kokkeli\/wp-json\/wp\/v2\/pages\/79\/revisions"}],"predecessor-version":[{"id":590,"href":"https:\/\/blogit.utu.fi\/kokkeli\/wp-json\/wp\/v2\/pages\/79\/revisions\/590"}],"wp:attachment":[{"href":"https:\/\/blogit.utu.fi\/kokkeli\/wp-json\/wp\/v2\/media?parent=79"}],"curies":[{"name":"wp","href":"https:\/\/api.w.org\/{rel}","templated":true}]}}