{"id":25,"date":"2018-06-13T06:27:53","date_gmt":"2018-06-13T06:27:53","guid":{"rendered":"https:\/\/blogit.utu.fi\/konstitutionellratt2018\/?page_id=25"},"modified":"2018-08-20T11:45:50","modified_gmt":"2018-08-20T11:45:50","slug":"inbjudan-till-nordisk-konferens-i-konstitutionell-ratt-konstitutionell-tolkning","status":"publish","type":"page","link":"https:\/\/blogit.utu.fi\/konstitutionellratt2018\/","title":{"rendered":"Inbjudan till nordisk konferens i konstitutionell r\u00e4tt: Konstitutionell tolkning"},"content":{"rendered":"<p><strong>Datum: <\/strong>22\u201324 augusti 2018<br \/>\n<strong>Plats: <\/strong>Juridiska fakulteten, \u00c5bo universitet, Finland<br \/>\n<strong>Arrang\u00f6r: <\/strong>Juridiska fakulteten och<br \/>\nAkademiprojektet Constitutionalism Reconfigured \u2013 Constitutional Change in Finland 1990-2020 (CORE)<\/p>\n<h2><strong>V\u00e4lkomna att delta i den nordiska konferensen i konstitutionell r\u00e4tt med tema om konstitutionell tolkning! <\/strong><\/h2>\n<p><strong>Boende<br \/>\n<\/strong>Bokning av hotell g\u00f6rs av konferensdeltagaren. Det finns reserverade rum p\u00e5 Hotell <a href=\"https:\/\/www.scandichotels.com\/hotels\/finland\/turku\/scandic-julia?cmpid=ppc_BH2nd&amp;gclid=EAIaIQobChMIzvedg4e32wIVAY4YCh1hjgqjEAAYASAAEgIPlPD_BwE\">Scandic Julia<\/a>. Hotellet \u00e4r n\u00e4ra Domkyrkan och har cirka 15 minuter g\u00e5ngavst\u00e5nd till Juridiska fakulteten. F\u00f6r att boka rum 22\u201324 augusti kontakta hotellet och ange koden \u201dNordiska konferens\u201d. Det finns reserverade rum \u00e4ven p\u00e5 <a href=\"https:\/\/www.sokoshotels.fi\/en\/turku\/sokos-hotel-hamburger-bors\">Hotell Hamburger B\u00f6rs<\/a>. Hotellet \u00e4r vid Salutorget och har cirka 20 minuter g\u00e5ngavst\u00e5nd till Juridiska fakulteten. F\u00f6r att boka rum kontakta hotellet f\u00f6re 22 juli och ange koden \u201dNordiska konferens\u201d. Det g\u00e5r \u00e4ven bra, att ordna hotell p\u00e5 egen hand.<\/p>\n<p><strong>Gemensam kv\u00e4llskryssning<br \/>\n<\/strong>Kv\u00e4llen den 23 augusti b\u00f6rjande klo 19.00 \u00e4r det gemensam kv\u00e4llskryssning med \u00e5ngfartyget <a href=\"http:\/\/ukkopekka.fi\/en\">s\/s Ukkopekka<\/a> till sk\u00e4ret Loistokari. Under kryssningen serveras tapas och p\u00e5 sk\u00e4ret Loistokari sk\u00e4rg\u00e5rdsbuffet. Ankomst till \u00c5bo klockan \u00e4r klo 23.<\/p>\n<p><strong>Anm\u00e4lan till konferensen och kontaktperson<br \/>\n<\/strong><a href=\"https:\/\/konsta.utu.fi\/Default.aspx?tabid=88&amp;tap=4957\">Anm\u00e4l<\/a> dig genast till konferensen eller senast den 22 juli 2018.<\/p>\n<p>Vid eventuella fr\u00e5gor kontakta Janne Salminen, janne.salminen@utu.fi .<\/p>\n<p>Varmt v\u00e4lkomna!<\/p>\n<p>&nbsp;<\/p>\n<p>Veli-Pekka Viljanen\u00a0\u00a0\u00a0\u00a0\u00a0\u00a0\u00a0\u00a0\u00a0\u00a0\u00a0\u00a0\u00a0\u00a0\u00a0\u00a0\u00a0\u00a0\u00a0\u00a0\u00a0\u00a0\u00a0\u00a0\u00a0\u00a0\u00a0\u00a0\u00a0\u00a0\u00a0\u00a0\u00a0 Janne Salminen<\/p>\n<p>&nbsp;<\/p>\n","protected":false},"excerpt":{"rendered":"<p>Datum: 22\u201324 augusti 2018 Plats: Juridiska fakulteten, \u00c5bo universitet, Finland Arrang\u00f6r: Juridiska fakulteten och Akademiprojektet Constitutionalism Reconfigured \u2013 Constitutional Change in Finland 1990-2020 (CORE) V\u00e4lkomna att delta i den nordiska konferensen i konstitutionell r\u00e4tt med tema om konstitutionell tolkning! Boende &hellip; <a href=\"https:\/\/blogit.utu.fi\/konstitutionellratt2018\/\">Forts\u00e4tt l\u00e4sa <span class=\"meta-nav\">&rarr;<\/span><\/a><\/p>\n","protected":false},"author":3701,"featured_media":0,"parent":0,"menu_order":0,"comment_status":"closed","ping_status":"closed","template":"","meta":{"footnotes":""},"class_list":["post-25","page","type-page","status-publish","hentry"],"_links":{"self":[{"href":"https:\/\/blogit.utu.fi\/konstitutionellratt2018\/wp-json\/wp\/v2\/pages\/25","targetHints":{"allow":["GET"]}}],"collection":[{"href":"https:\/\/blogit.utu.fi\/konstitutionellratt2018\/wp-json\/wp\/v2\/pages"}],"about":[{"href":"https:\/\/blogit.utu.fi\/konstitutionellratt2018\/wp-json\/wp\/v2\/types\/page"}],"author":[{"embeddable":true,"href":"https:\/\/blogit.utu.fi\/konstitutionellratt2018\/wp-json\/wp\/v2\/users\/3701"}],"replies":[{"embeddable":true,"href":"https:\/\/blogit.utu.fi\/konstitutionellratt2018\/wp-json\/wp\/v2\/comments?post=25"}],"version-history":[{"count":8,"href":"https:\/\/blogit.utu.fi\/konstitutionellratt2018\/wp-json\/wp\/v2\/pages\/25\/revisions"}],"predecessor-version":[{"id":288,"href":"https:\/\/blogit.utu.fi\/konstitutionellratt2018\/wp-json\/wp\/v2\/pages\/25\/revisions\/288"}],"wp:attachment":[{"href":"https:\/\/blogit.utu.fi\/konstitutionellratt2018\/wp-json\/wp\/v2\/media?parent=25"}],"curies":[{"name":"wp","href":"https:\/\/api.w.org\/{rel}","templated":true}]}}