{"id":58,"date":"2018-06-13T07:15:52","date_gmt":"2018-06-13T07:15:52","guid":{"rendered":"https:\/\/blogit.utu.fi\/konstitutionellratt2018\/?page_id=58"},"modified":"2018-06-13T07:15:52","modified_gmt":"2018-06-13T07:15:52","slug":"adresser","status":"publish","type":"page","link":"https:\/\/blogit.utu.fi\/konstitutionellratt2018\/adresser\/","title":{"rendered":"Adresser"},"content":{"rendered":"<p><strong>Hotell<br \/>\n<\/strong>Hotell Hamburger B\u00f6rs, <a href=\"https:\/\/goo.gl\/maps\/dtdQ8jmFHcz\">K\u00f6pmansgatan 6<\/a> (Kauppiaskatu), \u00c5bo<br \/>\nHotell Scandic Julia, <a href=\"https:\/\/goo.gl\/maps\/9zwMPBm96922\">Eriksgatan 4<\/a> (Eerikinkatu), \u00c5bo<\/p>\n<p><strong>Konferens<br \/>\n<\/strong>Juridiska fakulteten, Byggnaden Calonia, <a href=\"https:\/\/goo.gl\/maps\/TbQ6cLZLQDo\">Caloniagr\u00e4nden 3<\/a> (Caloniankuja), \u00c5bo<\/p>\n<p><strong>s\/s Ukkopekka<br \/>\n<\/strong>Kv\u00e4llskryssningen startar fr\u00e5n Slottsgatan 40 (Linnankatu) 40 vid Vaakahuone Paviljongen: <a href=\"https:\/\/goo.gl\/maps\/FLRaXYc2Az22\">s\/s Ukkopekkas bryggplats<\/a> \u00e4r i Aura\u00e5n vid Martinsbron.<\/p>\n","protected":false},"excerpt":{"rendered":"<p>Hotell Hotell Hamburger B\u00f6rs, K\u00f6pmansgatan 6 (Kauppiaskatu), \u00c5bo Hotell Scandic Julia, Eriksgatan 4 (Eerikinkatu), \u00c5bo Konferens Juridiska fakulteten, Byggnaden Calonia, Caloniagr\u00e4nden 3 (Caloniankuja), \u00c5bo s\/s Ukkopekka Kv\u00e4llskryssningen startar fr\u00e5n Slottsgatan 40 (Linnankatu) 40 vid Vaakahuone Paviljongen: s\/s Ukkopekkas bryggplats \u00e4r &hellip; <a href=\"https:\/\/blogit.utu.fi\/konstitutionellratt2018\/adresser\/\">Forts\u00e4tt l\u00e4sa <span class=\"meta-nav\">&rarr;<\/span><\/a><\/p>\n","protected":false},"author":3701,"featured_media":0,"parent":0,"menu_order":0,"comment_status":"closed","ping_status":"closed","template":"","meta":{"footnotes":""},"class_list":["post-58","page","type-page","status-publish","hentry"],"_links":{"self":[{"href":"https:\/\/blogit.utu.fi\/konstitutionellratt2018\/wp-json\/wp\/v2\/pages\/58","targetHints":{"allow":["GET"]}}],"collection":[{"href":"https:\/\/blogit.utu.fi\/konstitutionellratt2018\/wp-json\/wp\/v2\/pages"}],"about":[{"href":"https:\/\/blogit.utu.fi\/konstitutionellratt2018\/wp-json\/wp\/v2\/types\/page"}],"author":[{"embeddable":true,"href":"https:\/\/blogit.utu.fi\/konstitutionellratt2018\/wp-json\/wp\/v2\/users\/3701"}],"replies":[{"embeddable":true,"href":"https:\/\/blogit.utu.fi\/konstitutionellratt2018\/wp-json\/wp\/v2\/comments?post=58"}],"version-history":[{"count":1,"href":"https:\/\/blogit.utu.fi\/konstitutionellratt2018\/wp-json\/wp\/v2\/pages\/58\/revisions"}],"predecessor-version":[{"id":59,"href":"https:\/\/blogit.utu.fi\/konstitutionellratt2018\/wp-json\/wp\/v2\/pages\/58\/revisions\/59"}],"wp:attachment":[{"href":"https:\/\/blogit.utu.fi\/konstitutionellratt2018\/wp-json\/wp\/v2\/media?parent=58"}],"curies":[{"name":"wp","href":"https:\/\/api.w.org\/{rel}","templated":true}]}}