{"id":2723,"date":"2018-11-01T10:55:19","date_gmt":"2018-11-01T08:55:19","guid":{"rendered":"https:\/\/kulttuurihistoria.wordpress.com\/?page_id=2723"},"modified":"2018-11-01T10:55:19","modified_gmt":"2018-11-01T08:55:19","slug":"tutkimushankkeet","status":"publish","type":"page","link":"https:\/\/blogit.utu.fi\/kulttuurihistoria\/tutkimushankkeet\/","title":{"rendered":"Tutkimushankkeet"},"content":{"rendered":"<p><strong>2020<\/strong><\/p>\n<p>Informationsfl\u00f6den \u00f6ver \u00d6stersj\u00f6n: Svenskspr\u00e5kig press som kulturf\u00f6rmedlare 1771\u20131918\u00a0(Svenska Litteraturs\u00e4llskapet i Finland, 2020\u20132022, Hannu Salmi)<\/p>\n<p>Movie Making Finland: Finnish fiction films as audiovisual big data, 1907\u20132017\u00a0(Suomen Akatemia, 2020\u20132022, Hannu Salmi)<\/p>\n<p><strong>2019<\/strong><\/p>\n<p>Muinaiset kuningaskunnat ja Ven\u00e4j\u00e4n perustajat: pseudohistoria ja historiapolitiikka 2000-luvun Suomessa (Emil Aaltosen s\u00e4\u00e4ti\u00f6, 2019-2021, Reima V\u00e4lim\u00e4ki)<\/p>\n<p><strong>2018<\/strong><\/p>\n<p>Uuden etsij\u00e4t. Esoteerisuus ja uskonnollisuuden murros modernisoituvassa Suomessa, 1880\u20131940 (Koneen S\u00e4\u00e4ti\u00f6, 2018\u20132020, Maarit Leskel\u00e4-K\u00e4rki)<\/p>\n<p><strong>2017<\/strong><\/p>\n<p>Imposing Security: Gendered Gun Politics of \u2018Campus Carry&#8217; (Academy of Finland 2017\u20132021, John Morton Center for North American Studies. Pekka Kolehmainen (2020\u20132021), johtaja Benita Heiskanen).<\/p>\n<p>Romantic Cartographies: Lived and Imagined Space in English and German Romantic Texts, 1790\u20131840 (TIAS 2017\u20132019, Asko Nivala).<\/p>\n<p>Viral Culture in Early Nineteenth-Century Europe (Academy Professorship 2017\u20132021, Hannu Salmi)<\/p>\n<p>Oceanic Exchanges: Tracing Global Information Networks in Historical Newspaper Repositories, 1840\u20131914 \u200b(OcEx), Trans-Atlantic Platform 2017\u20132019 (Hannu Salmi)<\/p>\n<p>Argumenta: Vihan pitk\u00e4t j\u00e4ljet -hanke\u200b (SKR 2017\u20132018, Marjo Kaartinen)<\/p>\n<p><strong>2016<\/strong><\/p>\n<p>Computational History and Transformation of Public Discourse in Finland, 1640\u20131910, (Academy of Finland, 2016\u20132019, Hannu Salmi), a consortium together with the National Library of Finland, The Department of Information Technology, University of Turku and the Faculty of Humanities, University of Helsinki).<\/p>\n<p>Profiling Premodern Authors (Propreau), (Academy of Finland, 2016\u20132019, Marjo Kaartinen) a consortium together with the Department of Information Technology (University of Turku).<\/p>\n<p><strong>2014<\/strong><\/p>\n<p>N\u00e4e, kuule, tunne, koe. Moniaistinen kokemuksellisuus Tuomas Akvinolaisen muistojuhlissa\u200b. (Koneen s\u00e4\u00e4ti\u00f6, 2014\u20132016, Marika R\u00e4s\u00e4nen)<\/p>\n<p>Thatcherism, Popular Culture and the 1980s. Koneen s\u00e4\u00e4ti\u00f6 2014\u20132016, Kari Kallioniemi.<\/p>\n<p><strong>2013<\/strong><\/p>\n<p>The Giant Squid: Imagining and Encountering the Unknown in 1763\u20131896\u200b (SKR, Otto Latva, 2013\u20132017)<\/p>\n<p>Kiekkokansa, (Hikuta-laitos, Turun yliopistos\u00e4\u00e4ti\u00f6 ja Suomen J\u00e4\u00e4kiekkliitto 2013\u20132014)<\/p>\n<p><strong>2012<\/strong><\/p>\n<p>Border Violence: The Case of El Paso-Ciudad Ju\u00e1rez (Benita Heiskanen, TIAS 2012)<\/p>\n<p>Modus vivendi &#8211; Uskonnollinen reformi ja maallikot my\u00f6h\u00e4iskeskiajan Euroopassa (SA, Marjo Kaarinen, 2012\u20132016)<\/p>\n<p>Travelling Notions of Culture: Itineraries of Bildung and Civilisation in Early Nineteenth-Century Europe (SA, Hannu Salmi 2012\u20132016)<\/p>\n<p>Voice and Silence of Class (Koneen s\u00e4\u00e4t\u00f6, Anu-Hanna Anttila 2012\u20132015)<\/p>\n<p><strong>2010<\/strong><\/p>\n<p>IBM ja eurooppalaisen tietotekniikkaosaamisen muotoutuminen, (SA Akatemian tutkijatohtori, Petri Paju, 2010\u20132012)<\/p>\n<p>J\u00e4rjestys ja ep\u00e4j\u00e4rjestys varhaismodernissa kaupunkitilassa, (SA Akatemiatutkija, Ritita Laitinen, 2010\u20132015)<\/p>\n<p><strong>2009<\/strong><\/p>\n<p>Cinematic Cartographies of European History, 1945\u20132000\u00a0 (SA, Hannu Salmi, 2009\u20132012)<\/p>\n<p>Naisten el\u00e4m\u00e4kertakirjoittamisen historia Suomessa, (TIAS, Maarit Leskel\u00e4-K\u00e4rki, 2009\u20132012)<\/p>\n<p>Sairauden kulttuuriset merkitykset ja modernisoituva Suomi (Koneen s\u00e4\u00e4ti\u00f6, 2009)<\/p>\n<p>Travel through Time in 1895: H. G. Wells and Robert W. Paul (SA, Hannu Salmi, 2009\u20132010)<\/p>\n<p>Uudenkaupungin historia (Uudenkaupungin tilausprojekti, Petri Lavonen, 2009\u20132011)<\/p>\n<p><strong>2008<\/strong><\/p>\n<p>Animal and Death in Late Medieval Culture (SA, Hannele Klemettil\u00e4, 2008\u20132010)<\/p>\n<p>Fulkilan kartano ja sen omistajat alkuh\u00e4m\u00e4rist\u00e4 1750-luvulle (Joachim von Knorrig, 2008)<\/p>\n<p>Germany Fragmented. The Golden Age and the Kingdom of God in Friedrich Schlegel\u2019s Early Romantic Philosophy of History, (SKR, Asko Nivala, 2008-2010 &amp; Oskar \u00d6flunds Stiftelse 2012)<\/p>\n<p>INTERMEDIA From Gonvergence to Intermediality: Continuity and Change in the Development of Finnish Media (SA, PI Taisto Hujanen, 2008\u20132010)<\/p>\n<p>Jokinen yhti\u00f6 1949\u20132009 (Jokinen Oy, 2008\u20132009)<\/p>\n<p>Kirjoitettu kansakunta (Koneen s\u00e4\u00e4ti\u00f6, 2008\u20132010)<\/p>\n<p>Sukupuoli ja julkisuus 1800-luvun lopussa ja 1900-luvun alussa (Emil Aaltosen s\u00e4\u00e4ti\u00f6)<\/p>\n<p>Turun kaupungin ulkoilusaarten historia (Turun kaupungin kiinteist\u00f6laitos, 2008\u20132009)<\/p>\n<p><strong>2007<\/strong><\/p>\n<p>Using IBM in Europe to recapture the lead &#8211; Co-constructing computer expertise in Europe and visions of European know-how through IBM and its technology, (SA, 2007\u20132010)<\/p>\n<p>Vallan k\u00e4ytt\u00e4jin\u00e4 ja kohteina Suomessa 1550-1980 (SA, 2007\u20132010)<\/p>\n<p><strong>2006<\/strong><\/p>\n<p>Kuviteltu kansa, kuviteltu sivistyneist\u00f6 &#8211; suomalaisen omakuvan murros (Koneen s\u00e4\u00e4ti\u00f6, 2006\u20132009)<\/p>\n<p>Politics of Brothers, Neighbours and Friends (SA, 2006\u20132008)<\/p>\n<p>&#8221;Tarinoita Tevist\u00e4&#8221; (Lahden kaupunki, 2006\u20132008)<\/p>\n<p><strong>2005<\/strong><\/p>\n<p>Casagrandentalon historia (Benito Casagrande, 2005\u20132008)<\/p>\n<p>Naisen ruumis Britanniassa 1500\u20131800 (SA Akatemiatutkija, 2005\u20132010)<\/p>\n<p>The Starnet: Changing Discourses of Popular Music Stardom (SA, 2005\u20132007 &amp; Georg Ehrnrothin s\u00e4\u00e4ti\u00f6)<\/p>\n<p><strong>2004<\/strong><\/p>\n<p>Ruumiillisuus ja ero. Ruumiillisen erilaisuuden kokemukset esimodernissa englantilaisessa kulttuurissa (SA, 2004\u20132007)<\/p>\n<p>H\u00e4iritsev\u00e4t erot. Identiteetin, paikan ja vallan feministiset luennat (SA, 2004\u20132007)<\/p>\n<p><strong>2003<\/strong><\/p>\n<p>Wagner and Wagnerism in Nineteenth-Century Sweden, Finland, and the Baltic Provinces: Reception, Enthusiasm, Cult, (Emil Aaltosen ja Niilo Helanderin s\u00e4\u00e4ti\u00f6, 2003\u20132004)<\/p>\n<p>Turkulaisen teatteriel\u00e4m\u00e4n historia (Turun teatterikerhon s\u00e4\u00e4ti\u00f6, 2003\u20132006)<\/p>\n<p><strong>2002<\/strong><\/p>\n<p>Tietotekniikka Suomessa toisen maailmansodan j\u00e4lkeen: toimijat ja kokemukset, (osa Kauppa- ja teollisuusministeri\u00f6n sek\u00e4 Teknologian kehitt\u00e4miskeskuksen rahoittamaatutkimusohjelmaa, ProACTia , 2002\u20132005)<\/p>\n<p><strong>2001<\/strong><\/p>\n<p>Kirjoittamisen maailmat &#8211; Naisten kirjoittamisen kulttuurihistoria, 1880\u20131950 , (SA, 2001\u20132005)<\/p>\n<p>Sensing and Seizing Place in the Seventeenth Century &#8211; Experiencing Rauma and Turku , (SA Tutkijatohtori, 2001-2003)<\/p>\n<p><strong>2000<\/strong><\/p>\n<p>N\u00e4kym\u00e4t\u00f6n historia. Suomalaisen n\u00e4ytelm\u00e4elokuvan synty 1907\u20131916 (varttuneen tieteenharjoittajan apuraha, Hannu Salmi, SA, 2000\u20132001)<\/p>\n<p>Senses and Sensibilities. Early Modern Experiences of Sensation and Sensitivity (SA, 2000\u20132002)<\/p>\n<p><strong>1999<\/strong><\/p>\n<p>A Common National Culture &#8211; A Mission Impossible? Yhteinen kansallinen kulttuuri &#8211; mahdottomuusko?\u00a0 (SA, 1999\u20132002)<\/p>\n<p>Turun Osuuskaupan historia (TOK, 1999\u20132000)<\/p>\n<p><strong>1998<\/strong><\/p>\n<p>The Crisis, the Individual, and the Mentality of Subsistence. The Economic Crisis of the 1990s and the Cultural Strategies for Tackling the Depression, (SA, 1998\u20132000)<\/p>\n<p><strong>1997<\/strong><\/p>\n<p>History of the Innocents. Mental Maps of Piety and Folly in Early Modern England, (SA, 1997\u20131999)<\/p>\n<p><strong>1996<\/strong><\/p>\n<p>Crisis, Criticism, Consensus\u00a0\u2013 The Social History of Cinema in Finland between the 1940s and 1970s (SA, Hannu Salmi, 1996\u20131997)<\/p>\n<p>Keppi-projekti (Opetusministeri\u00f6, 1996\u20131997)<\/p>\n<p><strong>1995<\/strong><\/p>\n<p>It\u00e4meren alueen integraation ja vuorovaikutuksen tutkijakoulu (Opetus- ja kulttuuriministeri\u00f6 sek\u00e4 SA, 1995\u20132011)<\/p>\n<p>Lived Land. Identification with Places in Navajo Society 1800\u20131930 (Opetusministeri\u00f6, 1995\u20131998)<\/p>\n<p><strong>1989<\/strong><\/p>\n<p>Olavi Paavolainen suomalaisessa kulttuurissa (Suomen Akatemia, 1989\u20131993, Kari Immonen)<\/p>\n<p><strong>1988<\/strong><\/p>\n<p>Amerikkalaisuuden levi\u00e4minen Eurooppaan ja Suomeen (SA, Keijo Virtanen)<\/p>\n","protected":false},"excerpt":{"rendered":"<p>2020 Informationsfl\u00f6den \u00f6ver \u00d6stersj\u00f6n: Svenskspr\u00e5kig press som kulturf\u00f6rmedlare 1771\u20131918\u00a0(Svenska Litteraturs\u00e4llskapet i Finland, 2020\u20132022, Hannu Salmi) Movie Making Finland: Finnish fiction films as audiovisual big data, 1907\u20132017\u00a0(Suomen Akatemia, 2020\u20132022, Hannu Salmi) 2019 Muinaiset kuningaskunnat ja Ven\u00e4j\u00e4n perustajat: pseudohistoria ja historiapolitiikka 2000-luvun Suomessa (Emil Aaltosen s\u00e4\u00e4ti\u00f6, 2019-2021, Reima V\u00e4lim\u00e4ki) 2018 Uuden etsij\u00e4t. Esoteerisuus ja uskonnollisuuden murros modernisoituvassa [&hellip;]<\/p>\n","protected":false},"author":29,"featured_media":0,"parent":0,"menu_order":0,"comment_status":"closed","ping_status":"closed","template":"","meta":{"footnotes":""},"class_list":["post-2723","page","type-page","status-publish","hentry","post-preview"],"_links":{"self":[{"href":"https:\/\/blogit.utu.fi\/kulttuurihistoria\/wp-json\/wp\/v2\/pages\/2723","targetHints":{"allow":["GET"]}}],"collection":[{"href":"https:\/\/blogit.utu.fi\/kulttuurihistoria\/wp-json\/wp\/v2\/pages"}],"about":[{"href":"https:\/\/blogit.utu.fi\/kulttuurihistoria\/wp-json\/wp\/v2\/types\/page"}],"author":[{"embeddable":true,"href":"https:\/\/blogit.utu.fi\/kulttuurihistoria\/wp-json\/wp\/v2\/users\/29"}],"replies":[{"embeddable":true,"href":"https:\/\/blogit.utu.fi\/kulttuurihistoria\/wp-json\/wp\/v2\/comments?post=2723"}],"version-history":[{"count":0,"href":"https:\/\/blogit.utu.fi\/kulttuurihistoria\/wp-json\/wp\/v2\/pages\/2723\/revisions"}],"wp:attachment":[{"href":"https:\/\/blogit.utu.fi\/kulttuurihistoria\/wp-json\/wp\/v2\/media?parent=2723"}],"curies":[{"name":"wp","href":"https:\/\/api.w.org\/{rel}","templated":true}]}}