{"id":3122,"date":"2011-02-24T16:36:37","date_gmt":"2011-02-24T16:36:37","guid":{"rendered":"http:\/\/kulttuurihistoria.wordpress.com\/?page_id=2"},"modified":"2025-06-24T11:17:52","modified_gmt":"2025-06-24T11:17:52","slug":"about","status":"publish","type":"page","link":"https:\/\/blogit.utu.fi\/kulttuurihistoria\/about\/","title":{"rendered":"Oppiaine"},"content":{"rendered":"<p>Tervetuloa Turun yliopiston kulttuurihistorian blogisivustolle. Vuonna 1972 perustettu kulttuurihistoria on Euroopan vanhimpia, ellei vanhin, alan t\u00e4ysimittainen oppiaine, jossa on mahdollista suorittaa maisterin ja tohtorin tutkinnot kulttuurihistoriassa. T\u00e4m\u00e4n blogin ideana on tehd\u00e4 yksik\u00f6n toimintaa l\u00e4pin\u00e4kyv\u00e4ksi: mit\u00e4 uutta tapahtuu opetuksessa ja tutkimuksessa ja millaisissa hankkeissa olemme mukana?<\/p>\n<p><strong>Blogin toimituskuntaan<\/strong> kuuluvat Sari Katajala-Peltomaa (vastaava), Paavo Oinonen ja Hannu Salmi.<\/p>\n<p>Lis\u00e4tietoja toiminnastamme l\u00f6yd\u00e4t <a href=\"https:\/\/www.utu.fi\/fi\/yliopisto\/humanistinen-tiedekunta\/kulttuurihistoria\">oppiaineen kotisivulta<\/a>.<\/p>\n","protected":false},"excerpt":{"rendered":"<p>Tervetuloa Turun yliopiston kulttuurihistorian blogisivustolle. Vuonna 1972 perustettu kulttuurihistoria on Euroopan vanhimpia, ellei vanhin, alan t\u00e4ysimittainen oppiaine, jossa on mahdollista suorittaa maisterin ja tohtorin tutkinnot kulttuurihistoriassa. T\u00e4m\u00e4n blogin ideana on tehd\u00e4 yksik\u00f6n toimintaa l\u00e4pin\u00e4kyv\u00e4ksi: mit\u00e4 uutta tapahtuu opetuksessa ja tutkimuksessa ja millaisissa hankkeissa olemme mukana? Blogin toimituskuntaan kuuluvat Sari Katajala-Peltomaa (vastaava), Paavo Oinonen ja Hannu [&hellip;]<\/p>\n","protected":false},"author":39910,"featured_media":0,"parent":0,"menu_order":0,"comment_status":"open","ping_status":"open","template":"","meta":{"footnotes":""},"class_list":["post-3122","page","type-page","status-publish","hentry","post-preview"],"_links":{"self":[{"href":"https:\/\/blogit.utu.fi\/kulttuurihistoria\/wp-json\/wp\/v2\/pages\/3122","targetHints":{"allow":["GET"]}}],"collection":[{"href":"https:\/\/blogit.utu.fi\/kulttuurihistoria\/wp-json\/wp\/v2\/pages"}],"about":[{"href":"https:\/\/blogit.utu.fi\/kulttuurihistoria\/wp-json\/wp\/v2\/types\/page"}],"author":[{"embeddable":true,"href":"https:\/\/blogit.utu.fi\/kulttuurihistoria\/wp-json\/wp\/v2\/users\/39910"}],"replies":[{"embeddable":true,"href":"https:\/\/blogit.utu.fi\/kulttuurihistoria\/wp-json\/wp\/v2\/comments?post=3122"}],"version-history":[{"count":3,"href":"https:\/\/blogit.utu.fi\/kulttuurihistoria\/wp-json\/wp\/v2\/pages\/3122\/revisions"}],"predecessor-version":[{"id":4422,"href":"https:\/\/blogit.utu.fi\/kulttuurihistoria\/wp-json\/wp\/v2\/pages\/3122\/revisions\/4422"}],"wp:attachment":[{"href":"https:\/\/blogit.utu.fi\/kulttuurihistoria\/wp-json\/wp\/v2\/media?parent=3122"}],"curies":[{"name":"wp","href":"https:\/\/api.w.org\/{rel}","templated":true}]}}