{"id":22,"date":"2025-09-24T10:03:33","date_gmt":"2025-09-24T07:03:33","guid":{"rendered":"https:\/\/blogit.utu.fi\/kulttuurityossa\/?page_id=22"},"modified":"2026-02-25T18:24:20","modified_gmt":"2026-02-25T16:24:20","slug":"julkaisut","status":"publish","type":"page","link":"https:\/\/blogit.utu.fi\/kulttuurityossa\/julkaisut\/","title":{"rendered":"Julkaisut"},"content":{"rendered":"\n<ul class=\"wp-block-list\">\n<li><strong>Suominen, T. (2026):<\/strong> Luova vastarinta Kuusiplus-taiteilijaryhm\u00e4n toiminnassa COVID-19 pandemian aikana. <em>Kulttuurintutkimus.<\/em> 43(1), 29-47. <a href=\"https:\/\/journal.fi\/kulttuurintutkimus\/article\/view\/146697\/121410\" target=\"_blank\" rel=\"noreferrer noopener\">https:\/\/journal.fi\/kulttuurintutkimus\/article\/view\/146697\/121410<\/a><br><\/li>\n\n\n\n<li><strong>Latvala-Harvilahti, P. &amp; Suominen, T. (2026)<\/strong>: Kulttuurin ja luovien alojen keikkaty\u00f6n arki: alustoja ja verkostoja. Koneen S\u00e4\u00e4ti\u00f6n Kaivolla-blogi.<a href=\"https:\/\/doi.org\/10.23991\/ef.162363\"> <\/a><a href=\"https:\/\/koneensaatio.fi\/tarinat-ja-julkaisut\/kulttuurin-ja-luovien-alojen-keikkatyon-arki-alustoja-ja-verkostoja\/\" target=\"_blank\" rel=\"noreferrer noopener\">https:\/\/koneensaatio.fi\/tarinat-ja-julkaisut\/kulttuurin-ja-luovien-alojen-keikkatyon-arki-alustoja-ja-verkostoja\/<\/a><br><\/li>\n\n\n\n<li><strong>Suominen, T. (2025): <\/strong>Everyday Creativity as Experienced by Work Counsellors. <em>Ethnologia Fennica<\/em>, 52(1), 113\u2013124. <a href=\"https:\/\/doi.org\/10.23991\/ef.162363\" target=\"_blank\" rel=\"noreferrer noopener\">https:\/\/doi.org\/10.23991\/ef.162363<\/a><br><\/li>\n<\/ul>\n\n\n\n<p><\/p>\n","protected":false},"excerpt":{"rendered":"","protected":false},"author":176,"featured_media":0,"parent":0,"menu_order":0,"comment_status":"closed","ping_status":"closed","template":"","meta":{"footnotes":""},"class_list":["post-22","page","type-page","status-publish","hentry"],"_links":{"self":[{"href":"https:\/\/blogit.utu.fi\/kulttuurityossa\/wp-json\/wp\/v2\/pages\/22","targetHints":{"allow":["GET"]}}],"collection":[{"href":"https:\/\/blogit.utu.fi\/kulttuurityossa\/wp-json\/wp\/v2\/pages"}],"about":[{"href":"https:\/\/blogit.utu.fi\/kulttuurityossa\/wp-json\/wp\/v2\/types\/page"}],"author":[{"embeddable":true,"href":"https:\/\/blogit.utu.fi\/kulttuurityossa\/wp-json\/wp\/v2\/users\/176"}],"replies":[{"embeddable":true,"href":"https:\/\/blogit.utu.fi\/kulttuurityossa\/wp-json\/wp\/v2\/comments?post=22"}],"version-history":[{"count":22,"href":"https:\/\/blogit.utu.fi\/kulttuurityossa\/wp-json\/wp\/v2\/pages\/22\/revisions"}],"predecessor-version":[{"id":158,"href":"https:\/\/blogit.utu.fi\/kulttuurityossa\/wp-json\/wp\/v2\/pages\/22\/revisions\/158"}],"wp:attachment":[{"href":"https:\/\/blogit.utu.fi\/kulttuurityossa\/wp-json\/wp\/v2\/media?parent=22"}],"curies":[{"name":"wp","href":"https:\/\/api.w.org\/{rel}","templated":true}]}}