{"id":50,"date":"2025-09-24T10:03:08","date_gmt":"2025-09-24T07:03:08","guid":{"rendered":"https:\/\/blogit.utu.fi\/kulttuurityossa\/?page_id=50"},"modified":"2026-03-30T11:02:41","modified_gmt":"2026-03-30T08:02:41","slug":"ajankohtaista","status":"publish","type":"page","link":"https:\/\/blogit.utu.fi\/kulttuurityossa\/ajankohtaista\/","title":{"rendered":"Ajankohtaista"},"content":{"rendered":"<ul class=\"wp-block-latest-posts__list has-dates wp-block-latest-posts\"><\/ul>\n\n\n<p><strong>Photovoice-ty\u00f6pajat Kotkassa ja Turussa maaliskuussa<\/strong><strong> 2026<\/strong><\/p>\n\n\n\n<p>Pidimme 18.3. 2026 Kotkassa Ravintola Kairossa ja 26.3.2026 Turussa Taiteen talolla ty\u00f6pajat kulttuurin, taiteen ja luovien alojen freelancer-ammattilaisille yhteisty\u00f6ss\u00e4 Fotofinlandia-palkinnon voittaneen valokuvaaja <strong>Yehia Eweis:<\/strong>in kanssa.<\/p>\n\n\n\n<p>Eweis koulutti osallistujia visuaalisen kerronnan saloihin. Ty\u00f6pajoissa pidettiin tutkimusta varten ryhm\u00e4haastattelut keikkaty\u00f6st\u00e4 ja ohjeistettiin tutkimukseen osallistujia oman ty\u00f6n valokuvaamiseen.<\/p>\n\n\n\n<p>Suuri kiitos kaikille osallistuneille!<\/p>\n\n\n\n<div style=\"height:23px\" aria-hidden=\"true\" class=\"wp-block-spacer\"><\/div>\n\n\n\n<h3 class=\"wp-block-heading\"><strong>Tule mukaan Taide- ja kulttuurialan ammattij\u00e4rjest\u00f6 TAKU ry<\/strong>:<strong>n ASK Asiantuntijana kulttuurialalla<\/strong> &#8211;<strong>tapahtumaan &#8221;Muutosvoimaa kulttuurialan ty\u00f6el\u00e4m\u00e4\u00e4n&#8221; <\/strong><\/h3>\n\n\n\n<p><strong>Helsinki, Kaapelitehdas 22.5.2026<\/strong><\/p>\n\n\n\n<p>Tapahtumassa Tytti Suominen &amp; Pauliina Latvala-Harvilahti pit\u00e4v\u00e4t ty\u00f6pajan: &#8221;Mist\u00e4 syntyy ty\u00f6el\u00e4m\u00e4n merkityksellisyys?&#8221; <\/p>\n\n\n\n<p><br>&#8221;<em>Tule mukaan p\u00f6n\u00f6tyst\u00e4 \u202fkarttavaan ty\u00f6pajaan keskustelemaan ty\u00f6n merkityksellisyydest\u00e4, ideoimaan yhdess\u00e4 moni\u00e4\u00e4nisesti sek\u00e4 verkostoitumaan<\/em>!&#8221;<\/p>\n\n\n\n<p>Lis\u00e4tietoja: <a href=\"https:\/\/taku.fi\/ask\/\" target=\"_blank\" rel=\"noreferrer noopener\">https:\/\/taku.fi\/ask\/<\/a><\/p>\n\n\n\n<div style=\"height:42px\" aria-hidden=\"true\" class=\"wp-block-spacer\"><\/div>\n\n\n\n<p><\/p>\n\n\n\n<p><\/p>\n","protected":false},"excerpt":{"rendered":"<p>Photovoice-ty\u00f6pajat Kotkassa ja Turussa maaliskuussa 2026 Pidimme 18.3. 2026 Kotkassa Ravintola Kairossa ja 26.3.2026 Turussa Taiteen talolla ty\u00f6pajat kulttuurin, taiteen ja luovien alojen freelancer-ammattilaisille yhteisty\u00f6ss\u00e4 Fotofinlandia-palkinnon voittaneen valokuvaaja Yehia Eweis:in kanssa. Eweis koulutti osallistujia visuaalisen kerronnan saloihin. Ty\u00f6pajoissa pidettiin tutkimusta varten ryhm\u00e4haastattelut keikkaty\u00f6st\u00e4 ja ohjeistettiin tutkimukseen osallistujia oman ty\u00f6n valokuvaamiseen. Suuri kiitos kaikille osallistuneille! Tule [&hellip;]<\/p>\n","protected":false},"author":105,"featured_media":0,"parent":0,"menu_order":0,"comment_status":"closed","ping_status":"closed","template":"","meta":{"footnotes":""},"class_list":["post-50","page","type-page","status-publish","hentry"],"_links":{"self":[{"href":"https:\/\/blogit.utu.fi\/kulttuurityossa\/wp-json\/wp\/v2\/pages\/50","targetHints":{"allow":["GET"]}}],"collection":[{"href":"https:\/\/blogit.utu.fi\/kulttuurityossa\/wp-json\/wp\/v2\/pages"}],"about":[{"href":"https:\/\/blogit.utu.fi\/kulttuurityossa\/wp-json\/wp\/v2\/types\/page"}],"author":[{"embeddable":true,"href":"https:\/\/blogit.utu.fi\/kulttuurityossa\/wp-json\/wp\/v2\/users\/105"}],"replies":[{"embeddable":true,"href":"https:\/\/blogit.utu.fi\/kulttuurityossa\/wp-json\/wp\/v2\/comments?post=50"}],"version-history":[{"count":30,"href":"https:\/\/blogit.utu.fi\/kulttuurityossa\/wp-json\/wp\/v2\/pages\/50\/revisions"}],"predecessor-version":[{"id":192,"href":"https:\/\/blogit.utu.fi\/kulttuurityossa\/wp-json\/wp\/v2\/pages\/50\/revisions\/192"}],"wp:attachment":[{"href":"https:\/\/blogit.utu.fi\/kulttuurityossa\/wp-json\/wp\/v2\/media?parent=50"}],"curies":[{"name":"wp","href":"https:\/\/api.w.org\/{rel}","templated":true}]}}