{"id":2496,"date":"2023-09-18T08:55:15","date_gmt":"2023-09-18T08:55:15","guid":{"rendered":"https:\/\/blogit.utu.fi\/kultva\/?page_id=2496"},"modified":"2024-04-22T13:37:00","modified_gmt":"2024-04-22T13:37:00","slug":"want-to-organize-an-event-with-kultva","status":"publish","type":"page","link":"https:\/\/blogit.utu.fi\/kultva\/about-kultva\/want-to-organize-an-event-with-kultva\/","title":{"rendered":"Haluatko j\u00e4rjest\u00e4\u00e4 tapahtuman KULTVAn kanssa?"},"content":{"rendered":"\n<p><\/p>\n\n\n\n<p>KULTVA toteuttaa mielell\u00e4\u00e4n tapahtumia yhdess\u00e4 muiden toimijoiden ja yksil\u00f6iden kanssa. Jos sinulla on idea tapahtumasta, jonka haluaisit j\u00e4rjest\u00e4\u00e4 (seminaari, paneelikeskustelu, ty\u00f6paja, suurelle yleis\u00f6lle suunnattu tilaisuus tms.), ota rohkeasti yhteytt\u00e4 (<a>kultva@utu.fi<\/a>)- kenties voimme auttaa toteuttamaan ideasi!<\/p>\n\n\n\n<p>Yleisesti ottaen KULTVA osallistuu rahoittamiensa tapahtumien suunnitteluun ja j\u00e4rjest\u00e4miseen. KULTVAn rooli tapahtumassa voi kuitenkin olla joustava riippuen esimerkiksi aiemmasta yhteisty\u00f6st\u00e4, yhteisty\u00f6kumppanin kokemuksesta tapahtumaj\u00e4rjest\u00e4misess\u00e4 ja itse ehdotuksesta.<br><\/p>\n","protected":false},"excerpt":{"rendered":"<p>KULTVA toteuttaa mielell\u00e4\u00e4n tapahtumia yhdess\u00e4 muiden toimijoiden ja yksil\u00f6iden kanssa. Jos sinulla on idea tapahtumasta, jonka haluaisit j\u00e4rjest\u00e4\u00e4 (seminaari, paneelikeskustelu, ty\u00f6paja, suurelle yleis\u00f6lle suunnattu tilaisuus tms.), ota rohkeasti yhteytt\u00e4 (kultva@utu.fi)- kenties voimme auttaa toteuttamaan ideasi! Yleisesti ottaen KULTVA osallistuu rahoittamiensa tapahtumien suunnitteluun ja j\u00e4rjest\u00e4miseen. KULTVAn rooli tapahtumassa voi kuitenkin olla joustava riippuen esimerkiksi aiemmasta yhteisty\u00f6st\u00e4, [&hellip;]<\/p>\n","protected":false},"author":2844,"featured_media":0,"parent":426,"menu_order":1,"comment_status":"closed","ping_status":"closed","template":"","meta":{"footnotes":""},"class_list":["post-2496","page","type-page","status-publish","hentry"],"_links":{"self":[{"href":"https:\/\/blogit.utu.fi\/kultva\/wp-json\/wp\/v2\/pages\/2496","targetHints":{"allow":["GET"]}}],"collection":[{"href":"https:\/\/blogit.utu.fi\/kultva\/wp-json\/wp\/v2\/pages"}],"about":[{"href":"https:\/\/blogit.utu.fi\/kultva\/wp-json\/wp\/v2\/types\/page"}],"author":[{"embeddable":true,"href":"https:\/\/blogit.utu.fi\/kultva\/wp-json\/wp\/v2\/users\/2844"}],"replies":[{"embeddable":true,"href":"https:\/\/blogit.utu.fi\/kultva\/wp-json\/wp\/v2\/comments?post=2496"}],"version-history":[{"count":4,"href":"https:\/\/blogit.utu.fi\/kultva\/wp-json\/wp\/v2\/pages\/2496\/revisions"}],"predecessor-version":[{"id":2684,"href":"https:\/\/blogit.utu.fi\/kultva\/wp-json\/wp\/v2\/pages\/2496\/revisions\/2684"}],"up":[{"embeddable":true,"href":"https:\/\/blogit.utu.fi\/kultva\/wp-json\/wp\/v2\/pages\/426"}],"wp:attachment":[{"href":"https:\/\/blogit.utu.fi\/kultva\/wp-json\/wp\/v2\/media?parent=2496"}],"curies":[{"name":"wp","href":"https:\/\/api.w.org\/{rel}","templated":true}]}}