{"id":2506,"date":"2023-10-04T06:07:44","date_gmt":"2023-10-04T06:07:44","guid":{"rendered":"https:\/\/blogit.utu.fi\/kultva\/?page_id=2506"},"modified":"2024-04-25T07:30:50","modified_gmt":"2024-04-25T07:30:50","slug":"kultvas-principles-for-safer-space","status":"publish","type":"page","link":"https:\/\/blogit.utu.fi\/kultva\/about-kultva\/kultvas-principles-for-safer-space\/","title":{"rendered":"KULTVAn turvallisemman tilan periaatteet"},"content":{"rendered":"\n<p class=\"has-medium-font-size\"><strong>KULTVAn turvallisemman tilan periaatteet<\/strong><\/p>\n\n\n\n<p>KULTVA noudattaa tapahtumissaan turvallisemman tilan periaatteita, jotka on kuvattu alla. Pyrimme periaatteilla helpottamaan kaikkien osallistumista tapahtumiin ja niiss\u00e4 k\u00e4yt\u00e4viin keskusteluihin. Ajatuksemme on, ett\u00e4 turvallisemman tilan periaatteet parhaimmillaan mahdollistavat rohkean ja ennakkoluulottoman keskustelun sek\u00e4 kannustavat kokeilemaan erilaisia ajatuksia ja ty\u00f6skentelytapoja. Ennen kaikkea ne antavat raamit ep\u00e4asialliseen ja syrjiv\u00e4\u00e4n k\u00e4yt\u00f6kseen puuttumiseen.&nbsp;<\/p>\n\n\n\n<p>L\u00e4ht\u00f6kohtamme on olettaa toisistamme hyv\u00e4\u00e4. Tiedostamme, ett\u00e4 iso osa syrjinn\u00e4st\u00e4 on tahatonta tai institutionaalista. KULTVA pyrkii toiminnallaan v\u00e4hent\u00e4m\u00e4\u00e4n my\u00f6s t\u00e4llaista syrjint\u00e4\u00e4 osana turvallisemman tilan rakentamista.&nbsp;<\/p>\n\n\n\n<p><strong>Kunnioitamme toisiamme ja otamme toiset huomioon<\/strong><\/p>\n\n\n\n<p>Olemme kaikki erilaisia; meill\u00e4 on erilaiset taustat, mieltymykset ja el\u00e4m\u00e4ntilanteet. Kohtaamme toisemme avoimesti ja kunnioitamme erilaisuutta sek\u00e4 itsem\u00e4\u00e4r\u00e4\u00e4misoikeutta. Olemme huomaavaisia kommentoidessamme, ja kuuntelemme muiden n\u00e4kemyksi\u00e4. Emme mene henkil\u00f6kohtaisuuksiin. Otamme muut huomioon my\u00f6s ajank\u00e4yt\u00f6ss\u00e4; pid\u00e4mme kiinni sovituista aikatauluista emmek\u00e4 vie omilla puheenvuoroillamme tilaa siten, ett\u00e4 se vie kohtuuttomasti muiden mahdollisuuksia osallistua.<\/p>\n\n\n\n<p><strong>V\u00e4lt\u00e4mme olettamasta<\/strong><\/p>\n\n\n\n<p>Teemme helposti oletuksia esimerkiksi ihmisten sukupuolesta, seksuaalisuudesta, toimintakyvyst\u00e4 tai taustasta. Oletukset eiv\u00e4t kuitenkaan ole tietoa. Kannustamme kysym\u00e4\u00e4n ennemmin kuin olettamaan. Annamme ihmiselle mahdollisuuden kertoa itse itsest\u00e4\u00e4n, ja k\u00e4yt\u00e4mme henkil\u00f6ist\u00e4 esimerkiksi heid\u00e4n itse k\u00e4ytt\u00e4mi\u00e4\u00e4n nimi\u00e4 ja pronomineja. KULTVA kannustaa my\u00f6s tiedostamaan oman sosiaalisen asemansa ja olettamuksensa erilaisissa tilanteissa.<\/p>\n\n\n\n<p><strong>Annamme tilaa kaikille puhua, toimia ja olla<\/strong><\/p>\n\n\n\n<p>Annamme tilaa niin verbaalisesti kuin fyysisesti. Annamme tilaa kaikille osallistua keskusteluun ja toimintaan, mutta jokainen saa osallistua omalla tavallaan &#8211; my\u00f6s olemalla hiljaa.  Emme jyr\u00e4\u00e4 muiden mielipiteit\u00e4, ja j\u00e4t\u00e4mme tilaa erilaisille puheenvuoroille ja n\u00e4kemyksille. Puhumme kunnioittavasti sensitiivisist\u00e4 aiheista, sill\u00e4 emme voi tiet\u00e4\u00e4 miten henkil\u00f6kohtaisia aiheet ovat muille osallistujille. Tapahtumissamme vallitsee kehorauha; emme koske toisia ilman lupaa emmek\u00e4 kommentoi toisten kehoja.<\/p>\n\n\n\n<p><strong>Puutumme h\u00e4iritsev\u00e4\u00e4n ja syrjiv\u00e4\u00e4n k\u00e4yt\u00f6kseen<\/strong><\/p>\n\n\n\n<p>Emme hyv\u00e4ksy kenenk\u00e4\u00e4n h\u00e4irint\u00e4\u00e4 sanallisesti, koskettamalla tai tuijottamalla. Mik\u00e4li huomaamme rasistista, seksistist\u00e4, homo- tai transfobista tai muuten h\u00e4iritsev\u00e4\u00e4, syrjiv\u00e4\u00e4 tai ep\u00e4asiallista k\u00e4yt\u00f6st\u00e4, puutumme tilanteeseen.<\/p>\n\n\n\n<p><strong>Turvallisempi tila tehd\u00e4\u00e4n yhdess\u00e4<\/strong><\/p>\n\n\n\n<p>Otamme kaikki vastuullemme turvallisemman tilan rakentamisen. Aidosti turvallisessa tilassa on my\u00f6s turvallista tehd\u00e4 virheit\u00e4, sill\u00e4 kukaan ei voi tiet\u00e4\u00e4 kaikkea. Siksi rakentavan palautteen antaminen on t\u00e4rke\u00e4\u00e4. Jos saat palautetta toiminnastasi, pyri ottamaan se vastaan kunnioittavasti ja tarvittaessa muuttamaan toimintaasi.<\/p>\n\n\n\n<p>Mik\u00e4li koet tai huomaat KULTVAn tapahtumassa syrjint\u00e4\u00e4 tai ep\u00e4asiallista k\u00e4yt\u00f6st\u00e4, voit kertoa asiasta tapahtumassa nimetylle h\u00e4irint\u00e4yhdyshenkil\u00f6lle tai KULTVAn h\u00e4irint\u00e4yhdyshenkil\u00f6lle: Elina Laine <a href=\"mailto:elina.a.laine@utu.fi\">elina.a.laine@utu.fi<\/a>&nbsp;<\/p>\n\n\n\n<p><\/p>\n\n\n\n<p><\/p>\n","protected":false},"excerpt":{"rendered":"<p>KULTVAn turvallisemman tilan periaatteet KULTVA noudattaa tapahtumissaan turvallisemman tilan periaatteita, jotka on kuvattu alla. Pyrimme periaatteilla helpottamaan kaikkien osallistumista tapahtumiin ja niiss\u00e4 k\u00e4yt\u00e4viin keskusteluihin. Ajatuksemme on, ett\u00e4 turvallisemman tilan periaatteet parhaimmillaan mahdollistavat rohkean ja ennakkoluulottoman keskustelun sek\u00e4 kannustavat kokeilemaan erilaisia ajatuksia ja ty\u00f6skentelytapoja. Ennen kaikkea ne antavat raamit ep\u00e4asialliseen ja syrjiv\u00e4\u00e4n k\u00e4yt\u00f6kseen puuttumiseen.&nbsp; L\u00e4ht\u00f6kohtamme on [&hellip;]<\/p>\n","protected":false},"author":2844,"featured_media":0,"parent":426,"menu_order":0,"comment_status":"closed","ping_status":"closed","template":"","meta":{"footnotes":""},"class_list":["post-2506","page","type-page","status-publish","hentry"],"_links":{"self":[{"href":"https:\/\/blogit.utu.fi\/kultva\/wp-json\/wp\/v2\/pages\/2506","targetHints":{"allow":["GET"]}}],"collection":[{"href":"https:\/\/blogit.utu.fi\/kultva\/wp-json\/wp\/v2\/pages"}],"about":[{"href":"https:\/\/blogit.utu.fi\/kultva\/wp-json\/wp\/v2\/types\/page"}],"author":[{"embeddable":true,"href":"https:\/\/blogit.utu.fi\/kultva\/wp-json\/wp\/v2\/users\/2844"}],"replies":[{"embeddable":true,"href":"https:\/\/blogit.utu.fi\/kultva\/wp-json\/wp\/v2\/comments?post=2506"}],"version-history":[{"count":5,"href":"https:\/\/blogit.utu.fi\/kultva\/wp-json\/wp\/v2\/pages\/2506\/revisions"}],"predecessor-version":[{"id":2705,"href":"https:\/\/blogit.utu.fi\/kultva\/wp-json\/wp\/v2\/pages\/2506\/revisions\/2705"}],"up":[{"embeddable":true,"href":"https:\/\/blogit.utu.fi\/kultva\/wp-json\/wp\/v2\/pages\/426"}],"wp:attachment":[{"href":"https:\/\/blogit.utu.fi\/kultva\/wp-json\/wp\/v2\/media?parent=2506"}],"curies":[{"name":"wp","href":"https:\/\/api.w.org\/{rel}","templated":true}]}}