{"id":426,"date":"2018-03-01T09:29:10","date_gmt":"2018-03-01T09:29:10","guid":{"rendered":"https:\/\/blogit.utu.fi\/kultva\/?page_id=426"},"modified":"2024-04-22T13:31:10","modified_gmt":"2024-04-22T13:31:10","slug":"about-kultva","status":"publish","type":"page","link":"https:\/\/blogit.utu.fi\/kultva\/about-kultva\/","title":{"rendered":"KULTVA"},"content":{"rendered":"<div class=\"utu-article-header\">\n<div class=\"utu-header-imageCaption\"><\/div>\n<\/div>\n<div class=\"article-content ms-rteElement-H4\">\n<div id=\"ctl00_PlaceHolderMain_RichHtmlField2__ControlWrapper_RichHtmlField\" class=\"ms-rtestate-field\">\n<p>KULTVA on kulttuurista ja vuorovaikutuksesta kiinnostuneiden yhteiskuntatieteilij\u00f6iden tutkimusverkosto. KULTVA perustettiin vuonna 2014 koordinoimaan ja kehitt\u00e4m\u00e4\u00e4n tutkimusyhteisty\u00f6t\u00e4 yhteiskuntatieteiden laitoksen ja Turun yliopiston sis\u00e4ll\u00e4 ja sen ulkopuolella. Verkostossa j\u00e4rjestet\u00e4\u00e4n tutkimushankkeiden esittelyj\u00e4 sek\u00e4 teoreettisia ja metodologisia keskusteluja. Seminaareihin ovat tervetulleita\u00a0opiskelijat, tutkijat ja opettajat.<\/p>\n<\/div>\n<div><\/div>\n<\/div>\n","protected":false},"excerpt":{"rendered":"<p>KULTVA on kulttuurista ja vuorovaikutuksesta kiinnostuneiden yhteiskuntatieteilij\u00f6iden tutkimusverkosto. KULTVA perustettiin vuonna 2014 koordinoimaan ja kehitt\u00e4m\u00e4\u00e4n tutkimusyhteisty\u00f6t\u00e4 yhteiskuntatieteiden laitoksen ja Turun yliopiston sis\u00e4ll\u00e4 ja sen ulkopuolella. Verkostossa j\u00e4rjestet\u00e4\u00e4n tutkimushankkeiden esittelyj\u00e4 sek\u00e4 teoreettisia ja metodologisia keskusteluja. Seminaareihin ovat tervetulleita\u00a0opiskelijat, tutkijat ja opettajat.<\/p>\n","protected":false},"author":2568,"featured_media":0,"parent":0,"menu_order":0,"comment_status":"closed","ping_status":"closed","template":"","meta":{"footnotes":""},"class_list":["post-426","page","type-page","status-publish","hentry"],"_links":{"self":[{"href":"https:\/\/blogit.utu.fi\/kultva\/wp-json\/wp\/v2\/pages\/426","targetHints":{"allow":["GET"]}}],"collection":[{"href":"https:\/\/blogit.utu.fi\/kultva\/wp-json\/wp\/v2\/pages"}],"about":[{"href":"https:\/\/blogit.utu.fi\/kultva\/wp-json\/wp\/v2\/types\/page"}],"author":[{"embeddable":true,"href":"https:\/\/blogit.utu.fi\/kultva\/wp-json\/wp\/v2\/users\/2568"}],"replies":[{"embeddable":true,"href":"https:\/\/blogit.utu.fi\/kultva\/wp-json\/wp\/v2\/comments?post=426"}],"version-history":[{"count":8,"href":"https:\/\/blogit.utu.fi\/kultva\/wp-json\/wp\/v2\/pages\/426\/revisions"}],"predecessor-version":[{"id":2683,"href":"https:\/\/blogit.utu.fi\/kultva\/wp-json\/wp\/v2\/pages\/426\/revisions\/2683"}],"wp:attachment":[{"href":"https:\/\/blogit.utu.fi\/kultva\/wp-json\/wp\/v2\/media?parent=426"}],"curies":[{"name":"wp","href":"https:\/\/api.w.org\/{rel}","templated":true}]}}